{"id":81724,"date":"2023-05-23T21:51:47","date_gmt":"2023-05-23T20:51:47","guid":{"rendered":"https:\/\/shop4trac.com\/?post_type=product&#038;p=81724"},"modified":"2026-01-17T18:34:07","modified_gmt":"2026-01-17T17:34:07","slug":"confort-general-de-reglage-des-coussins-dassise","status":"publish","type":"product","link":"https:\/\/shop4trac.com\/fr\/autres-pieces\/siege-micro-tracteur\/confort-general-de-reglage-des-coussins-dassise\/","title":{"rendered":"Si\u00e8ge g\u00e9n\u00e9ral | r\u00e9glage du rail | confort | tondeuse de si\u00e8ge"},"content":{"rendered":"<div>Ce si\u00e8ge convient \u00e0 diverses machines, tondeuses autoport\u00e9es, tondeuses \u00e0 gazon et tracteurs. Gr\u00e2ce \u00e0 ses rails pratiques, il est facile de l&rsquo;appliquer \u00e0 de nombreux mod\u00e8les.<\/div>\n<div><\/div>\n<div>La chaise est fabriqu\u00e9e en vinyle robuste et peut r\u00e9sister \u00e0 toutes les conditions m\u00e9t\u00e9orologiques.<\/div>\n<div><\/div>\n<div>Conception ergonomique et tr\u00e8s confortable.<\/div>\n<div><\/div>\n<div>Mini tracteurs | tondeuses | machines<\/div>\n<div><\/div>\n<ul>\n<li><strong>Kubota<\/strong><\/li>\n<li><strong>Mitsubishi<\/strong><\/li>\n<li><strong>Shibaura<\/strong><\/li>\n<li><strong>Hinomoto<\/strong><\/li>\n<li><strong>Bobcat<\/strong><\/li>\n<li><strong>Zen-noh<\/strong><\/li>\n<li><strong>Bolens<\/strong><\/li>\n<li><strong>Kioti<\/strong><\/li>\n<li><strong>Suzue<\/strong><\/li>\n<li><strong>Satoh<\/strong><\/li>\n<li><strong>Cas<\/strong><\/li>\n<li><strong>Hitachi<\/strong><\/li>\n<li><strong>etc<\/strong>.<\/li>\n<\/ul>\n<div><\/div>\n<div><\/div>\n<div><span style=\"font-size: small\">Dimensions :<\/span><\/div>\n<div><\/div>\n<ul>\n<li><span style=\"font-size: small\">Largeur 42cm<\/span><\/li>\n<li><span style=\"font-size: small\">Espace entre les rails 14,5 cm<\/span><\/li>\n<li><span style=\"font-size: small\">Largeur des rails : 3,5 cm<\/span><\/li>\n<li><span style=\"font-size: small\">Hauteur : 32 cm<\/span><\/li>\n<li><span style=\"font-size: small\">Longueur : 30 cm<\/span><\/li>\n<\/ul>\n","protected":false},"excerpt":{"rendered":"<p>Si\u00e8ge adapt\u00e9 aux mod\u00e8les Kubota, Yanmar, Iseki, Hinomoto, Mitsubishi, Satoh, Suzue,<\/p>\n","protected":false},"featured_media":81391,"comment_status":"open","ping_status":"closed","template":"","meta":[],"product_cat":[446],"product_tag":[3894],"class_list":{"0":"post-81724","1":"product","2":"type-product","3":"status-publish","4":"has-post-thumbnail","6":"product_cat-siege-micro-tracteur","7":"product_tag-snelparts-fr","8":"pa_merk-bolens-fr","9":"pa_merk-case-fr","10":"pa_merk-hinomoto-fr","11":"pa_merk-iseki-fr","12":"pa_merk-kioti-fr","13":"pa_merk-kobelco-fr","14":"pa_merk-komatsu-fr","15":"pa_merk-kubota-fr","16":"pa_merk-mitsubishi-fr","17":"pa_merk-satoh-fr","18":"pa_merk-shibaura-fr","19":"pa_merk-suzue-fr","20":"pa_merk-takeuchi-fr","21":"pa_merk-yanmar-fr","22":"pa_merk-zen-noh-fr","24":"first","25":"outofstock","26":"sale","27":"taxable","28":"shipping-taxable","29":"product-type-simple","30":"col-xs-6 col-sm-4","31":"col-md-3 col-lg-3","32":"un-4-cols"},"_links":{"self":[{"href":"https:\/\/shop4trac.com\/fr\/wp-json\/wp\/v2\/product\/81724","targetHints":{"allow":["GET"]}}],"collection":[{"href":"https:\/\/shop4trac.com\/fr\/wp-json\/wp\/v2\/product"}],"about":[{"href":"https:\/\/shop4trac.com\/fr\/wp-json\/wp\/v2\/types\/product"}],"replies":[{"embeddable":true,"href":"https:\/\/shop4trac.com\/fr\/wp-json\/wp\/v2\/comments?post=81724"}],"wp:featuredmedia":[{"embeddable":true,"href":"https:\/\/shop4trac.com\/fr\/wp-json\/wp\/v2\/media\/81391"}],"wp:attachment":[{"href":"https:\/\/shop4trac.com\/fr\/wp-json\/wp\/v2\/media?parent=81724"}],"wp:term":[{"taxonomy":"product_cat","embeddable":true,"href":"https:\/\/shop4trac.com\/fr\/wp-json\/wp\/v2\/product_cat?post=81724"},{"taxonomy":"product_tag","embeddable":true,"href":"https:\/\/shop4trac.com\/fr\/wp-json\/wp\/v2\/product_tag?post=81724"}],"curies":[{"name":"wp","href":"https:\/\/api.w.org\/{rel}","templated":true}]}}