{"id":81678,"date":"2023-05-23T16:55:25","date_gmt":"2023-05-23T15:55:25","guid":{"rendered":"https:\/\/shop4trac.com\/?post_type=product&#038;p=81678"},"modified":"2025-08-01T17:33:19","modified_gmt":"2025-08-01T15:33:19","slug":"siege-minitracteur-de-luxe-rails-suspendus-sans-accoudoirs","status":"publish","type":"product","link":"https:\/\/shop4trac.com\/fr\/autres-pieces\/siege-micro-tracteur\/siege-minitracteur-de-luxe-rails-suspendus-sans-accoudoirs\/","title":{"rendered":"Si\u00e8ge de luxe pour mini tracteur | Rails | suspendu | sans accoudoirs"},"content":{"rendered":"<div>\n<div>Ce si\u00e8ge de luxe convient \u00e0 une grande vari\u00e9t\u00e9 de mini-tracteurs. Gr\u00e2ce \u00e0 ses rails pratiques, il est facile de l&rsquo;appliquer \u00e0 de nombreux mod\u00e8les.<\/div>\n<div><\/div>\n<div>Conception ergonomique et tr\u00e8s confortable avec un support dorsal suppl\u00e9mentaire. La chaise est <span style=\"text-decoration: underline\"><br \/>\n<strong>\u00e0 ressorts<\/strong><br \/>\n<\/span> et r\u00e9duit donc les vibrations.<\/div>\n<div><\/div>\n<div>Mini tracteurs<\/div>\n<div><\/div>\n<ul>\n<li><strong>Kubota<\/strong><\/li>\n<li><strong>Mitsubishi<\/strong><\/li>\n<li><strong>Shibaura<\/strong><\/li>\n<li><strong>Hinomoto<\/strong><\/li>\n<li><strong>Bobcat<\/strong><\/li>\n<li><strong>Zen-noh<\/strong><\/li>\n<li><strong>Bolens<\/strong><\/li>\n<li><strong>Kioti<\/strong><\/li>\n<li><strong>Suzue<\/strong><\/li>\n<li><strong>Satoh<\/strong><\/li>\n<li><strong>etc<\/strong>.<\/li>\n<\/ul>\n<div><\/div>\n<div><\/div>\n<div>Dimensions :<\/div>\n<\/div>\n<div><\/div>\n<ul>\n<li><span style=\"font-size: small\">Hauteur : 59 cm<\/span><\/li>\n<li><span style=\"font-size: small\">Hauteur arri\u00e8re : 22 cm<\/span><\/li>\n<li><span style=\"font-size: small\">Largeur totale du dossier : 48 cm<\/span><\/li>\n<li><span style=\"font-size: small\">Longueur du si\u00e8ge : 35 cm<\/span><\/li>\n<li><span style=\"font-size: small\">Largeur de l&rsquo;assise : 50 cm<\/span><\/li>\n<\/ul>\n<div>\n<p>&nbsp;<\/p>\n<\/div>\n","protected":false},"excerpt":{"rendered":"<p>La chaise est <span style=\"text-decoration: underline\"><br \/>\n<strong>\u00e9lastique<\/strong><br \/>\n<\/span> et r\u00e9duit donc beaucoup les vibrations.<\/p>\n","protected":false},"featured_media":81646,"comment_status":"open","ping_status":"closed","template":"","meta":[],"product_cat":[446],"product_tag":[3894],"class_list":{"0":"post-81678","1":"product","2":"type-product","3":"status-publish","4":"has-post-thumbnail","6":"product_cat-siege-micro-tracteur","7":"product_tag-snelparts-fr","8":"pa_merk-bobcat-fr","9":"pa_merk-bolens-fr","10":"pa_merk-hinomoto-fr","11":"pa_merk-iseki-fr","12":"pa_merk-kubota-fr","13":"pa_merk-mitsubishi-fr","14":"pa_merk-noda-fr","15":"pa_merk-satoh-fr","16":"pa_merk-shibaura-fr","17":"pa_merk-suzue-fr","18":"pa_merk-yanmar-fr","19":"pa_merk-zen-noh-fr","21":"first","22":"outofstock","23":"sale","24":"taxable","25":"shipping-taxable","26":"product-type-simple","27":"col-xs-6 col-sm-4","28":"col-md-3 col-lg-3","29":"un-4-cols"},"_links":{"self":[{"href":"https:\/\/shop4trac.com\/fr\/wp-json\/wp\/v2\/product\/81678","targetHints":{"allow":["GET"]}}],"collection":[{"href":"https:\/\/shop4trac.com\/fr\/wp-json\/wp\/v2\/product"}],"about":[{"href":"https:\/\/shop4trac.com\/fr\/wp-json\/wp\/v2\/types\/product"}],"replies":[{"embeddable":true,"href":"https:\/\/shop4trac.com\/fr\/wp-json\/wp\/v2\/comments?post=81678"}],"wp:featuredmedia":[{"embeddable":true,"href":"https:\/\/shop4trac.com\/fr\/wp-json\/wp\/v2\/media\/81646"}],"wp:attachment":[{"href":"https:\/\/shop4trac.com\/fr\/wp-json\/wp\/v2\/media?parent=81678"}],"wp:term":[{"taxonomy":"product_cat","embeddable":true,"href":"https:\/\/shop4trac.com\/fr\/wp-json\/wp\/v2\/product_cat?post=81678"},{"taxonomy":"product_tag","embeddable":true,"href":"https:\/\/shop4trac.com\/fr\/wp-json\/wp\/v2\/product_tag?post=81678"}],"curies":[{"name":"wp","href":"https:\/\/api.w.org\/{rel}","templated":true}]}}