{"id":79808,"date":"2023-04-24T09:54:03","date_gmt":"2023-04-24T08:54:03","guid":{"rendered":"https:\/\/shop4trac.com\/non%20class\u00e9\/grease-multi-mos2-pour-pompe-a-graisse-cartouche-de-graisse-400gr\/"},"modified":"2026-04-02T12:47:20","modified_gmt":"2026-04-02T11:47:20","slug":"graisse-multi-mos2-pour-graisse-spray-cartouche-graisse-spray-400gr","status":"publish","type":"product","link":"https:\/\/shop4trac.com\/fr\/huile\/cartouche-de-graisse\/graisse-multi-mos2-pour-graisse-spray-cartouche-graisse-spray-400gr\/","title":{"rendered":"Graisse multi-MOS2 pour pompe \u00e0 graisse | Cartouche de graisse | Pistolet \u00e0 graisse | 400GR"},"content":{"rendered":"<p>Graisse pour cartouche de graisse en tube. Cette graisse peut \u00eatre utilis\u00e9e avec n&rsquo;importe quelle pompe \u00e0 graisse.<\/p>\n<p><strong>Contenu :<\/strong> 400 grammes<\/p>\n<p>Sp\u00e9cifications: :<\/p>\n<ul>\n<li>DIN 51502<\/li>\n<li>KPF2N-30<\/li>\n<li>NLGI 2<\/li>\n<\/ul>\n<p>Il s&rsquo;agit d&rsquo;une graisse au savon de lithium universellement applicable, bas\u00e9e sur une huile de base min\u00e9rale hautement raffin\u00e9e \u00e0 laquelle sont ajout\u00e9s des esters synth\u00e9tiques, des additifs anti-usure et anti-abrasifs EP (EP \u2013 Extr\u00eame Pression) de disulfure de molybd\u00e8ne et de graphite lubrifiant. La graisse pr\u00e9sente une r\u00e9sistance aux temp\u00e9ratures \u00e9lev\u00e9es, une capacit\u00e9 d&rsquo;\u00e9tanch\u00e9it\u00e9 et d&rsquo;excellentes propri\u00e9t\u00e9s anti-friction et anti-abrasion.<\/p>\n<p>La graisse poss\u00e8de un certain nombre de propri\u00e9t\u00e9s sp\u00e9ciales, notamment des propri\u00e9t\u00e9s anti-usure, anti-adh\u00e9rence et anti-friction am\u00e9lior\u00e9es gr\u00e2ce \u00e0 la pr\u00e9sence d&rsquo;esters synth\u00e9tiques. En outre, il conserve ses caract\u00e9ristiques de performance de -30\u00b0C \u00e0 +140\u00b0C, ce qui prolonge la dur\u00e9e de vie des roulements. La graisse adh\u00e8re parfaitement aux surfaces m\u00e9talliques et forme un film lubrifiant solide qui prolonge la dur\u00e9e de vie des unit\u00e9s lubrifi\u00e9es. En outre, il assure une lubrification efficace \u00e0 haute pression et \u00e0 haute temp\u00e9rature.<\/p>\n<p>Gr\u00e2ce aux additifs EP, la graisse r\u00e9siste aux charges extr\u00eames et \u00e9lev\u00e9es et \u00e9limine le grippage et le blocage en cas de surchauffe accidentelle. Il contient \u00e9galement des additifs sp\u00e9ciaux anti-oxydation et anti-corrosion, qui assurent une protection fiable contre la corrosion, m\u00eame en cas d&rsquo;utilisation dans des environnements humides et contamin\u00e9s. La graisse est thermiquement stable et r\u00e9sistante aux fluctuations de temp\u00e9rature. Il pr\u00e9sente une bonne stabilit\u00e9 m\u00e9canique et emp\u00eache la perte et la consommation de graisse pendant l&rsquo;utilisation.<\/p>\n<p>La graisse conserve son \u00e9lasticit\u00e9 et ses propri\u00e9t\u00e9s adh\u00e9sives pendant une longue p\u00e9riode d&rsquo;utilisation. La consistance de la graisse reste constante pendant le stockage \u00e0 long terme, avec une dur\u00e9e de conservation de 5 ans apr\u00e8s la date de production.<\/p>\n<p>Cette graisse convient \u00e0 la lubrification de divers \u00e9quipements de transport, agricoles et tout-terrain soumis \u00e0 des charges \u00e9lev\u00e9es et\/ou \u00e0 des chocs ou \u00e0 des vibrations dans des environnements poussi\u00e9reux, humides et\/ou secs : joints universels, sellettes d&rsquo;attelage avec pivots, joints CV, roulements \u00e0 glissement et \u00e0 rouleaux, ch\u00e2ssis et autres unit\u00e9s de frottement fortement charg\u00e9es des machines. Suivez les instructions du fabricant dans le manuel d&rsquo;utilisation de la machine !<\/p>\n","protected":false},"excerpt":{"rendered":"<p>Graisse pour cartouche de graisse en tube. Cette graisse peut \u00eatre utilis\u00e9e avec n&rsquo;importe quelle pompe \u00e0 graisse. Contenu : 400 grammes Sp\u00e9cifications: : DIN 51502 KPF2N-30 NLGI 2 Il s&rsquo;agit d&rsquo;une graisse au savon de lithium universellement applicable, bas\u00e9e sur une huile de base min\u00e9rale hautement raffin\u00e9e \u00e0 laquelle sont ajout\u00e9s des esters synth\u00e9tiques,&hellip;<\/p>\n","protected":false},"featured_media":79800,"comment_status":"open","ping_status":"closed","template":"","meta":[],"product_cat":[15509],"product_tag":[],"class_list":{"0":"post-79808","1":"product","2":"type-product","3":"status-publish","4":"has-post-thumbnail","6":"product_cat-cartouche-de-graisse","7":"pa_merk-bobcat-fr","8":"pa_merk-bolens-fr","9":"pa_merk-iseki-fr","10":"pa_merk-kubota-fr","11":"pa_merk-mitsubishi-fr","12":"pa_merk-satoh-fr","13":"pa_merk-shibaura-fr","14":"pa_merk-suzue-fr","15":"pa_merk-white-field-boss-fr","16":"pa_merk-yanmar-fr","18":"first","19":"instock","20":"taxable","21":"shipping-taxable","22":"purchasable","23":"product-type-simple","24":"col-xs-6 col-sm-4","25":"col-md-3 col-lg-3","26":"un-4-cols"},"_links":{"self":[{"href":"https:\/\/shop4trac.com\/fr\/wp-json\/wp\/v2\/product\/79808","targetHints":{"allow":["GET"]}}],"collection":[{"href":"https:\/\/shop4trac.com\/fr\/wp-json\/wp\/v2\/product"}],"about":[{"href":"https:\/\/shop4trac.com\/fr\/wp-json\/wp\/v2\/types\/product"}],"replies":[{"embeddable":true,"href":"https:\/\/shop4trac.com\/fr\/wp-json\/wp\/v2\/comments?post=79808"}],"wp:featuredmedia":[{"embeddable":true,"href":"https:\/\/shop4trac.com\/fr\/wp-json\/wp\/v2\/media\/79800"}],"wp:attachment":[{"href":"https:\/\/shop4trac.com\/fr\/wp-json\/wp\/v2\/media?parent=79808"}],"wp:term":[{"taxonomy":"product_cat","embeddable":true,"href":"https:\/\/shop4trac.com\/fr\/wp-json\/wp\/v2\/product_cat?post=79808"},{"taxonomy":"product_tag","embeddable":true,"href":"https:\/\/shop4trac.com\/fr\/wp-json\/wp\/v2\/product_tag?post=79808"}],"curies":[{"name":"wp","href":"https:\/\/api.w.org\/{rel}","templated":true}]}}