{"id":79438,"date":"2023-04-21T14:57:37","date_gmt":"2023-04-21T13:57:37","guid":{"rendered":"https:\/\/shop4trac.com\/?post_type=product&#038;p=79438"},"modified":"2026-01-12T16:52:13","modified_gmt":"2026-01-12T15:52:13","slug":"kit-de-revision-moteur-mitsubishi-k3f-di-mitsubishi-mt","status":"publish","type":"product","link":"https:\/\/shop4trac.com\/fr\/pieces-de-moteur\/kit-de-revision-moteur\/kit-de-revision-moteur-mitsubishi-k3f-di-mitsubishi-mt\/","title":{"rendered":"Kit de r\u00e9vision moteur Mitsubishi K3F-DI | Mitsubishi MT | Idem | Lamborghini"},"content":{"rendered":"<p>L&rsquo;ensemble de r\u00e9vision se compose de :<\/p>\n<ul>\n<li>Ensemble complet de joints pour : joint de culasse (jeu), palier de vilebrequin, joints de tige de soupape, joints d&rsquo;\u00e9chappement, joints d&rsquo;admission, joints et autres joints comme illustr\u00e9.<\/li>\n<li>3 pistons complets + segments de piston<\/li>\n<li>Kit de roulements g\u00e9n\u00e9ral comprenant : roulements de bielle, roulements principaux.<\/li>\n<li>Al\u00e9sage : 78mm<\/li>\n<\/ul>\n<p><span style=\"text-decoration: underline\"><strong>Gamme de mod\u00e8les adapt\u00e9e au Mitsubishi K3F-DI<\/strong><\/span><\/p>\n<p><strong>Mitsubishi <\/strong><\/p>\n<ul>\n<li>MT20, MT200, MT201<\/li>\n<li>MC2450 MC24 MC2400<\/li>\n<\/ul>\n<p><strong>Coupe Cadet<\/strong><\/p>\n<ul>\n<li>7193, 7194<\/li>\n<\/ul>\n<p><strong>Lamborghini<\/strong><\/p>\n<ul>\n<li>Coureur 250 Jet<\/li>\n<li>Coureur 250<\/li>\n<\/ul>\n<p><strong>Marine Marine <\/strong><\/p>\n<ul>\n<li>K3F-61WM<\/li>\n<\/ul>\n<p><strong>M\u00eame<\/strong><\/p>\n<ul>\n<li>Solaris 25 K3F-D61ST<\/li>\n<\/ul>\n<p><strong>Veuillez mentionner <span style=\"text-decoration: underline\">l&rsquo;axe de piston 23 mm<\/span> ou <span style=\"text-decoration: underline\">l&rsquo;axe de piston 27 mm<\/span> dans la remarque&nbsp;! <\/strong><\/p>\n","protected":false},"excerpt":{"rendered":"<p>L&rsquo;ensemble de r\u00e9vision se compose de : Ensemble complet de joints pour : joint de culasse (jeu), palier de vilebrequin, joints de tige de soupape, joints d&rsquo;\u00e9chappement, joints d&rsquo;admission, joints et autres joints comme illustr\u00e9. 3 pistons complets + segments de piston Kit de roulements g\u00e9n\u00e9ral comprenant : roulements de bielle, roulements principaux. Al\u00e9sage :&hellip;<\/p>\n","protected":false},"featured_media":32907,"comment_status":"open","ping_status":"closed","template":"","meta":[],"product_cat":[458],"product_tag":[2556,3894],"class_list":{"0":"post-79438","1":"product","2":"type-product","3":"status-publish","4":"has-post-thumbnail","6":"product_cat-kit-de-revision-moteur","7":"product_tag-k3c-fr","8":"product_tag-snelparts-fr","9":"pa_merk-cub-cadet-fr","10":"pa_merk-iseki-fr","11":"pa_merk-mitsubishi-fr","12":"pa_motor-k3f-fr","13":"pa_motor-k3f-di-fr","15":"first","16":"onbackorder","17":"sale","18":"taxable","19":"shipping-taxable","20":"purchasable","21":"product-type-simple","22":"col-xs-6 col-sm-4","23":"col-md-3 col-lg-3","24":"un-4-cols"},"_links":{"self":[{"href":"https:\/\/shop4trac.com\/fr\/wp-json\/wp\/v2\/product\/79438","targetHints":{"allow":["GET"]}}],"collection":[{"href":"https:\/\/shop4trac.com\/fr\/wp-json\/wp\/v2\/product"}],"about":[{"href":"https:\/\/shop4trac.com\/fr\/wp-json\/wp\/v2\/types\/product"}],"replies":[{"embeddable":true,"href":"https:\/\/shop4trac.com\/fr\/wp-json\/wp\/v2\/comments?post=79438"}],"wp:featuredmedia":[{"embeddable":true,"href":"https:\/\/shop4trac.com\/fr\/wp-json\/wp\/v2\/media\/32907"}],"wp:attachment":[{"href":"https:\/\/shop4trac.com\/fr\/wp-json\/wp\/v2\/media?parent=79438"}],"wp:term":[{"taxonomy":"product_cat","embeddable":true,"href":"https:\/\/shop4trac.com\/fr\/wp-json\/wp\/v2\/product_cat?post=79438"},{"taxonomy":"product_tag","embeddable":true,"href":"https:\/\/shop4trac.com\/fr\/wp-json\/wp\/v2\/product_tag?post=79438"}],"curies":[{"name":"wp","href":"https:\/\/api.w.org\/{rel}","templated":true}]}}