{"id":79206,"date":"2023-04-19T12:18:55","date_gmt":"2023-04-19T11:18:55","guid":{"rendered":"https:\/\/shop4trac.com\/non%20class\u00e9\/huile-moteur-15w40-iseki-kubota-yanmar-shibaura-satoh-suzu-hinomoto\/"},"modified":"2026-04-07T11:38:04","modified_gmt":"2026-04-07T10:38:04","slug":"huile-moteur-15w40-iseki-kubota-yanmar-shibaura-satoh-suzue-hinomoto","status":"publish","type":"product","link":"https:\/\/shop4trac.com\/fr\/filtres\/huile-moteur\/huile-moteur-15w40-iseki-kubota-yanmar-shibaura-satoh-suzue-hinomoto\/","title":{"rendered":"Huile moteur 15W40 Iseki | Kubota | Yanmar | Shibaura | Satoh | Suzu\u00e9 | Hinomoto |"},"content":{"rendered":"<p>Si vous recherchez un lubrifiant adapt\u00e9 \u00e0 votre mini tracteur, <strong>l&rsquo;huile 15W40<\/strong> est un excellent choix.<\/p>\n<p><span style=\"text-decoration: underline\">La plupart des moteurs 2 cylindres ont besoin d&rsquo;environ 2,5 \u00e0 3 litres.<\/span><\/p>\n<p><span style=\"text-decoration: underline\">La plupart des moteurs 3 cylindres ont besoin d&rsquo;environ 3,5 \u00e0 4 litres.<\/span><\/p>\n<p>Il convient \u00e0 diverses marques, notamment :<\/p>\n<p><strong>SAE 15W-40<\/strong><\/p>\n<p><strong>API SG\/CD<\/strong><\/p>\n<ul>\n<li>Iseki<\/li>\n<li>Kubota<\/li>\n<li>Yanmar<\/li>\n<li>Shibaura<\/li>\n<li>Satoh<\/li>\n<li>Suzue<\/li>\n<li>Hinomoto<\/li>\n<li>Mitsubishi<\/li>\n<li>Komatsu<\/li>\n<li>Hitachi<\/li>\n<li>Kobelco<\/li>\n<\/ul>\n<p>De plus, cette huile est livr\u00e9e dans une <span style=\"text-decoration: underline\"><strong>bouteille pratique de 5 litres.<\/strong><\/span><\/p>\n<p>L&rsquo;huile 15W40 a une viscosit\u00e9 adapt\u00e9e \u00e0 une utilisation dans les mini tracteurs. Il circule rapidement dans le syst\u00e8me et prot\u00e8ge les parties sensibles du moteur. De plus, cette huile peut supporter des temp\u00e9ratures \u00e9lev\u00e9es pouvant survenir lors de l&rsquo;utilisation du mini tracteur.<\/p>\n<p>Il est important d&rsquo;effectuer des vidanges d&rsquo;huile r\u00e9guli\u00e8res pour maintenir le moteur de votre mini tracteur en parfait \u00e9tat. Une huile mauvaise ou ancienne peut emp\u00eacher le moteur de fonctionner correctement et peut m\u00eame causer des dommages.<\/p>\n<p>Si vous souhaitez maintenir votre mini tracteur en bon \u00e9tat de fonctionnement, l&rsquo;huile 15W40 est un excellent choix. Cette huile peut \u00eatre utilis\u00e9e pour n&rsquo;importe quel moteur diesel, mais convient explicitement aux moteurs \u00e9quipant ces mini tracteurs.<\/p>\n<p><strong>Donn\u00e9es techniques :<\/strong><\/p>\n<ul>\n<li>API SG et CD<\/li>\n<\/ul>\n<p>&nbsp;<\/p>\n<p>&nbsp;<\/p>\n","protected":false},"excerpt":{"rendered":"<p><strong>L&rsquo;huile moteur SAE 15W-40 5 litres convient \u00e0 tout mini tracteur ou moteur diesel Iseki, Kubota, Yanmar et Mitsubishi !  <\/strong><\/p>\n","protected":false},"featured_media":148438,"comment_status":"open","ping_status":"closed","template":"","meta":[],"product_cat":[15472,26285],"product_tag":[],"class_list":{"0":"post-79206","1":"product","2":"type-product","3":"status-publish","4":"has-post-thumbnail","6":"product_cat-huile-moteur","7":"product_cat-huile-moteur-fr","8":"pa_merk-aixam-fr","9":"pa_merk-allis-chalmers-fr","10":"pa_merk-hanix-fr","11":"pa_merk-hinomoto-fr","12":"pa_merk-holder-fr","13":"pa_merk-iseki-fr","14":"pa_merk-john-deere-fr","15":"pa_merk-komatsu-fr","16":"pa_merk-kubota-fr","17":"pa_merk-kumiai-fr","18":"pa_merk-satoh-fr","19":"pa_merk-shibaura-fr","20":"pa_merk-suzue-fr","21":"pa_merk-yanmar-fr","22":"pa_merk-zen-noh-fr","24":"first","25":"instock","26":"sale","27":"featured","28":"taxable","29":"shipping-taxable","30":"purchasable","31":"product-type-simple","32":"col-xs-6 col-sm-4","33":"col-md-3 col-lg-3","34":"un-4-cols"},"_links":{"self":[{"href":"https:\/\/shop4trac.com\/fr\/wp-json\/wp\/v2\/product\/79206","targetHints":{"allow":["GET"]}}],"collection":[{"href":"https:\/\/shop4trac.com\/fr\/wp-json\/wp\/v2\/product"}],"about":[{"href":"https:\/\/shop4trac.com\/fr\/wp-json\/wp\/v2\/types\/product"}],"replies":[{"embeddable":true,"href":"https:\/\/shop4trac.com\/fr\/wp-json\/wp\/v2\/comments?post=79206"}],"wp:featuredmedia":[{"embeddable":true,"href":"https:\/\/shop4trac.com\/fr\/wp-json\/wp\/v2\/media\/148438"}],"wp:attachment":[{"href":"https:\/\/shop4trac.com\/fr\/wp-json\/wp\/v2\/media?parent=79206"}],"wp:term":[{"taxonomy":"product_cat","embeddable":true,"href":"https:\/\/shop4trac.com\/fr\/wp-json\/wp\/v2\/product_cat?post=79206"},{"taxonomy":"product_tag","embeddable":true,"href":"https:\/\/shop4trac.com\/fr\/wp-json\/wp\/v2\/product_tag?post=79206"}],"curies":[{"name":"wp","href":"https:\/\/api.w.org\/{rel}","templated":true}]}}