{"id":75427,"date":"2023-03-21T16:33:41","date_gmt":"2023-03-21T15:33:41","guid":{"rendered":"https:\/\/shop4trac.com\/?post_type=product&#038;p=75427"},"modified":"2025-09-19T14:56:10","modified_gmt":"2025-09-19T12:56:10","slug":"water-pump-yanmar-3tnv88-4tnv88-sans-tuyaux","status":"publish","type":"product","link":"https:\/\/shop4trac.com\/fr\/refroidissement-et-radiateurs\/pompes-a-eau\/water-pump-yanmar-3tnv88-4tnv88-sans-tuyaux\/","title":{"rendered":"Pompe \u00e0 eau Yanmar 3TNV88 | 4TNV88 | 3TNE84 \u2013 4TNE88"},"content":{"rendered":"<p class=\"p1\">\u2705 Pompe \u00e0 eau Yanmar  Takeuchi | Joint inclus<\/p>\n<p class=\"p1\">Pompe \u00e0 eau adapt\u00e9e \u00e0 divers moteurs Yanmar et machines Takeuchi. Disponible en 2 versions. La version 2 est \u00e9quip\u00e9e d&rsquo;un refroidissement suppl\u00e9mentaire pour la pompe \u00e0 carburant (voir images).  <\/p>\n<p class=\"p1\">? Caract\u00e9ristiques :<\/p>\n<p class=\"p1\">\u2714\ufe0f Livr\u00e9e compl\u00e8te avec joint<\/p>\n<p class=\"p1\">\u2714\ufe0f Disponible en 2 versions (avec ou sans refroidissement suppl\u00e9mentaire de la pompe \u00e0 carburant)<\/p>\n<p class=\"p1\">\u2714\ufe0f Convient aux moteurs Yanmar et aux pelles Takeuchi<\/p>\n<p class=\"p1\">\u2714\ufe0f Num\u00e9ros OEM fournis pour r\u00e9f\u00e9rence et ajustement correct<\/p>\n<p class=\"p1\">? Sp\u00e9cifications techniques :<\/p>\n<p><strong>Choix entre 2 variantes :<\/strong><\/p>\n<p class=\"p1\">\u2013 Variante : version standard<\/p>\n<p class=\"p1\">\u2013 Variante : version avec refroidissement suppl\u00e9mentaire pour la pompe \u00e0 carburant<\/p>\n<p class=\"p1\">\u2013 Joint inclus<\/p>\n<hr>\n<p class=\"p4\"><b>Moteurs Yanmar<\/b><b><\/b><\/p>\n<ul>\n<li>\n<p class=\"p1\">3TNV88, 4TNV88<\/p>\n<\/li>\n<li>\n<p class=\"p1\">4TNV84, 4TNV84-GGE<\/p>\n<\/li>\n<li>\n<p class=\"p1\">3TNE88-G1A, 3TNE88-G2A, 4TNE88-G1A, 4TNE88-G2A<\/p>\n<\/li>\n<li>\n<p class=\"p1\">3TNE88-EG1A, 3TNE88-SA, 4TNE88-SA, 3TNE88-ESA, 4TNE88-ESA<\/p>\n<\/li>\n<li>\n<p class=\"p1\">3TNE84-SA, 3TNE84-G1A, 3TNE84-G2A, 4TNE84-SA, 4TNE84-G1A, 4TNE84-G2A<\/p>\n<\/li>\n<li>\n<p class=\"p1\">3TNE84C-G1A, 4TNE84C-G1A<\/p>\n<\/li>\n<li>\n<p class=\"p1\">4TNE84-EG1A, 4TNE84-ESA, 4TNE84-G2A01, 4TNE84-G1A01, 4TNE84-SA, 4D84-2<\/p>\n<\/li>\n<li>\n<p class=\"p1\">3TNV88-BDYE2, 3TNV88-BDYE2D, 3TNV88-BDYE2T<\/p>\n<\/li>\n<li>\n<p class=\"p1\">3TNE84*, 4TNE84* (*pas tous les mod\u00e8les)<\/p>\n<\/li>\n<\/ul>\n<p class=\"p4\"><b>Yanmar<\/b><b><\/b><\/p>\n<ul>\n<li>\n<p class=\"p1\">B50<\/p>\n<\/li>\n<\/ul>\n<p class=\"p4\"><b>Takeuchi<\/b><b><\/b><\/p>\n<ul>\n<li>\n<p class=\"p1\">TB135, TB145<\/p>\n<\/li>\n<\/ul>\n<p class=\"p4\"><b>OEM pour r\u00e9f\u00e9rence<\/b><b><\/b><\/p>\n<ul>\n<li>\n<p class=\"p1\">Pompe \u00e0 eau : 129001-42002<\/p>\n<\/li>\n<li>\n<p class=\"p1\">Variante 2 (avec refroidissement suppl\u00e9mentaire de la pompe \u00e0 carburant) : 129004-42001<\/p>\n<\/li>\n<li>\n<p class=\"p1\">Joint&nbsp;: 129100-42020<\/p>\n<\/li>\n<\/ul>\n","protected":false},"excerpt":{"rendered":"<p>\u2705 Pompe \u00e0 eau Yanmar Takeuchi | Joint inclus Pompe \u00e0 eau adapt\u00e9e \u00e0 divers moteurs Yanmar et machines Takeuchi. Disponible en 2 versions. La version 2 est \u00e9quip\u00e9e d&rsquo;un refroidissement suppl\u00e9mentaire pour la pompe \u00e0 carburant (voir images). ? Caract\u00e9ristiques : \u2714\ufe0f Livr\u00e9e compl\u00e8te avec joint \u2714\ufe0f Disponible en 2 versions (avec ou sans&hellip;<\/p>\n","protected":false},"featured_media":75432,"comment_status":"open","ping_status":"open","template":"","meta":[],"product_cat":[437],"product_tag":[3894],"class_list":{"0":"post-75427","1":"product","2":"type-product","3":"status-publish","4":"has-post-thumbnail","6":"product_cat-pompes-a-eau","7":"product_tag-snelparts-fr","8":"pa_merk-takeuchi-fr","9":"pa_merk-yanmar-fr","10":"pa_motor-3tnv88-fr","11":"pa_motor-4tnv84-fr","12":"pa_motor-4tnv88-fr","14":"first","15":"instock","16":"sale","17":"taxable","18":"shipping-taxable","19":"purchasable","20":"product-type-variable","21":"col-xs-6 col-sm-4","22":"col-md-3 col-lg-3","23":"un-4-cols"},"_links":{"self":[{"href":"https:\/\/shop4trac.com\/fr\/wp-json\/wp\/v2\/product\/75427","targetHints":{"allow":["GET"]}}],"collection":[{"href":"https:\/\/shop4trac.com\/fr\/wp-json\/wp\/v2\/product"}],"about":[{"href":"https:\/\/shop4trac.com\/fr\/wp-json\/wp\/v2\/types\/product"}],"replies":[{"embeddable":true,"href":"https:\/\/shop4trac.com\/fr\/wp-json\/wp\/v2\/comments?post=75427"}],"wp:featuredmedia":[{"embeddable":true,"href":"https:\/\/shop4trac.com\/fr\/wp-json\/wp\/v2\/media\/75432"}],"wp:attachment":[{"href":"https:\/\/shop4trac.com\/fr\/wp-json\/wp\/v2\/media?parent=75427"}],"wp:term":[{"taxonomy":"product_cat","embeddable":true,"href":"https:\/\/shop4trac.com\/fr\/wp-json\/wp\/v2\/product_cat?post=75427"},{"taxonomy":"product_tag","embeddable":true,"href":"https:\/\/shop4trac.com\/fr\/wp-json\/wp\/v2\/product_tag?post=75427"}],"curies":[{"name":"wp","href":"https:\/\/api.w.org\/{rel}","templated":true}]}}