{"id":74303,"date":"2023-03-14T18:11:05","date_gmt":"2023-03-14T17:11:05","guid":{"rendered":"https:\/\/shop4trac.com\/?post_type=product&#038;p=74303"},"modified":"2026-04-09T17:45:00","modified_gmt":"2026-04-09T16:45:00","slug":"filterset-yanmar-ke-serie-ke-2-ke-3-ke-4","status":"publish","type":"product","link":"https:\/\/shop4trac.com\/fr\/filtres\/jeux-de-filtres\/filterset-yanmar-ke-serie-ke-2-ke-3-ke-4\/","title":{"rendered":"Kit de filtre Yanmar KE s\u00e9rie KE-2 | Ke-3 | KE-4"},"content":{"rendered":"<p>Kit d&rsquo;entretien pour <strong>Yanmar s\u00e9rie F<\/strong>.<\/p>\n<p>Comprenant :<\/p>\n<ul>\n<li>Filtre \u00e0 huile<\/li>\n<li>Filtre \u00e0 carburant<\/li>\n<li>Filtre \u00e0 air<\/li>\n<\/ul>\n<p>Convient aux types suivants :<\/p>\n<ul>\n<li>Yanmar KE-2. KE-3, KE-3<\/li>\n<\/ul>\n","protected":false},"excerpt":{"rendered":"<p>Kit d&rsquo;entretien pour Yanmar s\u00e9rie F. Comprenant : Filtre \u00e0 huile Filtre \u00e0 carburant Filtre \u00e0 air Convient aux types suivants : Yanmar KE-2. KE-3, KE-3<\/p>\n","protected":false},"featured_media":74307,"comment_status":"open","ping_status":"open","template":"","meta":[],"product_cat":[428],"product_tag":[3894],"class_list":{"0":"post-74303","1":"product","2":"type-product","3":"status-publish","4":"has-post-thumbnail","6":"product_cat-jeux-de-filtres","7":"product_tag-snelparts-fr","8":"pa_merk-yanmar-fr","10":"first","11":"instock","12":"taxable","13":"shipping-taxable","14":"purchasable","15":"product-type-simple","16":"col-xs-6 col-sm-4","17":"col-md-3 col-lg-3","18":"un-4-cols"},"_links":{"self":[{"href":"https:\/\/shop4trac.com\/fr\/wp-json\/wp\/v2\/product\/74303","targetHints":{"allow":["GET"]}}],"collection":[{"href":"https:\/\/shop4trac.com\/fr\/wp-json\/wp\/v2\/product"}],"about":[{"href":"https:\/\/shop4trac.com\/fr\/wp-json\/wp\/v2\/types\/product"}],"replies":[{"embeddable":true,"href":"https:\/\/shop4trac.com\/fr\/wp-json\/wp\/v2\/comments?post=74303"}],"wp:featuredmedia":[{"embeddable":true,"href":"https:\/\/shop4trac.com\/fr\/wp-json\/wp\/v2\/media\/74307"}],"wp:attachment":[{"href":"https:\/\/shop4trac.com\/fr\/wp-json\/wp\/v2\/media?parent=74303"}],"wp:term":[{"taxonomy":"product_cat","embeddable":true,"href":"https:\/\/shop4trac.com\/fr\/wp-json\/wp\/v2\/product_cat?post=74303"},{"taxonomy":"product_tag","embeddable":true,"href":"https:\/\/shop4trac.com\/fr\/wp-json\/wp\/v2\/product_tag?post=74303"}],"curies":[{"name":"wp","href":"https:\/\/api.w.org\/{rel}","templated":true}]}}