{"id":72981,"date":"2023-03-01T18:39:38","date_gmt":"2023-03-01T17:39:38","guid":{"rendered":"https:\/\/shop4trac.com\/?post_type=product&#038;p=72981"},"modified":"2026-02-06T20:12:10","modified_gmt":"2026-02-06T19:12:10","slug":"clignotant-iseki-kubota-yanmar-large-8080","status":"publish","type":"product","link":"https:\/\/shop4trac.com\/fr\/pieces-electriques\/eclairage\/clignotant-iseki-kubota-yanmar-large-8080\/","title":{"rendered":"Feu clignotant universel Iseki | Kubota | Yanmar grand 80mm*80mm"},"content":{"rendered":"<p>Feu clignotant adapt\u00e9 \u00e0 plusieurs mod\u00e8les.<\/p>\n<p><strong>Iseki<\/strong><\/p>\n<ul>\n<li>Leader du pays TA\n<ul>\n<li>Iseki TA207, Iseki TA210, Iseki TA215, Iseki TA227, Iseki TA230, Iseki TA235, Iseki TA247, Iseki TA250,<\/li>\n<li>Iseki TA255, Iseki TA262, Iseki TA267, Iseki TA270, Iseki TA287, Iseki TA295, Iseki TA317, Iseki TA320,<br \/>\n Iseki TA357<\/li>\n<\/ul>\n<\/li>\n<li>TU Landhope(lifting)\n<ul>\n<li>TU145, TU157, TU165, TU175, TU177<\/li>\n<li>TU185, TU205, TU257<\/li>\n<\/ul>\n<\/li>\n<\/ul>\n<p><strong>Yanmar<\/strong><\/p>\n<ul>\n<li>EF352T, EF393T, EF494T, EF453T<\/li>\n<\/ul>\n<p><strong>Grand<\/strong>:<\/p>\n<ul>\n<li>80mmx80mm<\/li>\n<\/ul>\n","protected":false},"excerpt":{"rendered":"<p>Feu clignotant adapt\u00e9 \u00e0 plusieurs mod\u00e8les. Iseki Leader du pays TA Iseki TA207, Iseki TA210, Iseki TA215, Iseki TA227, Iseki TA230, Iseki TA235, Iseki TA247, Iseki TA250, Iseki TA255, Iseki TA262, Iseki TA267, Iseki TA270, Iseki TA287, Iseki TA295, Iseki TA317, Iseki TA320, Iseki TA357 TU Landhope(lifting) TU145, TU157, TU165, TU175, TU177 TU185, TU205, TU257&hellip;<\/p>\n","protected":false},"featured_media":73439,"comment_status":"open","ping_status":"closed","template":"","meta":[],"product_cat":[425],"product_tag":[3894],"class_list":{"0":"post-72981","1":"product","2":"type-product","3":"status-publish","4":"has-post-thumbnail","6":"product_cat-eclairage","7":"product_tag-snelparts-fr","8":"pa_merk-hinomoto-fr","9":"pa_merk-iseki-fr","10":"pa_merk-kubota-fr","11":"pa_merk-mitsubishi-fr","12":"pa_merk-satoh-fr","13":"pa_merk-shibaura-fr","14":"pa_merk-yanmar-fr","16":"first","17":"instock","18":"taxable","19":"shipping-taxable","20":"purchasable","21":"product-type-simple","22":"col-xs-6 col-sm-4","23":"col-md-3 col-lg-3","24":"un-4-cols"},"_links":{"self":[{"href":"https:\/\/shop4trac.com\/fr\/wp-json\/wp\/v2\/product\/72981","targetHints":{"allow":["GET"]}}],"collection":[{"href":"https:\/\/shop4trac.com\/fr\/wp-json\/wp\/v2\/product"}],"about":[{"href":"https:\/\/shop4trac.com\/fr\/wp-json\/wp\/v2\/types\/product"}],"replies":[{"embeddable":true,"href":"https:\/\/shop4trac.com\/fr\/wp-json\/wp\/v2\/comments?post=72981"}],"wp:featuredmedia":[{"embeddable":true,"href":"https:\/\/shop4trac.com\/fr\/wp-json\/wp\/v2\/media\/73439"}],"wp:attachment":[{"href":"https:\/\/shop4trac.com\/fr\/wp-json\/wp\/v2\/media?parent=72981"}],"wp:term":[{"taxonomy":"product_cat","embeddable":true,"href":"https:\/\/shop4trac.com\/fr\/wp-json\/wp\/v2\/product_cat?post=72981"},{"taxonomy":"product_tag","embeddable":true,"href":"https:\/\/shop4trac.com\/fr\/wp-json\/wp\/v2\/product_tag?post=72981"}],"curies":[{"name":"wp","href":"https:\/\/api.w.org\/{rel}","templated":true}]}}