{"id":72828,"date":"2023-02-28T18:12:22","date_gmt":"2023-02-28T17:12:22","guid":{"rendered":"https:\/\/shop4trac.com\/?post_type=product&#038;p=72828"},"modified":"2026-02-02T14:10:40","modified_gmt":"2026-02-02T13:10:40","slug":"radiateurslang-kubota-b5000-b5001-boven","status":"publish","type":"product","link":"https:\/\/shop4trac.com\/fr\/refroidissement-et-radiateurs\/tuyau-de-radiateur\/radiateurslang-kubota-b5000-b5001-boven\/","title":{"rendered":"Durite de radiateur Kubota B5000 \u2013 B5001 ci-dessus"},"content":{"rendered":"<p>Durite de radiateur sup\u00e9rieure adapt\u00e9e \u00e0&nbsp;:<\/p>\n<p><strong>Kubota<\/strong><\/p>\n<ul>\n<li>B4200<\/li>\n<li>B5000, B5001, B5100<\/li>\n<li>B10<\/li>\n<\/ul>\n<p><strong>Zen-noh<\/strong><\/p>\n<ul>\n<li>ZB5000, ZB5001, ZB5001<\/li>\n<\/ul>\n<p><strong>OEM pour r\u00e9f\u00e9rence<\/strong><\/p>\n<ul>\n<li>15261-72941,15261-72940<\/li>\n<\/ul>\n","protected":false},"excerpt":{"rendered":"<p>Durite de radiateur sup\u00e9rieure adapt\u00e9e \u00e0&nbsp;: Kubota B4200 B5000, B5001, B5100 B10 Zen-noh ZB5000, ZB5001, ZB5001 OEM pour r\u00e9f\u00e9rence 15261-72941,15261-72940<\/p>\n","protected":false},"featured_media":73963,"comment_status":"open","ping_status":"closed","template":"","meta":[],"product_cat":[434],"product_tag":[],"class_list":{"0":"post-72828","1":"product","2":"type-product","3":"status-publish","4":"has-post-thumbnail","6":"product_cat-tuyau-de-radiateur","7":"pa_merk-kubota-fr","8":"pa_motor-z500-fr","10":"first","11":"instock","12":"taxable","13":"shipping-taxable","14":"purchasable","15":"product-type-simple","16":"col-xs-6 col-sm-4","17":"col-md-3 col-lg-3","18":"un-4-cols"},"_links":{"self":[{"href":"https:\/\/shop4trac.com\/fr\/wp-json\/wp\/v2\/product\/72828","targetHints":{"allow":["GET"]}}],"collection":[{"href":"https:\/\/shop4trac.com\/fr\/wp-json\/wp\/v2\/product"}],"about":[{"href":"https:\/\/shop4trac.com\/fr\/wp-json\/wp\/v2\/types\/product"}],"replies":[{"embeddable":true,"href":"https:\/\/shop4trac.com\/fr\/wp-json\/wp\/v2\/comments?post=72828"}],"wp:featuredmedia":[{"embeddable":true,"href":"https:\/\/shop4trac.com\/fr\/wp-json\/wp\/v2\/media\/73963"}],"wp:attachment":[{"href":"https:\/\/shop4trac.com\/fr\/wp-json\/wp\/v2\/media?parent=72828"}],"wp:term":[{"taxonomy":"product_cat","embeddable":true,"href":"https:\/\/shop4trac.com\/fr\/wp-json\/wp\/v2\/product_cat?post=72828"},{"taxonomy":"product_tag","embeddable":true,"href":"https:\/\/shop4trac.com\/fr\/wp-json\/wp\/v2\/product_tag?post=72828"}],"curies":[{"name":"wp","href":"https:\/\/api.w.org\/{rel}","templated":true}]}}