{"id":68167,"date":"2023-01-10T09:25:17","date_gmt":"2023-01-10T08:25:17","guid":{"rendered":"https:\/\/shop4trac.com\/?post_type=product&#038;p=68167"},"modified":"2026-03-22T16:58:32","modified_gmt":"2026-03-22T15:58:32","slug":"filterset-iseki-sg13-sg173","status":"publish","type":"product","link":"https:\/\/shop4trac.com\/fr\/filtres\/jeux-de-filtres\/filterset-iseki-sg13-sg173\/","title":{"rendered":"Kit de filtre Iseki SG13 \u2013 SG173"},"content":{"rendered":"<p>Kit de filtre compos\u00e9 de :<\/p>\n<ul>\n<li>Filtre \u00e0 huile<\/li>\n<li>Filtre \u00e0 carburant<\/li>\n<li>Filtre \u00e0 air<\/li>\n<\/ul>\n<p>Convient aux mod\u00e8les suivants :<\/p>\n<ul>\n<li>SG13, SG15, SG17<\/li>\n<li>SG153, SG173<\/li>\n<\/ul>\n","protected":false},"excerpt":{"rendered":"<p>Kit de filtre compos\u00e9 de : Filtre \u00e0 huile Filtre \u00e0 carburant Filtre \u00e0 air Convient aux mod\u00e8les suivants : SG13, SG15, SG17 SG153, SG173<\/p>\n","protected":false},"featured_media":87926,"comment_status":"open","ping_status":"closed","template":"","meta":[],"product_cat":[428],"product_tag":[3894],"class_list":{"0":"post-68167","1":"product","2":"type-product","3":"status-publish","4":"has-post-thumbnail","6":"product_cat-jeux-de-filtres","7":"product_tag-snelparts-fr","8":"pa_merk-iseki-fr","9":"pa_merk-massey-ferguson-fr","11":"first","12":"instock","13":"sale","14":"taxable","15":"shipping-taxable","16":"purchasable","17":"product-type-simple","18":"col-xs-6 col-sm-4","19":"col-md-3 col-lg-3","20":"un-4-cols"},"_links":{"self":[{"href":"https:\/\/shop4trac.com\/fr\/wp-json\/wp\/v2\/product\/68167","targetHints":{"allow":["GET"]}}],"collection":[{"href":"https:\/\/shop4trac.com\/fr\/wp-json\/wp\/v2\/product"}],"about":[{"href":"https:\/\/shop4trac.com\/fr\/wp-json\/wp\/v2\/types\/product"}],"replies":[{"embeddable":true,"href":"https:\/\/shop4trac.com\/fr\/wp-json\/wp\/v2\/comments?post=68167"}],"wp:featuredmedia":[{"embeddable":true,"href":"https:\/\/shop4trac.com\/fr\/wp-json\/wp\/v2\/media\/87926"}],"wp:attachment":[{"href":"https:\/\/shop4trac.com\/fr\/wp-json\/wp\/v2\/media?parent=68167"}],"wp:term":[{"taxonomy":"product_cat","embeddable":true,"href":"https:\/\/shop4trac.com\/fr\/wp-json\/wp\/v2\/product_cat?post=68167"},{"taxonomy":"product_tag","embeddable":true,"href":"https:\/\/shop4trac.com\/fr\/wp-json\/wp\/v2\/product_tag?post=68167"}],"curies":[{"name":"wp","href":"https:\/\/api.w.org\/{rel}","templated":true}]}}