{"id":63926,"date":"2020-02-29T16:47:57","date_gmt":"2020-02-29T15:47:57","guid":{"rendered":"https:\/\/shop4trac.com\/non%20class\u00e9\/roulement-nsk-6002vv\/"},"modified":"2025-08-01T18:30:03","modified_gmt":"2025-08-01T16:30:03","slug":"roulement-nsk-6002vv","status":"publish","type":"product","link":"https:\/\/shop4trac.com\/fr\/autres-pieces\/roulements\/roulement-nsk-6002vv\/","title":{"rendered":"Roulement NSK 6002VV"},"content":{"rendered":"<div class=\"manufacturer_name\">Type : NSK-RHP<\/div>\n<div class=\"extra_fields\">\n<div><span class=\"label-name\">Diam\u00e8tre int\u00e9rieur :<\/span> <span class=\"data\">15<\/span><\/div>\n<div><span class=\"label-name\">Diam\u00e8tre ext\u00e9rieur :<\/span> <span class=\"data\">32<\/span><\/div>\n<div><span class=\"label-name\">Largeur :<\/span> <span class=\"data\">9<\/span><\/div>\n<\/div>\n<div class=\"qty_in_stock\">Nombre disponible : 166<\/div>\n<div class=\"description\">NSK 6002VV Roulement \u00e0 billes \u00e0 gorge profonde<\/div>\n","protected":false},"excerpt":{"rendered":"<p>Type : NSK-RHP Diam\u00e8tre int\u00e9rieur : 15 Diam\u00e8tre ext\u00e9rieur : 32 Largeur : 9 Nombre disponible : 166 NSK 6002VV Roulement \u00e0 billes \u00e0 gorge profonde<\/p>\n","protected":false},"featured_media":12024,"comment_status":"open","ping_status":"open","template":"","meta":[],"product_cat":[445],"product_tag":[3894],"class_list":{"0":"post-63926","1":"product","2":"type-product","3":"status-publish","4":"has-post-thumbnail","6":"product_cat-roulements","7":"product_tag-snelparts-fr","9":"first","10":"outofstock","11":"taxable","12":"shipping-taxable","13":"purchasable","14":"product-type-simple","15":"col-xs-6 col-sm-4","16":"col-md-3 col-lg-3","17":"un-4-cols"},"_links":{"self":[{"href":"https:\/\/shop4trac.com\/fr\/wp-json\/wp\/v2\/product\/63926","targetHints":{"allow":["GET"]}}],"collection":[{"href":"https:\/\/shop4trac.com\/fr\/wp-json\/wp\/v2\/product"}],"about":[{"href":"https:\/\/shop4trac.com\/fr\/wp-json\/wp\/v2\/types\/product"}],"replies":[{"embeddable":true,"href":"https:\/\/shop4trac.com\/fr\/wp-json\/wp\/v2\/comments?post=63926"}],"wp:featuredmedia":[{"embeddable":true,"href":"https:\/\/shop4trac.com\/fr\/wp-json\/wp\/v2\/media\/12024"}],"wp:attachment":[{"href":"https:\/\/shop4trac.com\/fr\/wp-json\/wp\/v2\/media?parent=63926"}],"wp:term":[{"taxonomy":"product_cat","embeddable":true,"href":"https:\/\/shop4trac.com\/fr\/wp-json\/wp\/v2\/product_cat?post=63926"},{"taxonomy":"product_tag","embeddable":true,"href":"https:\/\/shop4trac.com\/fr\/wp-json\/wp\/v2\/product_tag?post=63926"}],"curies":[{"name":"wp","href":"https:\/\/api.w.org\/{rel}","templated":true}]}}