{"id":63389,"date":"2022-11-26T15:27:52","date_gmt":"2022-11-26T14:27:52","guid":{"rendered":"https:\/\/shop4trac.com\/?post_type=product&#038;p=63389"},"modified":"2025-08-01T17:45:47","modified_gmt":"2025-08-01T15:45:47","slug":"urentellerkabel-kubota-l2202-l2601-l3001","status":"publish","type":"product","link":"https:\/\/shop4trac.com\/fr\/autres-pieces\/cable-compteur-horaire\/urentellerkabel-kubota-l2202-l2601-l3001\/","title":{"rendered":"C\u00e2ble de compteur horaire Kubota L2202 \u2013 L2601 \u2013 L3001"},"content":{"rendered":"<p>C\u00e2ble de compteur horaire adapt\u00e9 pour :<\/p>\n<p><strong>Kubota<\/strong> :<\/p>\n<div class=\"short-description value\">\n<ul>\n<li>L2201. L2601, L3001<\/li>\n<\/ul>\n<\/div>\n<p><strong>Longueur<\/strong><\/p>\n<ul>\n<li>105 cm<\/li>\n<\/ul>\n<p><strong>OEM pour r\u00e9f\u00e9rence&nbsp;:<\/strong><\/p>\n<ul>\n<li>35260-34650, 35260-34651<\/li>\n<\/ul>\n","protected":false},"excerpt":{"rendered":"<p>C\u00e2ble de compteur horaire adapt\u00e9 pour : Kubota : L2201. L2601, L3001 Longueur 105 cm OEM pour r\u00e9f\u00e9rence&nbsp;: 35260-34650, 35260-34651<\/p>\n","protected":false},"featured_media":66288,"comment_status":"open","ping_status":"open","template":"","meta":[],"product_cat":[5993],"product_tag":[3894],"class_list":{"0":"post-63389","1":"product","2":"type-product","3":"status-publish","4":"has-post-thumbnail","6":"product_cat-cable-compteur-horaire","7":"product_tag-snelparts-fr","8":"pa_merk-kubota-fr","9":"pa_merk-zen-noh-fr","11":"first","12":"instock","13":"taxable","14":"shipping-taxable","15":"purchasable","16":"product-type-simple","17":"col-xs-6 col-sm-4","18":"col-md-3 col-lg-3","19":"un-4-cols"},"_links":{"self":[{"href":"https:\/\/shop4trac.com\/fr\/wp-json\/wp\/v2\/product\/63389","targetHints":{"allow":["GET"]}}],"collection":[{"href":"https:\/\/shop4trac.com\/fr\/wp-json\/wp\/v2\/product"}],"about":[{"href":"https:\/\/shop4trac.com\/fr\/wp-json\/wp\/v2\/types\/product"}],"replies":[{"embeddable":true,"href":"https:\/\/shop4trac.com\/fr\/wp-json\/wp\/v2\/comments?post=63389"}],"wp:featuredmedia":[{"embeddable":true,"href":"https:\/\/shop4trac.com\/fr\/wp-json\/wp\/v2\/media\/66288"}],"wp:attachment":[{"href":"https:\/\/shop4trac.com\/fr\/wp-json\/wp\/v2\/media?parent=63389"}],"wp:term":[{"taxonomy":"product_cat","embeddable":true,"href":"https:\/\/shop4trac.com\/fr\/wp-json\/wp\/v2\/product_cat?post=63389"},{"taxonomy":"product_tag","embeddable":true,"href":"https:\/\/shop4trac.com\/fr\/wp-json\/wp\/v2\/product_tag?post=63389"}],"curies":[{"name":"wp","href":"https:\/\/api.w.org\/{rel}","templated":true}]}}