{"id":63376,"date":"2022-11-26T15:04:24","date_gmt":"2022-11-26T14:04:24","guid":{"rendered":"https:\/\/shop4trac.com\/?post_type=product&#038;p=63376"},"modified":"2026-01-08T18:33:53","modified_gmt":"2026-01-08T17:33:53","slug":"cable-compteur-dheures-kubota-l1-sunshine-zen-noh","status":"publish","type":"product","link":"https:\/\/shop4trac.com\/fr\/autres-pieces\/cable-compteur-horaire\/cable-compteur-dheures-kubota-l1-sunshine-zen-noh\/","title":{"rendered":"C\u00e2ble de compteur horaire Kubota L1 Sunshine | Zen-noh"},"content":{"rendered":"<p>C\u00e2ble de compteur horaire adapt\u00e9 pour :<\/p>\n<p><strong>Kubota<\/strong> :<\/p>\n<div class=\"short-description value\">\n<ul>\n<li>L185, L1501, L1801, L01, L2000, L2201<\/li>\n<\/ul>\n<p><strong>Zen-noh<\/strong><\/p>\n<ul>\n<li>ZL1500, ZL1501<\/li>\n<\/ul>\n<\/div>\n<p><strong>Longueur<\/strong><\/p>\n<ul>\n<li>95 \u2013 98 cm<\/li>\n<\/ul>\n<p><strong>OEM pour r\u00e9f\u00e9rence&nbsp;:<\/strong><\/p>\n<ul>\n<li>35170-34650, 37150-34650<\/li>\n<\/ul>\n","protected":false},"excerpt":{"rendered":"<p>C\u00e2ble de compteur horaire adapt\u00e9 pour : Kubota : L185, L1501, L1801, L01, L2000, L2201 Zen-noh ZL1500, ZL1501 Longueur 95 \u2013 98 cm OEM pour r\u00e9f\u00e9rence&nbsp;: 35170-34650, 37150-34650<\/p>\n","protected":false},"featured_media":66294,"comment_status":"open","ping_status":"closed","template":"","meta":[],"product_cat":[5993],"product_tag":[3894],"class_list":{"0":"post-63376","1":"product","2":"type-product","3":"status-publish","4":"has-post-thumbnail","6":"product_cat-cable-compteur-horaire","7":"product_tag-snelparts-fr","8":"pa_merk-kubota-fr","9":"pa_merk-zen-noh-fr","11":"first","12":"instock","13":"taxable","14":"shipping-taxable","15":"purchasable","16":"product-type-simple","17":"col-xs-6 col-sm-4","18":"col-md-3 col-lg-3","19":"un-4-cols"},"_links":{"self":[{"href":"https:\/\/shop4trac.com\/fr\/wp-json\/wp\/v2\/product\/63376","targetHints":{"allow":["GET"]}}],"collection":[{"href":"https:\/\/shop4trac.com\/fr\/wp-json\/wp\/v2\/product"}],"about":[{"href":"https:\/\/shop4trac.com\/fr\/wp-json\/wp\/v2\/types\/product"}],"replies":[{"embeddable":true,"href":"https:\/\/shop4trac.com\/fr\/wp-json\/wp\/v2\/comments?post=63376"}],"wp:featuredmedia":[{"embeddable":true,"href":"https:\/\/shop4trac.com\/fr\/wp-json\/wp\/v2\/media\/66294"}],"wp:attachment":[{"href":"https:\/\/shop4trac.com\/fr\/wp-json\/wp\/v2\/media?parent=63376"}],"wp:term":[{"taxonomy":"product_cat","embeddable":true,"href":"https:\/\/shop4trac.com\/fr\/wp-json\/wp\/v2\/product_cat?post=63376"},{"taxonomy":"product_tag","embeddable":true,"href":"https:\/\/shop4trac.com\/fr\/wp-json\/wp\/v2\/product_tag?post=63376"}],"curies":[{"name":"wp","href":"https:\/\/api.w.org\/{rel}","templated":true}]}}