{"id":63161,"date":"2022-11-23T16:53:58","date_gmt":"2022-11-23T14:53:58","guid":{"rendered":"https:\/\/shop4trac.com\/non%20class\u00e9\/joint-de-culasse-yanmar-3tnv70\/"},"modified":"2026-03-11T21:05:04","modified_gmt":"2026-03-11T20:05:04","slug":"joint-de-culasse-yanmar-3tnv70","status":"publish","type":"product","link":"https:\/\/shop4trac.com\/fr\/pieces-de-moteur\/joint-de-culasse\/joint-de-culasse-yanmar-3tnv70\/","title":{"rendered":"Joint de culasse Yanmar 3TNV70"},"content":{"rendered":"<p>Joint de culasse adapt\u00e9 pour :<\/p>\n<p><strong>Yanmar  <\/strong><\/p>\n<ul>\n<li>SV15, SV17, SV18<\/li>\n<\/ul>\n<p><b>Goldoni<\/b><\/p>\n<ul>\n<li>Boxster 20<\/li>\n<\/ul>\n<p><strong>Takeushi<\/strong><\/p>\n<ul>\n<li>TB219<\/li>\n<\/ul>\n<p><b>Hitachi  <\/b><\/p>\n<ul>\n<li>ZX 17-U5A, ZX19-U5A<\/li>\n<\/ul>\n<p><strong>Moteur<\/strong><\/p>\n<ul>\n<li>3TNV70<\/li>\n<\/ul>\n<p><strong>OEM pour r\u00e9f\u00e9rence&nbsp;:<\/strong><\/p>\n<ul>\n<li>YM119515 01331<\/li>\n<\/ul>\n","protected":false},"excerpt":{"rendered":"<p>Joint de culasse adapt\u00e9 pour : Yanmar SV15, SV17, SV18 Goldoni Boxster 20 Takeushi TB219 Hitachi ZX 17-U5A, ZX19-U5A Moteur 3TNV70 OEM pour r\u00e9f\u00e9rence&nbsp;: YM119515 01331<\/p>\n","protected":false},"featured_media":63154,"comment_status":"open","ping_status":"closed","template":"","meta":[],"product_cat":[457],"product_tag":[3894],"class_list":{"0":"post-63161","1":"product","2":"type-product","3":"status-publish","4":"has-post-thumbnail","6":"product_cat-joint-de-culasse","7":"product_tag-snelparts-fr","8":"pa_motor-3tnv70-fr","10":"first","11":"instock","12":"taxable","13":"shipping-taxable","14":"purchasable","15":"product-type-simple","16":"col-xs-6 col-sm-4","17":"col-md-3 col-lg-3","18":"un-4-cols"},"_links":{"self":[{"href":"https:\/\/shop4trac.com\/fr\/wp-json\/wp\/v2\/product\/63161","targetHints":{"allow":["GET"]}}],"collection":[{"href":"https:\/\/shop4trac.com\/fr\/wp-json\/wp\/v2\/product"}],"about":[{"href":"https:\/\/shop4trac.com\/fr\/wp-json\/wp\/v2\/types\/product"}],"replies":[{"embeddable":true,"href":"https:\/\/shop4trac.com\/fr\/wp-json\/wp\/v2\/comments?post=63161"}],"wp:featuredmedia":[{"embeddable":true,"href":"https:\/\/shop4trac.com\/fr\/wp-json\/wp\/v2\/media\/63154"}],"wp:attachment":[{"href":"https:\/\/shop4trac.com\/fr\/wp-json\/wp\/v2\/media?parent=63161"}],"wp:term":[{"taxonomy":"product_cat","embeddable":true,"href":"https:\/\/shop4trac.com\/fr\/wp-json\/wp\/v2\/product_cat?post=63161"},{"taxonomy":"product_tag","embeddable":true,"href":"https:\/\/shop4trac.com\/fr\/wp-json\/wp\/v2\/product_tag?post=63161"}],"curies":[{"name":"wp","href":"https:\/\/api.w.org\/{rel}","templated":true}]}}