{"id":63092,"date":"2022-11-23T13:44:31","date_gmt":"2022-11-23T12:44:31","guid":{"rendered":"https:\/\/shop4trac.com\/?post_type=product&#038;p=63092"},"modified":"2026-03-18T15:33:54","modified_gmt":"2026-03-18T14:33:54","slug":"thermostaat-yanmar-3tne68-3tna72-3tne74-3tnv72","status":"publish","type":"product","link":"https:\/\/shop4trac.com\/fr\/refroidissement-et-radiateurs\/thermostat-fr\/thermostaat-yanmar-3tne68-3tna72-3tne74-3tnv72\/","title":{"rendered":"Thermostat Yanmar 3TNE68 | 3TNA72 | 3TNE74 | 3TNV72"},"content":{"rendered":"<p>Thermostat adapt\u00e9 aux types suivants&nbsp;:<\/p>\n<p><strong>Yanmar<\/strong><\/p>\n<p><strong>Moteur<\/strong><\/p>\n<ul>\n<li>3TNE68<\/li>\n<li>3TNA72, 3TNA72L, 3TNA72E<\/li>\n<li>3TNE74, 3TNE74-YC<\/li>\n<li>3TNV72<\/li>\n<\/ul>\n<p><strong>Temp\u00e9rature<\/strong> <strong>d&rsquo;ouverture<\/strong> : 82\u00b0C \/ 180\u00b0F<\/p>\n<p><strong>Diam\u00e8tre ext\u00e9rieur :<\/strong> 44 mm<\/p>\n<p><strong>Hauteur : <\/strong>43mm<\/p>\n<p><strong>OEM pour r\u00e9f\u00e9rence<\/strong><\/p>\n<ul>\n<li>129350-49800, 12935049800<\/li>\n<li>119717-49800 \u2013 ce num\u00e9ro correspond \u00e0 71 degr\u00e9s !<\/li>\n<\/ul>\n<p>&nbsp;<\/p>\n","protected":false},"excerpt":{"rendered":"<p>Thermostat adapt\u00e9 aux types suivants&nbsp;: Yanmar Moteur 3TNE68 3TNA72, 3TNA72L, 3TNA72E 3TNE74, 3TNE74-YC 3TNV72 Temp\u00e9rature d&rsquo;ouverture : 82\u00b0C \/ 180\u00b0F Diam\u00e8tre ext\u00e9rieur : 44 mm Hauteur : 43mm OEM pour r\u00e9f\u00e9rence 129350-49800, 12935049800 119717-49800 \u2013 ce num\u00e9ro correspond \u00e0 71 degr\u00e9s ! &nbsp;<\/p>\n","protected":false},"featured_media":186851,"comment_status":"open","ping_status":"closed","template":"","meta":[],"product_cat":[435],"product_tag":[3894],"class_list":{"0":"post-63092","1":"product","2":"type-product","3":"status-publish","4":"has-post-thumbnail","6":"product_cat-thermostat-fr","7":"product_tag-snelparts-fr","8":"pa_merk-john-deere-fr","9":"pa_merk-yanmar-fr","10":"pa_motor-3tna72-fr","11":"pa_motor-3tne68-fr","12":"pa_motor-3tne74-fr","13":"pa_motor-3tnv72-fr","15":"first","16":"instock","17":"sale","18":"taxable","19":"shipping-taxable","20":"purchasable","21":"product-type-simple","22":"col-xs-6 col-sm-4","23":"col-md-3 col-lg-3","24":"un-4-cols"},"_links":{"self":[{"href":"https:\/\/shop4trac.com\/fr\/wp-json\/wp\/v2\/product\/63092","targetHints":{"allow":["GET"]}}],"collection":[{"href":"https:\/\/shop4trac.com\/fr\/wp-json\/wp\/v2\/product"}],"about":[{"href":"https:\/\/shop4trac.com\/fr\/wp-json\/wp\/v2\/types\/product"}],"replies":[{"embeddable":true,"href":"https:\/\/shop4trac.com\/fr\/wp-json\/wp\/v2\/comments?post=63092"}],"wp:featuredmedia":[{"embeddable":true,"href":"https:\/\/shop4trac.com\/fr\/wp-json\/wp\/v2\/media\/186851"}],"wp:attachment":[{"href":"https:\/\/shop4trac.com\/fr\/wp-json\/wp\/v2\/media?parent=63092"}],"wp:term":[{"taxonomy":"product_cat","embeddable":true,"href":"https:\/\/shop4trac.com\/fr\/wp-json\/wp\/v2\/product_cat?post=63092"},{"taxonomy":"product_tag","embeddable":true,"href":"https:\/\/shop4trac.com\/fr\/wp-json\/wp\/v2\/product_tag?post=63092"}],"curies":[{"name":"wp","href":"https:\/\/api.w.org\/{rel}","templated":true}]}}