{"id":62849,"date":"2022-11-20T16:35:32","date_gmt":"2022-11-20T15:35:32","guid":{"rendered":"https:\/\/shop4trac.com\/non%20class\u00e9\/joint-de-collecteur-dechappement-kubota-v1505-v1305-v1205\/"},"modified":"2025-08-01T17:47:09","modified_gmt":"2025-08-01T15:47:09","slug":"joint-de-collecteur-dechappement-kubota-v1505-v1305-v1205","status":"publish","type":"product","link":"https:\/\/shop4trac.com\/fr\/pieces-de-moteur\/joints-detancheite\/joint-de-collecteur-dechappement-kubota-v1505-v1305-v1205\/","title":{"rendered":"Joint de collecteur d&rsquo;\u00e9chappement Kubota V1505 | V1305 | V1205"},"content":{"rendered":"<p>Joint de collecteur d&rsquo;\u00e9chappement convenant pour :<\/p>\n<p><strong>Kubota<\/strong><\/p>\n<ul>\n<li>V1505T, V1505, V1305, V1205<\/li>\n<\/ul>\n<p><strong>OEM \u00e0 la r\u00e9f\u00e9rence :<\/strong><\/p>\n<ul>\n<li>37560-1236-0<\/li>\n<\/ul>\n","protected":false},"excerpt":{"rendered":"<p>Joint de collecteur d&rsquo;\u00e9chappement convenant pour : Kubota V1505T, V1505, V1305, V1205 OEM \u00e0 la r\u00e9f\u00e9rence : 37560-1236-0<\/p>\n","protected":false},"featured_media":165768,"comment_status":"open","ping_status":"open","template":"","meta":[],"product_cat":[8102],"product_tag":[3894],"class_list":{"0":"post-62849","1":"product","2":"type-product","3":"status-publish","4":"has-post-thumbnail","6":"product_cat-joints-detancheite","7":"product_tag-snelparts-fr","8":"pa_merk-kubota-fr","9":"pa_motor-v1505-fr","11":"first","12":"instock","13":"sale","14":"taxable","15":"shipping-taxable","16":"purchasable","17":"product-type-simple","18":"col-xs-6 col-sm-4","19":"col-md-3 col-lg-3","20":"un-4-cols"},"_links":{"self":[{"href":"https:\/\/shop4trac.com\/fr\/wp-json\/wp\/v2\/product\/62849","targetHints":{"allow":["GET"]}}],"collection":[{"href":"https:\/\/shop4trac.com\/fr\/wp-json\/wp\/v2\/product"}],"about":[{"href":"https:\/\/shop4trac.com\/fr\/wp-json\/wp\/v2\/types\/product"}],"replies":[{"embeddable":true,"href":"https:\/\/shop4trac.com\/fr\/wp-json\/wp\/v2\/comments?post=62849"}],"wp:featuredmedia":[{"embeddable":true,"href":"https:\/\/shop4trac.com\/fr\/wp-json\/wp\/v2\/media\/165768"}],"wp:attachment":[{"href":"https:\/\/shop4trac.com\/fr\/wp-json\/wp\/v2\/media?parent=62849"}],"wp:term":[{"taxonomy":"product_cat","embeddable":true,"href":"https:\/\/shop4trac.com\/fr\/wp-json\/wp\/v2\/product_cat?post=62849"},{"taxonomy":"product_tag","embeddable":true,"href":"https:\/\/shop4trac.com\/fr\/wp-json\/wp\/v2\/product_tag?post=62849"}],"curies":[{"name":"wp","href":"https:\/\/api.w.org\/{rel}","templated":true}]}}