{"id":61586,"date":"2022-10-31T15:27:33","date_gmt":"2022-10-31T14:27:33","guid":{"rendered":"https:\/\/shop4trac.com\/?post_type=product&#038;p=61586"},"modified":"2026-04-08T19:53:54","modified_gmt":"2026-04-08T18:53:54","slug":"brandstoffilter-kubota-b2320-b7800-l2800-l3400-rtv","status":"publish","type":"product","link":"https:\/\/shop4trac.com\/fr\/filtres\/filtres-a-carburant\/brandstoffilter-kubota-b2320-b7800-l2800-l3400-rtv\/","title":{"rendered":"Filtre \u00e0 carburant Kubota B2320-B7800 | L2800-L3400 | RTV"},"content":{"rendered":"<p>Filtre \u00e0 carburant | Bo\u00eetier de filtre \u00e0 carburant | Bol de filtre \u00e0 carburant complet adapt\u00e9 pour :<\/p>\n<p><strong>Kubota<\/strong><\/p>\n<ul>\n<li>L2800DT\/HST, L2800F, L3200, L3400DT\/HST, L3400F<\/li>\n<li>LX2610HSD<\/li>\n<li>M5640SU<\/li>\n<li>RTV-X1100CR, RTV-X1100CW, RTV-X1120DR, RTV-X1120DW, RTV-X1140R, RTV-X1140W, RTV-X900G, RTV-X900R, RTV-X900W, RTV900G, RTV900G6, RTV900R6, RTV900T, RTV900T6, RTV900W, RTV900W6, RTV900W6SE<\/li>\n<li>B1220, B1410, B1610, B1620, B1710, B1820, B1830, B2110, B2230, B2410, B2420, B2530, B2710, B3030, B7510<\/li>\n<li>GB13, GB14, GB15, GB110, GB130, GB135, GB140, GB145, GB150, GB155, GB160, GB170, GB180, GB200<\/li>\n<li>KB16, KB18, KB20, KB165, KB185, KB205, KB225, KJ11<\/li>\n<li>L2800, L3200, L3400, L3800<\/li>\n<li>B72, B92<\/li>\n<li>B1121D-EC, B1220, B1410D, B1610, B1620, B1710D, B1820, B1830D, B2210DHST, B2230D, B2231HDB, B2231HDB-C, B2350, B2410D, B2410HSD, B2410HSDB, B2410HSE, B2420, B2530HSD, B2620HSD, B2630HSD, B2650HST<\/li>\n<li>B2710HSD, B2910HSD, B3030HSD, B3150, L1361, L1361HST, L2800DHV, L2800DHW, L2800DT, L2800F, L3200, L3200DW, L3400DT, L3400F, L3400HST<\/li>\n<li>RTV900G-H, RTV900G-K, RTV900G-T, RTV900R, RTV900R-ASD, RTV900S-ASD, RTV900T, RTV900T-TSD, RTV900W, RTV900W-HSD, RTV900X<\/li>\n<\/ul>\n<p><strong>Moteur Kubota<\/strong><\/p>\n<ul>\n<li>D722,<\/li>\n<li>Z402, Z482<\/li>\n<li>D1005, D1105, D1305<\/li>\n<li>D1403<\/li>\n<li>V1505<\/li>\n<li>V2403-T<\/li>\n<\/ul>\n<p><strong>Filtre \u00e0 carburant adapt\u00e9 pour Iseki :<\/strong><\/p>\n<ul>\n<li>TM 3185, TM3187, TM 3215, TM 3245, TM 3265 FH, TM 3267, TM 3267 H<\/li>\n<\/ul>\n<div class=\"flex-1 overflow-hidden\">\n<div class=\"react-scroll-to-bottom--css-lisov-79elbk h-full\">\n<div class=\"react-scroll-to-bottom--css-lisov-1n7m0yu\">\n<div class=\"flex flex-col text-sm pb-9\">\n<div class=\"w-full text-token-text-primary\" data-testid=\"conversation-turn-17\">\n<div class=\"px-4 py-2 justify-center text-base md:gap-6 m-auto\">\n<div class=\"flex flex-1 text-base mx-auto gap-3 md:px-5 lg:px-1 xl:px-5 md:max-w-3xl lg:max-w-[40rem] xl:max-w-[48rem] group final-completion\">\n<div class=\"relative flex w-full flex-col agent-turn\">\n<div class=\"flex-col gap-1 md:gap-3\">\n<div class=\"flex flex-grow flex-col max-w-full\">\n<div class=\"min-h-[20px] text-message flex flex-col items-start gap-3 whitespace-pre-wrap break-words [.text-message+&amp;]:mt-5 overflow-x-auto\" data-message-author-role=\"assistant\" data-message-id=\"df9b3468-b965-4537-b7b4-c6c42c1d71a3\">\n<div class=\"markdown prose w-full break-words dark:prose-invert light\">\n<p> <strong>AIXAM<\/strong><\/p>\n<ul>\n<li>A7210.4D, A7410.4D, A7510.5D, CITYS80.4D, CITYS80.5D, CITYS80.5HDI, COUPES80.4D, COUPES80.5D, COUPES80.5HDI<\/li>\n<li>CROSSLINES80.4D, CROSSLINES80.5D, CROSSOVERS80.4D, CROSSOVERS80.6D, D-TRUCKCAMIONNETTE0.4D<\/li>\n<li>D-TRUCKPICK-UP0.4D, D-TRUCKPICK-UP0.4D, D-TRUCKPICK-UP0.6D, D-TRUCKPLATEFORME0.4D, GTO0.4D, MEGA0.5D, MEGA0.5D, S9, SCOUTY0.4D<\/li>\n<\/ul>\n<p>&nbsp;<\/p>\n<p><strong>HUSQVARNA<\/strong><\/p>\n<ul>\n<li style=\"list-style-type: none\">\n<ul>\n<li>P525D<\/li>\n<\/ul>\n<\/li>\n<\/ul>\n<p><strong>LAMBORGHINI<\/strong><\/p>\n<ul>\n<li style=\"list-style-type: none\">\n<ul>\n<li>G23H, G27H, G30H, G35H<\/li>\n<\/ul>\n<\/li>\n<\/ul>\n<p><strong>LS<\/strong><\/p>\n<ul>\n<li style=\"list-style-type: none\">\n<ul>\n<li>J2020H, J2023H, J2030H, J21, J23\/HST, J27\/HST<\/li>\n<\/ul>\n<\/li>\n<\/ul>\n<p><strong>MAHINDRA<\/strong><\/p>\n<ul>\n<li style=\"list-style-type: none\">\n<ul>\n<li>1626, 2415, 2415HST, 3016HST<\/li>\n<\/ul>\n<\/li>\n<\/ul>\n<p><strong>NEW HOLLAND<\/strong><\/p>\n<ul>\n<li style=\"list-style-type: none\">\n<ul>\n<li>20BOOMER, 25BOOMER, 30BOOMER, 35BOOMER<\/li>\n<\/ul>\n<\/li>\n<\/ul>\n<p><strong>SHIBAURA<\/strong><\/p>\n<ul>\n<li style=\"list-style-type: none\">\n<ul>\n<li>E673L<\/li>\n<\/ul>\n<\/li>\n<\/ul>\n<p><strong>TYM<\/strong><\/p>\n<ul>\n<li>T353, T353<\/li>\n<\/ul>\n<\/div>\n<\/div>\n<\/div>\n<\/div>\n<\/div>\n<\/div>\n<\/div>\n<\/div>\n<\/div>\n<\/div>\n<\/div>\n<\/div>\n<div class=\"w-full pt-2 md:pt-0 dark:border-white\/20 md:border-transparent md:dark:border-transparent md:w-[calc(100%-.5rem)]\">\n<div class=\"relative flex h-full flex-1 flex-col\">\n<div class=\"flex w-full items-center\"><\/div>\n<\/div>\n<\/div>\n<p><strong>Moteur Mitsubishi<\/strong><\/p>\n<ul>\n<li>S3L, S3L2, S4L, S4L2<\/li>\n<\/ul>\n<p><strong>Num\u00e9ros d&rsquo;origine (OEM) pour r\u00e9f\u00e9rence :<\/strong><\/p>\n<ul>\n<li>MITSUBISHI 31A62-00317 \/ 31A6200317<\/li>\n<li>KUBOTA 6A320-59930 \/ 6A32059930<\/li>\n<li>AIXAM K6A32059930<\/li>\n<li>ISEKI 1774-105-2030 \/ 17741052030<\/li>\n<li>ISEKI 1774-105-203-00 \/ 177410520300<\/li>\n<li>LS TRACTOR 40223960<\/li>\n<li>6A320-58862, 6A32058862<\/li>\n<li>6A320-59912, 6A320-58860, 6A320-5993<\/li>\n<\/ul>\n","protected":false},"excerpt":{"rendered":"<p>Filtre \u00e0 carburant | Bo\u00eetier de filtre \u00e0 carburant | Bol de filtre \u00e0 carburant complet adapt\u00e9 pour : Kubota L2800DT\/HST, L2800F, L3200, L3400DT\/HST, L3400F LX2610HSD M5640SU RTV-X1100CR, RTV-X1100CW, RTV-X1120DR, RTV-X1120DW, RTV-X1140R, RTV-X1140W, RTV-X900G, RTV-X900R, RTV-X900W, RTV900G, RTV900G6, RTV900R6, RTV900T, RTV900T6, RTV900W, RTV900W6, RTV900W6SE B1220, B1410, B1610, B1620, B1710, B1820, B1830, B2110, B2230, B2410, B2420,&hellip;<\/p>\n","protected":false},"featured_media":67648,"comment_status":"open","ping_status":"closed","template":"","meta":[],"product_cat":[427],"product_tag":[3894],"class_list":{"0":"post-61586","1":"product","2":"type-product","3":"status-publish","4":"has-post-thumbnail","6":"product_cat-filtres-a-carburant","7":"product_tag-snelparts-fr","8":"pa_motor-d1005-fr","9":"pa_motor-d1105-fr","10":"pa_motor-d1305-fr","11":"pa_motor-d1403-fr","12":"pa_motor-v1505-fr","13":"pa_motor-v2403-fr","15":"first","16":"instock","17":"taxable","18":"shipping-taxable","19":"purchasable","20":"product-type-simple","21":"col-xs-6 col-sm-4","22":"col-md-3 col-lg-3","23":"un-4-cols"},"_links":{"self":[{"href":"https:\/\/shop4trac.com\/fr\/wp-json\/wp\/v2\/product\/61586","targetHints":{"allow":["GET"]}}],"collection":[{"href":"https:\/\/shop4trac.com\/fr\/wp-json\/wp\/v2\/product"}],"about":[{"href":"https:\/\/shop4trac.com\/fr\/wp-json\/wp\/v2\/types\/product"}],"replies":[{"embeddable":true,"href":"https:\/\/shop4trac.com\/fr\/wp-json\/wp\/v2\/comments?post=61586"}],"wp:featuredmedia":[{"embeddable":true,"href":"https:\/\/shop4trac.com\/fr\/wp-json\/wp\/v2\/media\/67648"}],"wp:attachment":[{"href":"https:\/\/shop4trac.com\/fr\/wp-json\/wp\/v2\/media?parent=61586"}],"wp:term":[{"taxonomy":"product_cat","embeddable":true,"href":"https:\/\/shop4trac.com\/fr\/wp-json\/wp\/v2\/product_cat?post=61586"},{"taxonomy":"product_tag","embeddable":true,"href":"https:\/\/shop4trac.com\/fr\/wp-json\/wp\/v2\/product_tag?post=61586"}],"curies":[{"name":"wp","href":"https:\/\/api.w.org\/{rel}","templated":true}]}}