{"id":61368,"date":"2022-10-28T11:36:08","date_gmt":"2022-10-28T10:36:08","guid":{"rendered":"https:\/\/shop4trac.com\/?post_type=product&#038;p=61368"},"modified":"2025-08-01T17:49:48","modified_gmt":"2025-08-01T15:49:48","slug":"relais-incandescent-yanmar-tnm-tnv","status":"publish","type":"product","link":"https:\/\/shop4trac.com\/fr\/pieces-electriques\/relais-de-prechauffage\/relais-incandescent-yanmar-tnm-tnv\/","title":{"rendered":"Relais de pr\u00e9chauffage Yanmar TNM, TNV"},"content":{"rendered":"<p>Le temps d&rsquo;incandescence de l&rsquo;unit\u00e9 de contr\u00f4le convient pour :<\/p>\n<p><strong>John Deere<\/strong><\/p>\n<ul>\n<li>17D, 27D, 35D, 50D, 17G 26G<\/li>\n<\/ul>\n<p><strong>Moteur Yanmar<\/strong><\/p>\n<ul>\n<li>2TNV70<\/li>\n<li>3TNV70, 3TNV74, 3TNV76, 3TNV80, 3TNV82, 3TNV84, 3TNV88<\/li>\n<li>3TNM72<\/li>\n<li>4TNV88, 4TNV94, 4TNV106<\/li>\n<\/ul>\n<p><strong>Voltage<\/strong>: 12V<\/p>\n<p><strong>OEM pour r\u00e9f\u00e9rence :<\/strong><\/p>\n<ul>\n<li>119802-77200, 11980277200<\/li>\n<\/ul>\n","protected":false},"excerpt":{"rendered":"<p>Le temps d&rsquo;incandescence de l&rsquo;unit\u00e9 de contr\u00f4le convient pour : John Deere 17D, 27D, 35D, 50D, 17G 26G Moteur Yanmar 2TNV70 3TNV70, 3TNV74, 3TNV76, 3TNV80, 3TNV82, 3TNV84, 3TNV88 3TNM72 4TNV88, 4TNV94, 4TNV106 Voltage: 12V OEM pour r\u00e9f\u00e9rence : 119802-77200, 11980277200<\/p>\n","protected":false},"featured_media":64968,"comment_status":"open","ping_status":"closed","template":"","meta":[],"product_cat":[423],"product_tag":[3894],"class_list":{"0":"post-61368","1":"product","2":"type-product","3":"status-publish","4":"has-post-thumbnail","6":"product_cat-relais-de-prechauffage","7":"product_tag-snelparts-fr","8":"pa_merk-john-deere-fr","9":"pa_merk-yanmar-fr","10":"pa_motor-3tnm72-fr","11":"pa_motor-3tnv70-fr","12":"pa_motor-3tnv74-fr","13":"pa_motor-3tnv76-fr","14":"pa_motor-3tnv82-fr","15":"pa_motor-3tnv84-fr","16":"pa_motor-3tnv88-fr","17":"pa_motor-4tnv88-fr","18":"pa_motor-4tnv94-fr","20":"first","21":"instock","22":"taxable","23":"shipping-taxable","24":"purchasable","25":"product-type-simple","26":"col-xs-6 col-sm-4","27":"col-md-3 col-lg-3","28":"un-4-cols"},"_links":{"self":[{"href":"https:\/\/shop4trac.com\/fr\/wp-json\/wp\/v2\/product\/61368","targetHints":{"allow":["GET"]}}],"collection":[{"href":"https:\/\/shop4trac.com\/fr\/wp-json\/wp\/v2\/product"}],"about":[{"href":"https:\/\/shop4trac.com\/fr\/wp-json\/wp\/v2\/types\/product"}],"replies":[{"embeddable":true,"href":"https:\/\/shop4trac.com\/fr\/wp-json\/wp\/v2\/comments?post=61368"}],"wp:featuredmedia":[{"embeddable":true,"href":"https:\/\/shop4trac.com\/fr\/wp-json\/wp\/v2\/media\/64968"}],"wp:attachment":[{"href":"https:\/\/shop4trac.com\/fr\/wp-json\/wp\/v2\/media?parent=61368"}],"wp:term":[{"taxonomy":"product_cat","embeddable":true,"href":"https:\/\/shop4trac.com\/fr\/wp-json\/wp\/v2\/product_cat?post=61368"},{"taxonomy":"product_tag","embeddable":true,"href":"https:\/\/shop4trac.com\/fr\/wp-json\/wp\/v2\/product_tag?post=61368"}],"curies":[{"name":"wp","href":"https:\/\/api.w.org\/{rel}","templated":true}]}}