{"id":61122,"date":"2022-10-26T12:40:39","date_gmt":"2022-10-26T11:40:39","guid":{"rendered":"https:\/\/shop4trac.com\/?post_type=product&#038;p=61122"},"modified":"2026-01-21T15:34:46","modified_gmt":"2026-01-21T14:34:46","slug":"exhaust-yanmar-3tnv88-4tnv88","status":"publish","type":"product","link":"https:\/\/shop4trac.com\/fr\/pieces-de-moteur\/soupapes\/exhaust-yanmar-3tnv88-4tnv88\/","title":{"rendered":"Soupape d&rsquo;\u00e9chappement Yanmar 3TNE84 \u2013 4TNV88 | 3D84E \u2013 4D88E | Hitachi | Case | Takeuchi"},"content":{"rendered":"<p data-path-to-node=\"4\">Soupape d&rsquo;\u00e9chappement haute qualit\u00e9 (Exhaust Valve) adapt\u00e9e \u00e0 la r\u00e9vision des moteurs diesel Yanmar des s\u00e9ries 84 et 88. Ces moteurs sont tr\u00e8s utilis\u00e9s dans les mini-pelles de Yanmar, Komatsu et Takeuchi, entre autres. <\/p>\n<p data-path-to-node=\"5\"><b data-path-to-node=\"5\" data-index-in-node=\"0\">Sp\u00e9cifications :<\/b><\/p>\n<ul data-path-to-node=\"6\">\n<li>\n<p data-path-to-node=\"6,0,0\"><b data-path-to-node=\"6,0,0\" data-index-in-node=\"0\">Diam\u00e8tre de la t\u00eate :<\/b> 30,0 mm<\/p>\n<\/li>\n<li>\n<p data-path-to-node=\"6,1,0\"><b data-path-to-node=\"6,1,0\" data-index-in-node=\"0\">Diam\u00e8tre de la tige :<\/b> 8,0 mm<\/p>\n<\/li>\n<li>\n<p data-path-to-node=\"6,2,0\"><b data-path-to-node=\"6,2,0\" data-index-in-node=\"0\">Longueur :<\/b> 109,0 mm<\/p>\n<\/li>\n<li>\n<p data-path-to-node=\"6,3,0\"><b data-path-to-node=\"6,3,0\" data-index-in-node=\"0\">Angle :<\/b> 45 degr\u00e9s<\/p>\n<\/li>\n<\/ul>\n<p data-path-to-node=\"7\"><b data-path-to-node=\"7\" data-index-in-node=\"0\">R\u00e9f\u00e9rence OEM :<\/b><\/p>\n<ul data-path-to-node=\"8\">\n<li>\n<p data-path-to-node=\"8,0,0\">129100-11130<\/p>\n<\/li>\n<\/ul>\n<p data-path-to-node=\"9\"><b data-path-to-node=\"9\" data-index-in-node=\"0\">Applications&nbsp;:<\/b><\/p>\n<p data-path-to-node=\"10\"><b data-path-to-node=\"10\" data-index-in-node=\"0\">Moteurs<\/b><\/p>\n<p data-path-to-node=\"11\"><b data-path-to-node=\"11\" data-index-in-node=\"0\">Yanmar<\/b><\/p>\n<ul data-path-to-node=\"12\">\n<li>\n<p data-path-to-node=\"12,0,0\">3TNE84, 3TNE88, 3TNV84, 3TNV88, 4TNE84, 4TNE84T, 4TNE88, 4TNV84, 4TNV84T, 4TNV88<\/p>\n<\/li>\n<\/ul>\n<p data-path-to-node=\"13\"><b data-path-to-node=\"13\" data-index-in-node=\"0\">Komatsu<\/b><\/p>\n<ul data-path-to-node=\"14\">\n<li>\n<p data-path-to-node=\"14,0,0\">3D84E, 3D88E, 4D84E, 4D88E<\/p>\n<\/li>\n<\/ul>\n<p data-path-to-node=\"17\"><b data-path-to-node=\"17\" data-index-in-node=\"0\">Case<\/b><\/p>\n<ul data-path-to-node=\"18\">\n<li>\n<p data-path-to-node=\"18,0,0\">CX47, CX50B<\/p>\n<\/li>\n<\/ul>\n<p data-path-to-node=\"19\"><b data-path-to-node=\"19\" data-index-in-node=\"0\">Gehl<\/b><\/p>\n<ul data-path-to-node=\"20\">\n<li>\n<p data-path-to-node=\"20,0,0\">3635, 3935, 5640, KL178, KL405<\/p>\n<\/li>\n<\/ul>\n<p data-path-to-node=\"21\"><b data-path-to-node=\"21\" data-index-in-node=\"0\">Hitachi<\/b><\/p>\n<ul data-path-to-node=\"22\">\n<li>\n<p data-path-to-node=\"22,0,0\">ZX40U-2, ZX40U-3, ZX50U-2, ZX50U-3, ZX55U, ZX48U<\/p>\n<\/li>\n<\/ul>\n<p data-path-to-node=\"23\"><b data-path-to-node=\"23\" data-index-in-node=\"0\">Hyundai<\/b><\/p>\n<ul data-path-to-node=\"24\">\n<li>\n<p data-path-to-node=\"24,0,0\">R55-5, R55-7, R60CR-9<\/p>\n<\/li>\n<\/ul>\n<p data-path-to-node=\"25\"><b data-path-to-node=\"25\" data-index-in-node=\"0\">Kobelco<\/b><\/p>\n<ul data-path-to-node=\"26\">\n<li>\n<p data-path-to-node=\"26,0,0\">SK40SR, SK45SR, SK50UR<\/p>\n<\/li>\n<\/ul>\n<p data-path-to-node=\"27\"><b data-path-to-node=\"27\" data-index-in-node=\"0\">Komatsu<\/b><\/p>\n<ul data-path-to-node=\"28\">\n<li>\n<p data-path-to-node=\"28,0,0\">PC30MR-2, PC30MR-3, PC35MR-2, PC35MR-3, PC40MR-2, PC45MR-3, PC50MR-2, PC50UU-2, PC55MR-3<\/p>\n<\/li>\n<li>\n<p data-path-to-node=\"28,1,0\">WA30-5, WA40-3, WA50-3<\/p>\n<\/li>\n<\/ul>\n<p data-path-to-node=\"29\"><b data-path-to-node=\"29\" data-index-in-node=\"0\">Mustang<\/b><\/p>\n<ul data-path-to-node=\"30\">\n<li>\n<p data-path-to-node=\"30,0,0\">2040, 2044, 2050, 2054, 940, 2060<\/p>\n<\/li>\n<\/ul>\n<p data-path-to-node=\"31\"><b data-path-to-node=\"31\" data-index-in-node=\"0\">New Holland<\/b><\/p>\n<ul data-path-to-node=\"32\">\n<li>\n<p data-path-to-node=\"32,0,0\">E35.2, E40.2, E50.2<\/p>\n<\/li>\n<\/ul>\n<p data-path-to-node=\"33\"><b data-path-to-node=\"33\" data-index-in-node=\"0\">Takeuchi<\/b><\/p>\n<ul data-path-to-node=\"34\">\n<li>\n<p data-path-to-node=\"34,0,0\">TB135, TB145, TB235, TB250<\/p>\n<\/li>\n<\/ul>\n<p data-path-to-node=\"35\"><b data-path-to-node=\"35\" data-index-in-node=\"0\">Yanmar<\/b><\/p>\n<ul data-path-to-node=\"36\">\n<li>\n<p data-path-to-node=\"36,0,0\">B37, B50, B6-3<\/p>\n<\/li>\n<li>\n<p data-path-to-node=\"36,1,0\">ViO40, ViO45, ViO50, ViO55<\/p>\n<\/li>\n<\/ul>\n<p data-path-to-node=\"39\"><b data-path-to-node=\"39\" data-index-in-node=\"0\">John Deere<\/b><\/p>\n<ul data-path-to-node=\"40\">\n<li>\n<p data-path-to-node=\"40,0,0\">3015, 3215, 3235, 4300, 4310, 4400, 4410, 4500, 4510, 4600, 4610, 4700, 4710<\/p>\n<\/li>\n<\/ul>\n<p data-path-to-node=\"41\"><b data-path-to-node=\"41\" data-index-in-node=\"0\">Landini<\/b><\/p>\n<ul data-path-to-node=\"42\">\n<li>\n<p data-path-to-node=\"42,0,0\">Mistral 38, Mistral 40, Mistral 45, Mistral 50<\/p>\n<\/li>\n<\/ul>\n<p data-path-to-node=\"43\"><b data-path-to-node=\"43\" data-index-in-node=\"0\">McCormick<\/b><\/p>\n<ul data-path-to-node=\"44\">\n<li>\n<p data-path-to-node=\"44,0,0\">GM38, GM40, GM45, GM50<\/p>\n<\/li>\n<\/ul>\n","protected":false},"excerpt":{"rendered":"<p>Soupape d&rsquo;\u00e9chappement haute qualit\u00e9 (Exhaust Valve) adapt\u00e9e \u00e0 la r\u00e9vision des moteurs diesel Yanmar des s\u00e9ries 84 et 88. Ces moteurs sont tr\u00e8s utilis\u00e9s dans les mini-pelles de Yanmar, Komatsu et Takeuchi, entre autres. Sp\u00e9cifications : Diam\u00e8tre de la t\u00eate : 30,0 mm Diam\u00e8tre de la tige : 8,0 mm Longueur : 109,0 mm Angle&hellip;<\/p>\n","protected":false},"featured_media":46885,"comment_status":"open","ping_status":"closed","template":"","meta":[],"product_cat":[3646],"product_tag":[3894],"class_list":{"0":"post-61122","1":"product","2":"type-product","3":"status-publish","4":"has-post-thumbnail","6":"product_cat-soupapes","7":"product_tag-snelparts-fr","8":"pa_merk-hyundai-fr","9":"pa_merk-john-deere-fr","10":"pa_merk-kobelco-fr","11":"pa_merk-komatsu-fr","12":"pa_merk-new-holland-fr","13":"pa_merk-takeuchi-fr","14":"pa_merk-yanmar-fr","15":"pa_motor-3tne84-fr","16":"pa_motor-3tne88-fr","17":"pa_motor-4tne84-fr","18":"pa_motor-4tne88-fr","20":"first","21":"instock","22":"sale","23":"taxable","24":"shipping-taxable","25":"purchasable","26":"product-type-simple","27":"col-xs-6 col-sm-4","28":"col-md-3 col-lg-3","29":"un-4-cols"},"_links":{"self":[{"href":"https:\/\/shop4trac.com\/fr\/wp-json\/wp\/v2\/product\/61122","targetHints":{"allow":["GET"]}}],"collection":[{"href":"https:\/\/shop4trac.com\/fr\/wp-json\/wp\/v2\/product"}],"about":[{"href":"https:\/\/shop4trac.com\/fr\/wp-json\/wp\/v2\/types\/product"}],"replies":[{"embeddable":true,"href":"https:\/\/shop4trac.com\/fr\/wp-json\/wp\/v2\/comments?post=61122"}],"wp:featuredmedia":[{"embeddable":true,"href":"https:\/\/shop4trac.com\/fr\/wp-json\/wp\/v2\/media\/46885"}],"wp:attachment":[{"href":"https:\/\/shop4trac.com\/fr\/wp-json\/wp\/v2\/media?parent=61122"}],"wp:term":[{"taxonomy":"product_cat","embeddable":true,"href":"https:\/\/shop4trac.com\/fr\/wp-json\/wp\/v2\/product_cat?post=61122"},{"taxonomy":"product_tag","embeddable":true,"href":"https:\/\/shop4trac.com\/fr\/wp-json\/wp\/v2\/product_tag?post=61122"}],"curies":[{"name":"wp","href":"https:\/\/api.w.org\/{rel}","templated":true}]}}