{"id":60111,"date":"2022-10-04T11:36:14","date_gmt":"2022-10-04T10:36:14","guid":{"rendered":"https:\/\/shop4trac.com\/?post_type=product&#038;p=60111"},"modified":"2026-03-17T10:33:33","modified_gmt":"2026-03-17T09:33:33","slug":"verstuiver-compleet-kubota-motor-d1105-v1505","status":"publish","type":"product","link":"https:\/\/shop4trac.com\/fr\/pieces-de-moteur\/atomiseur\/verstuiver-compleet-kubota-motor-d1105-v1505\/","title":{"rendered":"Injecteur de carburant complet Moteur Kubota D1105T | D1305T | V1305T | V1505T | Avant | Bobcat | Giant"},"content":{"rendered":"<p data-path-to-node=\"5\"><strong>E<\/strong><b data-path-to-node=\"5\" data-index-in-node=\"3\">xclusivit\u00e9 de notre propre ligne de production :<\/b> une <b data-path-to-node=\"5\" data-index-in-node=\"46\">combinaison d&rsquo;injecteur de carburant compl\u00e8te (Turbo Spec)<\/b>, enti\u00e8rement assembl\u00e9e et r\u00e9gl\u00e9e \u00e0 la pression d&rsquo;ouverture correcte. Cet injecteur \u00ab Snelparts \u00bb est directement pr\u00eat pour le montage. <\/p>\n<p data-path-to-node=\"6\">Cette version est sp\u00e9cifiquement calibr\u00e9e pour les <b data-path-to-node=\"6\" data-index-in-node=\"50\">moteurs Kubota Turbo<\/b> (reconnaissables au <b data-path-to-node=\"6\" data-index-in-node=\"92\">-T<\/b> derri\u00e8re le code moteur, comme V1505-T).<\/p>\n<p data-path-to-node=\"7\"><b data-path-to-node=\"7\" data-index-in-node=\"0\">Conseil bas\u00e9 sur l&rsquo;exp\u00e9rience :<\/b> les moteurs Turbo sont plus sensibles \u00e0 une pulv\u00e9risation correcte en raison des temp\u00e9ratures plus \u00e9lev\u00e9es. Remplacez toujours ces injecteurs de carburant par jeu pour \u00e9viter les \u00ab points chauds \u00bb sur les pistons. Commandez \u00e9galement directement de nouvelles plaques d&rsquo;\u00e9tanch\u00e9it\u00e9 !  <\/p>\n<p data-path-to-node=\"8\"><b data-path-to-node=\"8\" data-index-in-node=\"0\">sp\u00e9cifications techniques<\/b><\/p>\n<ul data-path-to-node=\"9\">\n<li>\n<p data-path-to-node=\"9,0,0\"><b data-path-to-node=\"9,0,0\" data-index-in-node=\"0\">Type :<\/b> Porte-injecteur de carburant complet + buse (DN4PD92)<\/p>\n<\/li>\n<li>\n<p data-path-to-node=\"9,1,0\"><b data-path-to-node=\"9,1,0\" data-index-in-node=\"0\">Application :<\/b> Uniquement pour les moteurs <b data-path-to-node=\"9,1,0\" data-index-in-node=\"24\">TURBO<\/b> (s\u00e9rie 05)<\/p>\n<\/li>\n<li>\n<p data-path-to-node=\"9,2,0\"><b data-path-to-node=\"9,2,0\" data-index-in-node=\"0\">Code moteur :<\/b> D1105-T, D1305-T, V1305-T, V1505-T<\/p>\n<\/li>\n<li>\n<p data-path-to-node=\"9,3,0\"><b data-path-to-node=\"9,3,0\" data-index-in-node=\"0\">R\u00e9glage :<\/b> env. 150 bars (pression plus \u00e9lev\u00e9e que la pression standard !)<\/p>\n<\/li>\n<\/ul>\n<div>\n<p><strong>Livr\u00e9 avec un kit d\u2019\u00e9tanch\u00e9it\u00e9 complet pour un montage imm\u00e9diat !<\/strong> Nous livrons cet injecteur avec tous les joints en cuivre n\u00e9cessaires. Tu peux ainsi commencer imm\u00e9diatement, en toute s\u00e9curit\u00e9 et sans fuite. Le kit inclus comprend :  <\/p>\n<\/div>\n<ul>\n<li>Un nouveau <strong>pare-feu<\/strong> (joint pare-flamme) contre la chaleur extr\u00eame et la calamine.<\/li>\n<li>Un <strong>joint d\u2019injecteur<\/strong> en cuivre pour un maintien de compression \u00e0 100 %.<\/li>\n<li>Un <strong>joint de retour<\/strong> pour \u00e9viter toute fuite de carburant.<\/li>\n<\/ul>\n<p data-path-to-node=\"11\"><b data-path-to-node=\"11\" data-index-in-node=\"0\">avant<\/b><\/p>\n<ul data-path-to-node=\"12\">\n<li>\n<p data-path-to-node=\"12,0,0\">630, 635, 640 (Avec moteur V1505-T)<\/p>\n<\/li>\n<li>\n<p data-path-to-node=\"12,1,0\">745, 750<\/p>\n<\/li>\n<\/ul>\n<p data-path-to-node=\"13\"><b data-path-to-node=\"13\" data-index-in-node=\"0\">bobcat<\/b><\/p>\n<ul data-path-to-node=\"14\">\n<li>\n<p data-path-to-node=\"14,0,0\">331, 334 (Attention : Uniquement les versions avec moteur Kubota V1505-T ! V\u00e9rifiez la plaque du moteur)<\/p>\n<\/li>\n<li>\n<p data-path-to-node=\"14,1,0\">5600 Toolcat (Mod\u00e8les anciens avec V1505-T)<\/p>\n<\/li>\n<li>\n<p data-path-to-node=\"14,2,0\">S100 (Version Turbo)<\/p>\n<\/li>\n<\/ul>\n<p data-path-to-node=\"15\"><b data-path-to-node=\"15\" data-index-in-node=\"0\">giant<\/b><\/p>\n<ul data-path-to-node=\"16\">\n<li>\n<p data-path-to-node=\"16,0,0\">D332SWT, D332SWT X-tra<\/p>\n<\/li>\n<li>\n<p data-path-to-node=\"16,1,0\">D337T<\/p>\n<\/li>\n<li>\n<p data-path-to-node=\"16,2,0\">V4502T, V4502T Tele, V4502T X-tra<\/p>\n<\/li>\n<li>\n<p data-path-to-node=\"16,3,0\">V451T, V451T ECO, V451T X-tra<\/p>\n<\/li>\n<li>\n<p data-path-to-node=\"16,4,0\">V452T, V452T HD, V452T X-tra, V452T X-tra HD<\/p>\n<\/li>\n<li>\n<p data-path-to-node=\"16,5,0\">V5003 (Mod\u00e8les anciens avec V1505-T)<\/p>\n<\/li>\n<li>\n<p data-path-to-node=\"16,6,0\">V6004T (Attention au code moteur)<\/p>\n<\/li>\n<\/ul>\n<p data-path-to-node=\"17\"><b data-path-to-node=\"17\" data-index-in-node=\"0\">hitachi<\/b><\/p>\n<ul data-path-to-node=\"18\">\n<li>\n<p data-path-to-node=\"18,0,0\">ZX27U-2, ZX30U-2, ZX35U-2 (Avec moteur V1505-T)<\/p>\n<\/li>\n<\/ul>\n<p data-path-to-node=\"19\"><b data-path-to-node=\"19\" data-index-in-node=\"0\">jacobsen<\/b><\/p>\n<ul data-path-to-node=\"20\">\n<li>\n<p data-path-to-node=\"20,0,0\">LF-3400, LF-3800, LF-4675, LF-4677<\/p>\n<\/li>\n<\/ul>\n<p data-path-to-node=\"21\"><b data-path-to-node=\"21\" data-index-in-node=\"0\">kubota<\/b><\/p>\n<ul data-path-to-node=\"22\">\n<li>\n<p data-path-to-node=\"22,0,0\"><b data-path-to-node=\"22,0,0\" data-index-in-node=\"0\">Excavateurs :<\/b><\/p>\n<ul data-path-to-node=\"22,0,1\">\n<li>\n<p data-path-to-node=\"22,0,1,0,0\">KX91-3, KX91-3S, KX91-3 Alpha (Avec moteur V1505-T)<\/p>\n<\/li>\n<li>\n<p data-path-to-node=\"22,0,1,1,0\">KX101-3 (Attention : versions IDI)<\/p>\n<\/li>\n<li>\n<p data-path-to-node=\"22,0,1,2,0\">U35, U35-3, U35-3 Alpha, U35-S<\/p>\n<\/li>\n<li>\n<p data-path-to-node=\"22,0,1,3,0\">U45-3 (versions IDI)<\/p>\n<\/li>\n<\/ul>\n<\/li>\n<li>\n<p data-path-to-node=\"22,1,0\"><b data-path-to-node=\"22,1,0\" data-index-in-node=\"0\">Tondeuses :<\/b><\/p>\n<ul data-path-to-node=\"22,1,1\">\n<li>\n<p data-path-to-node=\"22,1,1,0,0\">F3060 (Avec V1305-T)<\/p>\n<\/li>\n<li>\n<p data-path-to-node=\"22,1,1,1,0\">F3560<\/p>\n<\/li>\n<li>\n<p data-path-to-node=\"22,1,1,2,0\">F3680 (Avec V1505-T)<\/p>\n<\/li>\n<li>\n<p data-path-to-node=\"22,1,1,3,0\">F3990<\/p>\n<\/li>\n<\/ul>\n<\/li>\n<li>\n<p data-path-to-node=\"22,2,0\"><b data-path-to-node=\"22,2,0\" data-index-in-node=\"0\">Tracteurs :<\/b><\/p>\n<ul data-path-to-node=\"22,2,1\">\n<li>\n<p data-path-to-node=\"22,2,1,0,0\">B3030HSDC (Mod\u00e8les de cabine avec Turbo)<\/p>\n<\/li>\n<li>\n<p data-path-to-node=\"22,2,1,1,0\">Grand L-Serie (L-3010, L-3410 etc. \u2013 V\u00e9rifiez le code moteur pour le Turbo !)<\/p>\n<\/li>\n<\/ul>\n<\/li>\n<\/ul>\n<p><strong>Moteur Kubota<\/strong><\/p>\n<ul>\n<li>D1105-T<\/li>\n<li>V1205-T, V1305-T, V1505-T<\/li>\n<\/ul>\n<p><strong>R\u00e9f\u00e9rence OEM :<\/strong><\/p>\n<ul>\n<li>1G065-53900, 1G065-53902, 1G065-5390-2, 1G065-5390-0<\/li>\n<li>1G065-53900, 1G065-53902, 1G065-53000, 1G065-53002. Zexel (Assembly) : 105148-1660, 105148-1580. Buse (interne) : DN4PD92 (sp\u00e9cialement pour Turbo).  <\/li>\n<\/ul>\n","protected":false},"excerpt":{"rendered":"<p>Exclusivit\u00e9 de notre propre ligne de production : une combinaison d&rsquo;injecteur de carburant compl\u00e8te (Turbo Spec), enti\u00e8rement assembl\u00e9e et r\u00e9gl\u00e9e \u00e0 la pression d&rsquo;ouverture correcte. Cet injecteur \u00ab Snelparts \u00bb est directement pr\u00eat pour le montage. Cette version est sp\u00e9cifiquement calibr\u00e9e pour les moteurs Kubota Turbo (reconnaissables au -T derri\u00e8re le code moteur, comme V1505-T).&hellip;<\/p>\n","protected":false},"featured_media":192890,"comment_status":"open","ping_status":"closed","template":"","meta":[],"product_cat":[21438,8108],"product_tag":[3894],"class_list":{"0":"post-60111","1":"product","2":"type-product","3":"status-publish","4":"has-post-thumbnail","6":"product_cat-atomiseur","7":"product_cat-buse-de-linjecteur-de-carburant","8":"product_tag-snelparts-fr","9":"pa_merk-avant-fr","10":"pa_merk-bobcat-fr","11":"pa_merk-giant-fr","12":"pa_merk-hitachi-fr","13":"pa_merk-kubota-fr","14":"pa_motor-d1105-fr","15":"pa_motor-v1505-fr","17":"first","18":"instock","19":"sale","20":"featured","21":"taxable","22":"shipping-taxable","23":"purchasable","24":"product-type-simple","25":"col-xs-6 col-sm-4","26":"col-md-3 col-lg-3","27":"un-4-cols"},"_links":{"self":[{"href":"https:\/\/shop4trac.com\/fr\/wp-json\/wp\/v2\/product\/60111","targetHints":{"allow":["GET"]}}],"collection":[{"href":"https:\/\/shop4trac.com\/fr\/wp-json\/wp\/v2\/product"}],"about":[{"href":"https:\/\/shop4trac.com\/fr\/wp-json\/wp\/v2\/types\/product"}],"replies":[{"embeddable":true,"href":"https:\/\/shop4trac.com\/fr\/wp-json\/wp\/v2\/comments?post=60111"}],"wp:featuredmedia":[{"embeddable":true,"href":"https:\/\/shop4trac.com\/fr\/wp-json\/wp\/v2\/media\/192890"}],"wp:attachment":[{"href":"https:\/\/shop4trac.com\/fr\/wp-json\/wp\/v2\/media?parent=60111"}],"wp:term":[{"taxonomy":"product_cat","embeddable":true,"href":"https:\/\/shop4trac.com\/fr\/wp-json\/wp\/v2\/product_cat?post=60111"},{"taxonomy":"product_tag","embeddable":true,"href":"https:\/\/shop4trac.com\/fr\/wp-json\/wp\/v2\/product_tag?post=60111"}],"curies":[{"name":"wp","href":"https:\/\/api.w.org\/{rel}","templated":true}]}}