{"id":57513,"date":"2022-07-22T15:02:07","date_gmt":"2022-07-22T14:02:07","guid":{"rendered":"https:\/\/shop4trac.com\/?post_type=product&#038;p=57513"},"modified":"2025-11-03T14:26:19","modified_gmt":"2025-11-03T12:26:19","slug":"joint-de-culasse-yanmar-2tne68-2d68e","status":"publish","type":"product","link":"https:\/\/shop4trac.com\/fr\/pieces-de-moteur\/joint-de-culasse\/joint-de-culasse-yanmar-2tne68-2d68e\/","title":{"rendered":"Joint de culasse Yanmar 2TNE68 | 2D68E"},"content":{"rendered":"<p>Joint de culasse adapt\u00e9 pour :<\/p>\n<p><strong>Doosan<\/strong><\/p>\n<ul>\n<li>SOLAIRE 010<\/li>\n<\/ul>\n<p><strong>Yanmar<\/strong><\/p>\n<ul>\n<li>2TNE68<\/li>\n<\/ul>\n<p><strong>Komatsu<\/strong><\/p>\n<ul>\n<li>2D68E<\/li>\n<\/ul>\n<p><strong>OEM pour r\u00e9f\u00e9rence&nbsp;:<\/strong><\/p>\n<ul>\n<li>119309-01330<\/li>\n<\/ul>\n","protected":false},"excerpt":{"rendered":"<p>Joint de culasse adapt\u00e9 pour : Doosan SOLAIRE 010 Yanmar 2TNE68 Komatsu 2D68E OEM pour r\u00e9f\u00e9rence&nbsp;: 119309-01330<\/p>\n","protected":false},"featured_media":57523,"comment_status":"open","ping_status":"closed","template":"","meta":[],"product_cat":[457],"product_tag":[3894],"class_list":{"0":"post-57513","1":"product","2":"type-product","3":"status-publish","4":"has-post-thumbnail","6":"product_cat-joint-de-culasse","7":"product_tag-snelparts-fr","8":"pa_merk-yanmar-fr","9":"pa_motor-2d68e-fr","10":"pa_motor-2tne68-fr","12":"first","13":"instock","14":"sale","15":"taxable","16":"shipping-taxable","17":"purchasable","18":"product-type-simple","19":"col-xs-6 col-sm-4","20":"col-md-3 col-lg-3","21":"un-4-cols"},"_links":{"self":[{"href":"https:\/\/shop4trac.com\/fr\/wp-json\/wp\/v2\/product\/57513","targetHints":{"allow":["GET"]}}],"collection":[{"href":"https:\/\/shop4trac.com\/fr\/wp-json\/wp\/v2\/product"}],"about":[{"href":"https:\/\/shop4trac.com\/fr\/wp-json\/wp\/v2\/types\/product"}],"replies":[{"embeddable":true,"href":"https:\/\/shop4trac.com\/fr\/wp-json\/wp\/v2\/comments?post=57513"}],"wp:featuredmedia":[{"embeddable":true,"href":"https:\/\/shop4trac.com\/fr\/wp-json\/wp\/v2\/media\/57523"}],"wp:attachment":[{"href":"https:\/\/shop4trac.com\/fr\/wp-json\/wp\/v2\/media?parent=57513"}],"wp:term":[{"taxonomy":"product_cat","embeddable":true,"href":"https:\/\/shop4trac.com\/fr\/wp-json\/wp\/v2\/product_cat?post=57513"},{"taxonomy":"product_tag","embeddable":true,"href":"https:\/\/shop4trac.com\/fr\/wp-json\/wp\/v2\/product_tag?post=57513"}],"curies":[{"name":"wp","href":"https:\/\/api.w.org\/{rel}","templated":true}]}}