{"id":57035,"date":"2022-07-20T16:55:07","date_gmt":"2022-07-20T15:55:07","guid":{"rendered":"https:\/\/shop4trac.com\/?post_type=product&#038;p=57035"},"modified":"2026-03-29T15:52:22","modified_gmt":"2026-03-29T14:52:22","slug":"atomiseur-buse-mitsubishi-k4a-ke70-iseki-tx1300","status":"publish","type":"product","link":"https:\/\/shop4trac.com\/fr\/pieces-de-moteur\/buse-de-linjecteur-de-carburant\/atomiseur-buse-mitsubishi-k4a-ke70-iseki-tx1300\/","title":{"rendered":"Buse d&rsquo;injecteur de carburant Mitsubishi K4A \u2013 K4E | K3A \u2013 K3E | KE70 | KE75 | Iseki TX1300-TX2160F | Bolens | Bobcat | Peljob | Cup cadet"},"content":{"rendered":"<p data-path-to-node=\"2\"><strong>E<\/strong><b data-path-to-node=\"2\" data-index-in-node=\"3\">xclusif de notre propre ligne de production :<\/b> une buse d&rsquo;injecteur de carburant haut de gamme qui r\u00e9pond aux tol\u00e9rances les plus strictes. Cette pointe d&rsquo;injecteur de carburant &lsquo;<strong>Snelparts<\/strong>&lsquo; est d\u00e9velopp\u00e9e comme l&rsquo;alternative sup\u00e9rieure aux pi\u00e8ces aftermarket standard. <\/p>\n<p data-path-to-node=\"3\">Nous garantissons une pulv\u00e9risation parfaite et une \u00e9tanch\u00e9it\u00e9 exacte, ce qui se traduit par un moteur plus silencieux et une combustion plus propre.<\/p>\n<p data-path-to-node=\"4\"><b data-path-to-node=\"4\" data-index-in-node=\"0\">Conseil d&rsquo;exp\u00e9rience :<\/b> ne choisis pas d&rsquo;alternatives moins ch\u00e8res. Des recherches approfondies ont \u00e9t\u00e9 men\u00e9es sur la qualit\u00e9 OEM comme les marques connues dans ce secteur ! <\/p>\n<p data-path-to-node=\"5\"><b data-path-to-node=\"5\" data-index-in-node=\"0\">sp\u00e9cifications techniques<\/b><\/p>\n<ul data-path-to-node=\"6\">\n<li>\n<p data-path-to-node=\"6,0,0\"><b data-path-to-node=\"6,0,0\" data-index-in-node=\"0\">pression d&rsquo;ouverture :<\/b> env. 115 \u2013 125 Bar<\/p>\n<\/li>\n<li>\n<p data-path-to-node=\"6,1,0\"><b data-path-to-node=\"6,1,0\" data-index-in-node=\"0\">couple de serrage :<\/b> 35 \u2013 40 Nm<\/p>\n<\/li>\n<\/ul>\n<p data-path-to-node=\"7\"><b data-path-to-node=\"7\" data-index-in-node=\"0\">convient aux mod\u00e8les ci-dessous :<\/b><\/p>\n<p><strong>Iseki<\/strong><\/p>\n<ul>\n<li>TX1300, TX1500, TX1300F, TX1500F<\/li>\n<li>TX1410F, TX1510F, TX1410, TX1510<\/li>\n<li>TU1400, TU1500, TU1600, TU1401F, TU1501F, TU1601F<\/li>\n<li>TX144F, TX155F<\/li>\n<li>TU120, TU140, TU145, TU155<\/li>\n<\/ul>\n<ul>\n<li>TX2140, TX2160<\/li>\n<\/ul>\n<p><strong>Bolens<\/strong><\/p>\n<ul>\n<li>G152, G154<\/li>\n<li>G172, G174<\/li>\n<li>H1704<\/li>\n<\/ul>\n<p><strong>Moteur Mitsubishi<\/strong><\/p>\n<ul>\n<li>K3A, K3B, K3C, K3D, K3E<\/li>\n<li>K4A, K4B, K4C, K4D, K4E<\/li>\n<li>KE70, KE75<\/li>\n<\/ul>\n<p><strong>Mitsubishi<\/strong><\/p>\n<ul>\n<li>D1350, D1450<\/li>\n<li>MT160, MT160D, D1450, D1450FD, ST1420, ST1440<\/li>\n<li>D1100, D1550<\/li>\n<li>MT1401, MT1801<\/li>\n<\/ul>\n<p><strong>Satoh<\/strong><\/p>\n<ul>\n<li>S373, Beaver III<\/li>\n<li>ST1420, ST1440, ST1620, ST1640, ST1820, ST1840<\/li>\n<li>ST1520, ST1540, ST2020, ST2040<\/li>\n<\/ul>\n<p><strong>Mitsubishi<\/strong> :<\/p>\n<ul>\n<li>D1450, D1650, D1850<\/li>\n<\/ul>\n<p><strong>R\u00e9f\u00e9rence OEM :<\/strong><\/p>\n<ul>\n<li>ME020996<\/li>\n<li>MM300152<\/li>\n<li>5650-030-0152-0, 565003001520<\/li>\n<li>09340-00010<\/li>\n<li>P1003<\/li>\n<li>DN4SD24<\/li>\n<\/ul>\n<p><strong>Autres machines :<br \/>\n<\/strong><\/p>\n<p data-path-to-node=\"10\"><b data-path-to-node=\"10\" data-index-in-node=\"0\">bobcat<\/b><\/p>\n<ul data-path-to-node=\"11\">\n<li>\n<p data-path-to-node=\"11,0,0\">X125<\/p>\n<\/li>\n<\/ul>\n<p data-path-to-node=\"12\"><b data-path-to-node=\"12\" data-index-in-node=\"0\">case<\/b><\/p>\n<ul data-path-to-node=\"13\">\n<li>\n<p data-path-to-node=\"13,0,0\">234, IH 245<\/p>\n<\/li>\n<\/ul>\n<p data-path-to-node=\"14\"><b data-path-to-node=\"14\" data-index-in-node=\"0\">cub cadet<\/b><\/p>\n<ul data-path-to-node=\"15\">\n<li>\n<p data-path-to-node=\"15,0,0\">7193, 7194<\/p>\n<\/li>\n<\/ul>\n<p data-path-to-node=\"16\"><b data-path-to-node=\"16\" data-index-in-node=\"0\">ferrari<\/b><\/p>\n<ul data-path-to-node=\"17\">\n<li>\n<p data-path-to-node=\"17,0,0\">Tracteur (moteur K3E)<\/p>\n<\/li>\n<\/ul>\n<p data-path-to-node=\"18\"><b data-path-to-node=\"18\" data-index-in-node=\"0\">hanix<\/b><\/p>\n<ul data-path-to-node=\"19\">\n<li>\n<p data-path-to-node=\"19,0,0\">N06, N11, N120, N150-2, N220, N230-2, N250, N300, S&amp;B15SR, S&amp;B25, S&amp;B25III<\/p>\n<\/li>\n<\/ul>\n<p data-path-to-node=\"20\"><b data-path-to-node=\"20\" data-index-in-node=\"0\">hitachi<\/b><\/p>\n<ul data-path-to-node=\"21\">\n<li>\n<p data-path-to-node=\"21,0,0\">UE005, UE20<\/p>\n<\/li>\n<\/ul>\n<p data-path-to-node=\"22\"><b data-path-to-node=\"22\" data-index-in-node=\"0\">iseki<\/b><\/p>\n<ul data-path-to-node=\"23\">\n<li>\n<p data-path-to-node=\"23,0,0\">TU140, TU145, TU160, TU160F, TU165, TU165F, TU170, TU170F, TU175, TU175F, TU177, TU177F, TU1500, TU1500F, TX155, TX155F, TX1510, TX1510F, TX2160, TX2160F, TX2160T<\/p>\n<\/li>\n<\/ul>\n<p data-path-to-node=\"24\"><b data-path-to-node=\"24\" data-index-in-node=\"0\">mitsubishi<\/b><\/p>\n<ul data-path-to-node=\"25\">\n<li>\n<p data-path-to-node=\"25,0,0\">D1300, D1550, D1550FD, ME15, ME20, MM15T, MM25, MT17, MT18, MT21, MT22, MT23, MT24, MT1301, MT1401, MT2501, MT372, MT470D, MT210, MT210D, MTE1800, MTE1800D, ZR02<\/p>\n<\/li>\n<\/ul>\n<p data-path-to-node=\"26\"><b data-path-to-node=\"26\" data-index-in-node=\"0\">moteur Mitsubishi<\/b><\/p>\n<ul data-path-to-node=\"27\">\n<li>\n<p data-path-to-node=\"27,0,0\">K3B, K3D, K3D-61TG, K3E, K3E-31DS, K3E31-DB, K4D, K4E<\/p>\n<\/li>\n<\/ul>\n<p data-path-to-node=\"28\"><b data-path-to-node=\"28\" data-index-in-node=\"0\">moffett<\/b><\/p>\n<ul data-path-to-node=\"29\">\n<li>\n<p data-path-to-node=\"29,0,0\">Chariot \u00e9l\u00e9vateur<\/p>\n<\/li>\n<\/ul>\n<p data-path-to-node=\"30\"><b data-path-to-node=\"30\" data-index-in-node=\"0\">noda<\/b><\/p>\n<ul data-path-to-node=\"31\">\n<li>\n<p data-path-to-node=\"31,0,0\">No1301<\/p>\n<\/li>\n<\/ul>\n<p data-path-to-node=\"32\"><b data-path-to-node=\"32\" data-index-in-node=\"0\">pel job<\/b><\/p>\n<ul data-path-to-node=\"33\">\n<li>\n<p data-path-to-node=\"33,0,0\">EB11, EB12, EB14, EB16, EB22, EB22.4, EB28.4, LS286<\/p>\n<\/li>\n<\/ul>\n<p data-path-to-node=\"34\"><b data-path-to-node=\"34\" data-index-in-node=\"0\">samofa<\/b><\/p>\n<ul data-path-to-node=\"35\">\n<li>\n<p data-path-to-node=\"35,0,0\">moteur K3B, Standard Industrial<\/p>\n<\/li>\n<\/ul>\n<p data-path-to-node=\"36\"><b data-path-to-node=\"36\" data-index-in-node=\"0\">satoh<\/b><\/p>\n<ul data-path-to-node=\"37\">\n<li>\n<p data-path-to-node=\"37,0,0\">S470 Buck, S470D Buck, ST1300<\/p>\n<\/li>\n<\/ul>\n<p data-path-to-node=\"38\"><b data-path-to-node=\"38\" data-index-in-node=\"0\">schaeff \/ terex<\/b><\/p>\n<ul data-path-to-node=\"39\">\n<li>\n<p data-path-to-node=\"39,0,0\">HR02, HR3, HR4, HR4A, SKL808<\/p>\n<\/li>\n<\/ul>\n<p data-path-to-node=\"40\"><b data-path-to-node=\"40\" data-index-in-node=\"0\">seimitsu<\/b><\/p>\n<ul data-path-to-node=\"41\">\n<li>\n<p data-path-to-node=\"41,0,0\">SDG10, SX-4.5R<\/p>\n<\/li>\n<\/ul>\n<p data-path-to-node=\"42\"><b data-path-to-node=\"42\" data-index-in-node=\"0\">sol\u00e9 diesel<\/b><\/p>\n<ul data-path-to-node=\"43\">\n<li>\n<p data-path-to-node=\"43,0,0\">Mini 23<\/p>\n<\/li>\n<\/ul>\n<p data-path-to-node=\"44\"><b data-path-to-node=\"44\" data-index-in-node=\"0\">suzue<\/b><\/p>\n<ul data-path-to-node=\"45\">\n<li>\n<p data-path-to-node=\"45,0,0\">ST1520, ST1540<\/p>\n<\/li>\n<\/ul>\n<p data-path-to-node=\"46\"><b data-path-to-node=\"46\" data-index-in-node=\"0\">taureau<\/b><\/p>\n<ul data-path-to-node=\"47\">\n<li>\n<p data-path-to-node=\"47,0,0\">GM 72, GM 324-D, GM 325-D<\/p>\n<\/li>\n<\/ul>\n<p data-path-to-node=\"48\"><b data-path-to-node=\"48\" data-index-in-node=\"0\">graisse<\/b><\/p>\n<ul data-path-to-node=\"49\">\n<li>\n<p data-path-to-node=\"49,0,0\">M3.10<\/p>\n<\/li>\n<\/ul>\n<p data-path-to-node=\"50\"><b data-path-to-node=\"50\" data-index-in-node=\"0\">Weidemann<\/b><\/p>\n<ul data-path-to-node=\"51\">\n<li>\n<p data-path-to-node=\"51,0,0\">912D\/M, 914D\/M, 1002\/M<\/p>\n<\/li>\n<\/ul>\n<p data-path-to-node=\"52\"><b data-path-to-node=\"52\" data-index-in-node=\"0\">white field boss<\/b><\/p>\n<ul data-path-to-node=\"53\">\n<li>\n<p data-path-to-node=\"53,0,0\">FB-16<\/p>\n<\/li>\n<\/ul>\n<p data-path-to-node=\"54\"><b data-path-to-node=\"54\" data-index-in-node=\"0\">zeppelin<\/b><\/p>\n<ul data-path-to-node=\"55\">\n<li>\n<p data-path-to-node=\"55,0,0\">ZR4<\/p>\n<\/li>\n<\/ul>\n","protected":false},"excerpt":{"rendered":"<p>Exclusif de notre propre ligne de production : une buse d&rsquo;injecteur de carburant haut de gamme qui r\u00e9pond aux tol\u00e9rances les plus strictes. Cette pointe d&rsquo;injecteur de carburant &lsquo;Snelparts&lsquo; est d\u00e9velopp\u00e9e comme l&rsquo;alternative sup\u00e9rieure aux pi\u00e8ces aftermarket standard. Nous garantissons une pulv\u00e9risation parfaite et une \u00e9tanch\u00e9it\u00e9 exacte, ce qui se traduit par un moteur plus&hellip;<\/p>\n","protected":false},"featured_media":192925,"comment_status":"open","ping_status":"closed","template":"","meta":[],"product_cat":[8108],"product_tag":[3894],"class_list":{"0":"post-57035","1":"product","2":"type-product","3":"status-publish","4":"has-post-thumbnail","6":"product_cat-buse-de-linjecteur-de-carburant","7":"product_tag-snelparts-fr","8":"pa_merk-bobcat-fr","9":"pa_merk-case-fr","10":"pa_merk-cup-cadet-fr","11":"pa_merk-ferrari-agri-fr","12":"pa_merk-hitachi-fr","13":"pa_merk-iseki-fr","14":"pa_merk-mitsubishi-fr","15":"pa_merk-noda-fr","16":"pa_merk-peljob-fr","17":"pa_merk-suzue-fr","18":"pa_merk-terex-fr","19":"pa_merk-vetus-fr","20":"pa_merk-white-fr","21":"pa_motor-k4a-fr","22":"pa_motor-ke70-fr","23":"pa_motor-ke75-fr","25":"first","26":"instock","27":"sale","28":"taxable","29":"shipping-taxable","30":"purchasable","31":"product-type-simple","32":"col-xs-6 col-sm-4","33":"col-md-3 col-lg-3","34":"un-4-cols"},"_links":{"self":[{"href":"https:\/\/shop4trac.com\/fr\/wp-json\/wp\/v2\/product\/57035","targetHints":{"allow":["GET"]}}],"collection":[{"href":"https:\/\/shop4trac.com\/fr\/wp-json\/wp\/v2\/product"}],"about":[{"href":"https:\/\/shop4trac.com\/fr\/wp-json\/wp\/v2\/types\/product"}],"replies":[{"embeddable":true,"href":"https:\/\/shop4trac.com\/fr\/wp-json\/wp\/v2\/comments?post=57035"}],"wp:featuredmedia":[{"embeddable":true,"href":"https:\/\/shop4trac.com\/fr\/wp-json\/wp\/v2\/media\/192925"}],"wp:attachment":[{"href":"https:\/\/shop4trac.com\/fr\/wp-json\/wp\/v2\/media?parent=57035"}],"wp:term":[{"taxonomy":"product_cat","embeddable":true,"href":"https:\/\/shop4trac.com\/fr\/wp-json\/wp\/v2\/product_cat?post=57035"},{"taxonomy":"product_tag","embeddable":true,"href":"https:\/\/shop4trac.com\/fr\/wp-json\/wp\/v2\/product_tag?post=57035"}],"curies":[{"name":"wp","href":"https:\/\/api.w.org\/{rel}","templated":true}]}}