{"id":56835,"date":"2022-07-20T13:42:06","date_gmt":"2022-07-20T12:42:06","guid":{"rendered":"https:\/\/shop4trac.com\/?post_type=product&#038;p=56835"},"modified":"2026-02-27T20:08:09","modified_gmt":"2026-02-27T19:08:09","slug":"buse-dinjecteur-iseki-ta-tl-tu-e3ad1-e3ag1","status":"publish","type":"product","link":"https:\/\/shop4trac.com\/fr\/pieces-de-moteur\/buse-de-linjecteur-de-carburant\/buse-dinjecteur-iseki-ta-tl-tu-e3ad1-e3ag1\/","title":{"rendered":"Injecteur de carburant Iseki TA | TL | TU | E3AD1 | E3AG1 \u2013 DN0SDN177"},"content":{"rendered":"<p class=\"query-text-line ng-star-inserted\"><span style=\"text-decoration: underline\">Exclusif de notre propre ligne de production<\/span> : une buse d&rsquo;injecteur de carburant haut de gamme qui r\u00e9pond aux tol\u00e9rances les plus strictes. Cette pointe d&rsquo;injecteur &lsquo;<strong>Snelparts<\/strong>&lsquo; est d\u00e9velopp\u00e9e comme l&rsquo;alternative sup\u00e9rieure aux pi\u00e8ces aftermarket standard. <\/p>\n<p class=\"query-text-line ng-star-inserted\">Nous garantissons une pulv\u00e9risation parfaite et une \u00e9tanch\u00e9it\u00e9 exacte, ce qui se traduit par un moteur plus silencieux et une combustion plus propre.<\/p>\n<p class=\"query-text-line ng-star-inserted\">Conseil d&rsquo;exp\u00e9rience&nbsp;: <span style=\"text-decoration: underline\">ne choisissez pas d&rsquo;alternatives moins ch\u00e8res<\/span>. Des recherches approfondies ont \u00e9t\u00e9 men\u00e9es sur la qualit\u00e9 OEM, comme les marques connues dans ce secteur&nbsp;! <\/p>\n<div>\n<p><strong>Livr\u00e9 avec un kit d\u2019\u00e9tanch\u00e9it\u00e9 complet pour un montage imm\u00e9diat !<\/strong> Nous livrons cette buse de s\u00e9rie avec tous les nouveaux joints en cuivre n\u00e9cessaires. Tu peux ainsi commencer imm\u00e9diatement, en toute s\u00e9curit\u00e9 et sans fuite. Le kit inclus comprend :  <\/p>\n<\/div>\n<ul>\n<li>Un nouveau <strong>pare-feu<\/strong> (joint pare-flamme) contre la chaleur extr\u00eame et la calamine.<\/li>\n<li>Un <strong>joint d\u2019injecteur<\/strong> en cuivre pour un maintien de la compression \u00e0 100 %.<\/li>\n<li>Un <strong>joint de retour de carburant<\/strong> pour \u00e9viter toute fuite.<\/li>\n<\/ul>\n<p><strong>Donn\u00e9es de r\u00e9glage&nbsp;:<\/strong><\/p>\n<ul>\n<li>\n<p data-path-to-node=\"17,0,0\"><b data-path-to-node=\"17,0,0\" data-index-in-node=\"0\">Pression d&rsquo;ouverture&nbsp;:<\/b> <b data-path-to-node=\"17,0,0\" data-index-in-node=\"14\">137&nbsp;bar<\/b> (140 kg\/cm\u00b2)<\/p>\n<\/li>\n<li>\n<p data-path-to-node=\"17,1,0\"><b data-path-to-node=\"17,1,0\" data-index-in-node=\"0\">Tol\u00e9rance&nbsp;:<\/b> 135 \u2013 145&nbsp;bar<\/p>\n<\/li>\n<\/ul>\n<p><strong>Iseki<\/strong><\/p>\n<ul>\n<li>ISEKI \/ ISUZU E3DA1\n<ul>\n<li>Iseki TE4300 E3AD1<\/li>\n<li>TL2501, TL2701<\/li>\n<\/ul>\n<\/li>\n<li>ISEKI\/ ISUZU E3AG1\n<ul>\n<li>Iseki TA 207, Iseki TA 210, Iseki TA 215, Iseki TA 227, Iseki TA 230, Iseki TA 235, Iseki TA 247<\/li>\n<li>Iseki TU 237 Landhope<\/li>\n<\/ul>\n<\/li>\n<\/ul>\n<p><strong>Patron de champ blanc<\/strong><\/p>\n<ul>\n<li>FB31 E3AD1<\/li>\n<\/ul>\n<p><strong>Massey Ferguson<\/strong><\/p>\n<ul>\n<li>1140 E3AD1, 1250 E3AD1<\/li>\n<\/ul>\n<p><strong>Isuzu<\/strong><\/p>\n<ul>\n<li>E3AD1<\/li>\n<\/ul>\n<p><strong>R\u00e9f\u00e9rence OEM :<\/strong><\/p>\n<ul>\n<li>8942198931<\/li>\n<li>6202123130<\/li>\n<li>105141-2341 62153000010E 71-1461 DN0SDN177 105000-1770 11.8<\/li>\n<li>105141-2340 71-1460<\/li>\n<\/ul>\n","protected":false},"excerpt":{"rendered":"<p>Exclusif de notre propre ligne de production : une buse d&rsquo;injecteur de carburant haut de gamme qui r\u00e9pond aux tol\u00e9rances les plus strictes. Cette pointe d&rsquo;injecteur &lsquo;Snelparts&lsquo; est d\u00e9velopp\u00e9e comme l&rsquo;alternative sup\u00e9rieure aux pi\u00e8ces aftermarket standard. Nous garantissons une pulv\u00e9risation parfaite et une \u00e9tanch\u00e9it\u00e9 exacte, ce qui se traduit par un moteur plus silencieux et&hellip;<\/p>\n","protected":false},"featured_media":192962,"comment_status":"open","ping_status":"closed","template":"","meta":[],"product_cat":[8108],"product_tag":[3894],"class_list":{"0":"post-56835","1":"product","2":"type-product","3":"status-publish","4":"has-post-thumbnail","6":"product_cat-buse-de-linjecteur-de-carburant","7":"product_tag-snelparts-fr","8":"pa_merk-iseki-fr","9":"pa_merk-massey-ferguson-fr","10":"pa_merk-white-field-boss-fr","11":"pa_motor-e3ad1-fr","12":"pa_motor-e3ag1-fr","14":"first","15":"instock","16":"sale","17":"taxable","18":"shipping-taxable","19":"purchasable","20":"product-type-simple","21":"col-xs-6 col-sm-4","22":"col-md-3 col-lg-3","23":"un-4-cols"},"_links":{"self":[{"href":"https:\/\/shop4trac.com\/fr\/wp-json\/wp\/v2\/product\/56835","targetHints":{"allow":["GET"]}}],"collection":[{"href":"https:\/\/shop4trac.com\/fr\/wp-json\/wp\/v2\/product"}],"about":[{"href":"https:\/\/shop4trac.com\/fr\/wp-json\/wp\/v2\/types\/product"}],"replies":[{"embeddable":true,"href":"https:\/\/shop4trac.com\/fr\/wp-json\/wp\/v2\/comments?post=56835"}],"wp:featuredmedia":[{"embeddable":true,"href":"https:\/\/shop4trac.com\/fr\/wp-json\/wp\/v2\/media\/192962"}],"wp:attachment":[{"href":"https:\/\/shop4trac.com\/fr\/wp-json\/wp\/v2\/media?parent=56835"}],"wp:term":[{"taxonomy":"product_cat","embeddable":true,"href":"https:\/\/shop4trac.com\/fr\/wp-json\/wp\/v2\/product_cat?post=56835"},{"taxonomy":"product_tag","embeddable":true,"href":"https:\/\/shop4trac.com\/fr\/wp-json\/wp\/v2\/product_tag?post=56835"}],"curies":[{"name":"wp","href":"https:\/\/api.w.org\/{rel}","templated":true}]}}