{"id":54882,"date":"2022-05-25T10:06:31","date_gmt":"2022-05-25T09:06:31","guid":{"rendered":"https:\/\/shop4trac.com\/non%20class\u00e9\/douille-de-phare-kubota-b-b5000-b7100\/"},"modified":"2026-04-09T18:12:47","modified_gmt":"2026-04-09T17:12:47","slug":"douille-de-phare-kubota-b-b5000-b7100","status":"publish","type":"product","link":"https:\/\/shop4trac.com\/fr\/pieces-electriques\/eclairage\/douille-de-phare-kubota-b-b5000-b7100\/","title":{"rendered":"Douille de phare Kubota B | B5000-B7100"},"content":{"rendered":"<p>Douille de phare adapt\u00e9e pour :<\/p>\n<p><strong>Kubota  <\/strong><\/p>\n<ul>\n<li>B5000, B5001, B5100, B6000, B6001, B6100, B7000, B7001, B7100<\/li>\n<\/ul>\n<p><strong>Zen-N\u00f4<\/strong><\/p>\n<ul>\n<li>ZB5000, ZB5001, ZB5100, ZB6000, ZB6001, ZB6100, ZB7000, ZB7001, ZB7100<\/li>\n<\/ul>\n<p><strong>OEM pour r\u00e9f\u00e9rence<\/strong><\/p>\n<ul>\n<li>66591-55622, 66711-54130, 66591-55620<\/li>\n<\/ul>\n","protected":false},"excerpt":{"rendered":"<p>Douille de phare adapt\u00e9e pour : Kubota B5000, B5001, B5100, B6000, B6001, B6100, B7000, B7001, B7100 Zen-N\u00f4 ZB5000, ZB5001, ZB5100, ZB6000, ZB6001, ZB6100, ZB7000, ZB7001, ZB7100 OEM pour r\u00e9f\u00e9rence 66591-55622, 66711-54130, 66591-55620<\/p>\n","protected":false},"featured_media":54831,"comment_status":"open","ping_status":"closed","template":"","meta":[],"product_cat":[425],"product_tag":[3894],"class_list":{"0":"post-54882","1":"product","2":"type-product","3":"status-publish","4":"has-post-thumbnail","6":"product_cat-eclairage","7":"product_tag-snelparts-fr","9":"first","10":"instock","11":"sale","12":"taxable","13":"shipping-taxable","14":"purchasable","15":"product-type-simple","16":"col-xs-6 col-sm-4","17":"col-md-3 col-lg-3","18":"un-4-cols"},"_links":{"self":[{"href":"https:\/\/shop4trac.com\/fr\/wp-json\/wp\/v2\/product\/54882","targetHints":{"allow":["GET"]}}],"collection":[{"href":"https:\/\/shop4trac.com\/fr\/wp-json\/wp\/v2\/product"}],"about":[{"href":"https:\/\/shop4trac.com\/fr\/wp-json\/wp\/v2\/types\/product"}],"replies":[{"embeddable":true,"href":"https:\/\/shop4trac.com\/fr\/wp-json\/wp\/v2\/comments?post=54882"}],"wp:featuredmedia":[{"embeddable":true,"href":"https:\/\/shop4trac.com\/fr\/wp-json\/wp\/v2\/media\/54831"}],"wp:attachment":[{"href":"https:\/\/shop4trac.com\/fr\/wp-json\/wp\/v2\/media?parent=54882"}],"wp:term":[{"taxonomy":"product_cat","embeddable":true,"href":"https:\/\/shop4trac.com\/fr\/wp-json\/wp\/v2\/product_cat?post=54882"},{"taxonomy":"product_tag","embeddable":true,"href":"https:\/\/shop4trac.com\/fr\/wp-json\/wp\/v2\/product_tag?post=54882"}],"curies":[{"name":"wp","href":"https:\/\/api.w.org\/{rel}","templated":true}]}}