{"id":50151,"date":"2022-03-23T14:44:48","date_gmt":"2022-03-23T13:44:48","guid":{"rendered":"https:\/\/shop4trac.com\/non%20class\u00e9\/alternateur-bobcat-6678205-moteur-kubota\/"},"modified":"2025-12-05T12:28:22","modified_gmt":"2025-12-05T10:28:22","slug":"alternateur-bobcat-6678205-moteur-kubota","status":"publish","type":"product","link":"https:\/\/shop4trac.com\/fr\/pieces-electriques\/pieces-dynamo\/alternateur-bobcat-6678205-moteur-kubota\/","title":{"rendered":"Alternateur Lynx roux | 6678205 \u2013 6675292 \u2013 667929 | Moteur Kubota"},"content":{"rendered":"<p>Il s&rsquo;agit d&rsquo;un alternateur <span style=\"text-decoration: underline\">premium<\/span> adapt\u00e9 aux mod\u00e8les ci-dessous ! Cela garantit le fonctionnement optimal de votre Bobcat.<\/p>\n<p><strong>Donn\u00e9es techniques<\/strong><\/p>\n<ul>\n<li>Tension 12<\/li>\n<li>Amp\u00e9rage 90<\/li>\n<li>Poulie (mm) 83,0<\/li>\n<li>B+M8<\/li>\n<\/ul>\n<p><span class=\"a-list-item\"><strong>Lynx<\/strong> <\/span><\/p>\n<ul>\n<li>751, 753, 763, 773, 863, 864, 873, 883, 963<\/li>\n<li>331, 334, 337, 341, 5600, 5610, 751, 753, 763, 773, 863, 864, 873, 883, 963<\/li>\n<li>A220, A300, S130, S150, S160, S175, S185, S205, S220, S250, S300, S330, S450, S510, S530, S550, S570, S590<\/li>\n<li>T140, T180, T190, T200, T2250, T250, T300, T320, T550, T590, V417<\/li>\n<\/ul>\n<p><strong>Moteur:<\/strong><\/p>\n<ul>\n<li>V1903, V2003, V2203, V2403, V2607, V3300, V3307, V3800<\/li>\n<\/ul>\n<p><strong>OEM pour r\u00e9f\u00e9rence&nbsp;:<\/strong><\/p>\n<ul>\n<li>6678205<\/li>\n<li>\n<div class=\"flex-1 overflow-hidden\">\n<div class=\"react-scroll-to-bottom--css-zaxlc-79elbk h-full\">\n<div class=\"react-scroll-to-bottom--css-zaxlc-1n7m0yu\">\n<div class=\"flex flex-col pb-9 text-sm\">\n<div class=\"w-full text-token-text-primary\" data-testid=\"conversation-turn-15\">\n<div class=\"px-4 py-2 justify-center text-base md:gap-6 m-auto\">\n<div class=\"flex flex-1 text-base mx-auto gap-3 md:px-5 lg:px-1 xl:px-5 md:max-w-3xl lg:max-w-[40rem] xl:max-w-[48rem] group final-completion\">\n<div class=\"relative flex w-full flex-col lg:w-[calc(100%-115px)] agent-turn\">\n<div class=\"flex-col gap-1 md:gap-3\">\n<div class=\"flex flex-grow flex-col max-w-full\">\n<div class=\"min-h-[20px] text-message flex flex-col items-start gap-3 whitespace-pre-wrap break-words [.text-message+&amp;]:mt-5 overflow-x-auto\" data-message-author-role=\"assistant\" data-message-id=\"df47fcca-7603-41d2-8ee9-2e7780aaa892\">\n<div class=\"markdown prose w-full break-words dark:prose-invert light\">\n<p>6675292, 6679292, 6681857, 6687205, 66905393, 6690593, 7008772<\/p>\n<\/div>\n<\/div>\n<\/div>\n<div class=\"mt-1 flex justify-start gap-3 empty:hidden\"><\/div>\n<\/div>\n<\/div>\n<\/div>\n<\/div>\n<\/div>\n<\/div>\n<\/div>\n<\/div>\n<\/div>\n<div class=\"w-full pt-2 md:pt-0 dark:border-white\/20 md:border-transparent md:dark:border-transparent md:w-[calc(100%-.5rem)]\"><\/div>\n<\/li>\n<\/ul>\n","protected":false},"excerpt":{"rendered":"<p>Il s&rsquo;agit d&rsquo;un alternateur premium adapt\u00e9 aux mod\u00e8les ci-dessous ! Cela garantit le fonctionnement optimal de votre Bobcat. Donn\u00e9es techniques Tension 12 Amp\u00e9rage 90 Poulie (mm) 83,0 B+M8 Lynx 751, 753, 763, 773, 863, 864, 873, 883, 963 331, 334, 337, 341, 5600, 5610, 751, 753, 763, 773, 863, 864, 873, 883, 963 A220, A300,&hellip;<\/p>\n","protected":false},"featured_media":50139,"comment_status":"open","ping_status":"closed","template":"","meta":[],"product_cat":[421],"product_tag":[3894],"class_list":{"0":"post-50151","1":"product","2":"type-product","3":"status-publish","4":"has-post-thumbnail","6":"product_cat-pieces-dynamo","7":"product_tag-snelparts-fr","8":"pa_merk-bobcat-fr","9":"pa_merk-kubota-fr","11":"first","12":"instock","13":"taxable","14":"shipping-taxable","15":"purchasable","16":"product-type-simple","17":"col-xs-6 col-sm-4","18":"col-md-3 col-lg-3","19":"un-4-cols"},"_links":{"self":[{"href":"https:\/\/shop4trac.com\/fr\/wp-json\/wp\/v2\/product\/50151","targetHints":{"allow":["GET"]}}],"collection":[{"href":"https:\/\/shop4trac.com\/fr\/wp-json\/wp\/v2\/product"}],"about":[{"href":"https:\/\/shop4trac.com\/fr\/wp-json\/wp\/v2\/types\/product"}],"replies":[{"embeddable":true,"href":"https:\/\/shop4trac.com\/fr\/wp-json\/wp\/v2\/comments?post=50151"}],"wp:featuredmedia":[{"embeddable":true,"href":"https:\/\/shop4trac.com\/fr\/wp-json\/wp\/v2\/media\/50139"}],"wp:attachment":[{"href":"https:\/\/shop4trac.com\/fr\/wp-json\/wp\/v2\/media?parent=50151"}],"wp:term":[{"taxonomy":"product_cat","embeddable":true,"href":"https:\/\/shop4trac.com\/fr\/wp-json\/wp\/v2\/product_cat?post=50151"},{"taxonomy":"product_tag","embeddable":true,"href":"https:\/\/shop4trac.com\/fr\/wp-json\/wp\/v2\/product_tag?post=50151"}],"curies":[{"name":"wp","href":"https:\/\/api.w.org\/{rel}","templated":true}]}}