{"id":48779,"date":"2022-03-23T11:50:38","date_gmt":"2022-03-23T10:50:38","guid":{"rendered":"https:\/\/shop4trac.com\/non%20class\u00e9\/demarreur-moteur-kubota-kioti-15221-63010\/"},"modified":"2025-08-01T18:00:23","modified_gmt":"2025-08-01T16:00:23","slug":"demarreur-moteur-kubota-kioti-15221-63010","status":"publish","type":"product","link":"https:\/\/shop4trac.com\/fr\/pieces-electriques\/demarreur-moteur\/demarreur-moteur-kubota-kioti-15221-63010\/","title":{"rendered":"D\u00e9marreur Kubota | Kioti | 15221-63010"},"content":{"rendered":"<p>D\u00e9marreur adapt\u00e9 pour :<\/p>\n<p><strong>Kubota<\/strong><\/p>\n<ul>\n<li>L175, L175F, L185, L185F, L185DT<\/li>\n<li>L1500, L1501<\/li>\n<\/ul>\n<p><strong>Moteur Kubota&nbsp;:<\/strong><\/p>\n<ul>\n<li>Z750, Z751<\/li>\n<\/ul>\n<p><strong>Kioti<\/strong><\/p>\n<ul>\n<li>CK25, CK30, DK35, DK40, DK45, DK50, DK55, DS3510, DS4110, DS4510, LK2554<\/li>\n<\/ul>\n<p><strong>Mahindra<\/strong><\/p>\n<ul>\n<li>4110<\/li>\n<\/ul>\n<p><strong>Rotation<\/strong> : CW<\/p>\n<p><strong>Dents<\/strong> : 9<\/p>\n<p><strong>Tension :<\/strong> 12<\/p>\n<p><strong>KW<\/strong> : 0,8<\/p>\n<p><strong>OEM pour r\u00e9f\u00e9rence&nbsp;:<\/strong><\/p>\n<ul>\n<li>250505092, AMS941, E550063010, E550063011, E550063012, E550063013, E550063014, E550063015, MG117559, TM000A07101<\/li>\n<li>028000-3360, 028000-3361, 028000-7480, E5500-63010, E5500-63011, E5500-63012, E5500-63013, E5500-63014, E5500-63015<\/li>\n<li>SMN0006, 111196, E5500-6301, E5500-6314, 19601, 600931, TM000A07101<\/li>\n<li>15221-63010, 15221-63014, 15221-63030, 70000-65216, 15221-63015, 15221-63017<\/li>\n<li>Syst\u00e8me de d\u00e9marrage Denso Diesel TD1400B-1, LK3054<\/li>\n<\/ul>\n","protected":false},"excerpt":{"rendered":"<p>D\u00e9marreur adapt\u00e9 pour : Kubota L175, L175F, L185, L185F, L185DT L1500, L1501 Moteur Kubota&nbsp;: Z750, Z751 Kioti CK25, CK30, DK35, DK40, DK45, DK50, DK55, DS3510, DS4110, DS4510, LK2554 Mahindra 4110 Rotation : CW Dents : 9 Tension : 12 KW : 0,8 OEM pour r\u00e9f\u00e9rence&nbsp;: 250505092, AMS941, E550063010, E550063011, E550063012, E550063013, E550063014, E550063015, MG117559, TM000A07101&hellip;<\/p>\n","protected":false},"featured_media":48772,"comment_status":"open","ping_status":"closed","template":"","meta":[],"product_cat":[424],"product_tag":[3894],"class_list":{"0":"post-48779","1":"product","2":"type-product","3":"status-publish","4":"has-post-thumbnail","6":"product_cat-demarreur-moteur","7":"product_tag-snelparts-fr","8":"pa_merk-kioti-fr","9":"pa_merk-kubota-fr","11":"first","12":"instock","13":"sale","14":"taxable","15":"shipping-taxable","16":"purchasable","17":"product-type-simple","18":"col-xs-6 col-sm-4","19":"col-md-3 col-lg-3","20":"un-4-cols"},"_links":{"self":[{"href":"https:\/\/shop4trac.com\/fr\/wp-json\/wp\/v2\/product\/48779","targetHints":{"allow":["GET"]}}],"collection":[{"href":"https:\/\/shop4trac.com\/fr\/wp-json\/wp\/v2\/product"}],"about":[{"href":"https:\/\/shop4trac.com\/fr\/wp-json\/wp\/v2\/types\/product"}],"replies":[{"embeddable":true,"href":"https:\/\/shop4trac.com\/fr\/wp-json\/wp\/v2\/comments?post=48779"}],"wp:featuredmedia":[{"embeddable":true,"href":"https:\/\/shop4trac.com\/fr\/wp-json\/wp\/v2\/media\/48772"}],"wp:attachment":[{"href":"https:\/\/shop4trac.com\/fr\/wp-json\/wp\/v2\/media?parent=48779"}],"wp:term":[{"taxonomy":"product_cat","embeddable":true,"href":"https:\/\/shop4trac.com\/fr\/wp-json\/wp\/v2\/product_cat?post=48779"},{"taxonomy":"product_tag","embeddable":true,"href":"https:\/\/shop4trac.com\/fr\/wp-json\/wp\/v2\/product_tag?post=48779"}],"curies":[{"name":"wp","href":"https:\/\/api.w.org\/{rel}","templated":true}]}}