{"id":48429,"date":"2022-03-17T15:52:40","date_gmt":"2022-03-17T14:52:40","guid":{"rendered":"https:\/\/shop4trac.com\/non%20class\u00e9\/kit-dembrayage-iseki-ta-tl-tu\/"},"modified":"2025-09-02T21:44:27","modified_gmt":"2025-09-02T19:44:27","slug":"kit-dembrayage-iseki-ta-tl-tu","status":"publish","type":"product","link":"https:\/\/shop4trac.com\/fr\/embrayage-transmission\/kit-dembrayage\/kit-dembrayage-iseki-ta-tl-tu\/","title":{"rendered":"Kit d\u2019embrayage Iseki TA210 \u2013 TA317 | TL2100 \u2013 TL2701 | TU197 \u2013 TU257"},"content":{"rendered":"<div class=\"short-description value\">\n<h4><b>Kit d\u2019embrayage \u2013 Complet, robuste et fiable<\/b><\/h4>\n<p class=\"p3\">Cet ensemble d&#8217;embrayage a \u00e9t\u00e9 soigneusement con\u00e7u pour un fonctionnement durable sans probl\u00e8me !<\/p>\n<p class=\"p3\">\u2705 <span class=\"s2\"><b>Remplacement complet<\/b><\/span> \u2013 En raison de l&rsquo;anciennet\u00e9, il est souvent pr\u00e9f\u00e9rable de tout remplacer simultan\u00e9ment !<\/p>\n<p class=\"p3\">\u2705 <span class=\"s2\"><b>But\u00e9e d&#8217;embrayage incluse<\/b><\/span> \u2013 pr\u00eat pour un montage imm\u00e9diat sans pi\u00e8ces suppl\u00e9mentaires<\/p>\n<p class=\"p3\">\u2705 <span class=\"s2\"><b>Roulement pilote inclus<\/b><\/span> \u2013 souvent oubli\u00e9, mais crucial lors d&rsquo;une r\u00e9vision compl\u00e8te de l&#8217;embrayage<\/p>\n<hr>\n<h5><b>Sp\u00e9cifications techniques<\/b><\/h5>\n<p class=\"p4\"><b>Disque d&#8217;embrayage<\/b><b><\/b><\/p>\n<ul>\n<li class=\"p1\"><span class=\"s1\">Diam\u00e8tre : <\/span><b>225 mm (8,86&Prime;)<\/b><b><\/b><\/li>\n<li class=\"p1\">Denture : <span class=\"s1\"><b>13 cannelures<\/b><\/span><\/li>\n<\/ul>\n<p class=\"p4\"><b>But\u00e9e d\u2019embrayage<\/b><b><\/b><\/p>\n<ul>\n<li>\n<p class=\"p1\"><span class=\"s1\">Dimensions : <\/span><b>74 mm (ext\u00e9rieur) x 45 mm (int\u00e9rieur) x 18 mm (hauteur)<\/b><\/p>\n<\/li>\n<\/ul>\n<p class=\"p4\"><b>M\u00e9canisme d\u2019embrayage<\/b><b><\/b><\/p>\n<ul>\n<li class=\"p1\">Diam\u00e8tre : <span class=\"s1\"><b>225\u2013230 mm<\/b><b><\/b><\/span><\/li>\n<li class=\"p1\">Largeur totale de la surface de montage : <span class=\"s1\"><b>280 mm<\/b><\/span><\/li>\n<\/ul>\n<p class=\"p4\"><b>Roulement pilote<\/b><b><\/b><\/p>\n<ul>\n<li class=\"p1\">Diam\u00e8tre int\u00e9rieur (DI) : <span class=\"s1\"><b>0,669&Prime; (17 mm)<\/b><b><\/b><\/span><\/li>\n<li class=\"p1\">Diam\u00e8tre ext\u00e9rieur (DE) : <span class=\"s1\"><b>1,575&Prime; (40 mm)<\/b><b><\/b><\/span><\/li>\n<li class=\"p1\"><span class=\"s1\">Largeur : <\/span><b>0,472&Prime; (12 mm)<\/b><b><\/b><\/li>\n<li class=\"p1\"><b>Dimensions : <\/b><span class=\"s1\">17x40x12<\/span><\/li>\n<\/ul>\n<p><strong>Convient aux mod\u00e8les suivants :<\/strong><\/p>\n<p><strong>Agco<\/strong><\/p>\n<ul>\n<li>ST30, ST30X, ST35 <span style=\"text-decoration: underline\"><strong>Embrayage simple \u2013 embrayage unique&nbsp;!<\/strong><\/span><\/li>\n<\/ul>\n<p><strong>Iseki<\/strong><\/p>\n<ul>\n<li>TA210, TA230, TA250, TA270, TA215, TA235, TA255, TA275 \u2013 Landleader<\/li>\n<li>TA525, TA530, TA525F, TA530F \u2013 <span style=\"text-decoration: underline\"><strong>Embrayage simple \u2013 embrayage unique !<\/strong><\/span><\/li>\n<li>TA207, TA227, TA247, TA262, TA263, TA267, TA287, TA317 \u2013 Landleader<\/li>\n<li>savoirs traditionnels21, savoirs traditionnels25<\/li>\n<li>TL2100, TL2300, TL2500, TL2501, TL2700, TL2701, TU220, TU240, TU324F<\/li>\n<li>TU197F <strong>Num\u00e9ro de ch\u00e2ssis \u2013 num\u00e9ro d&rsquo;immatriculation<\/strong> 1 \u2013 1245<\/li>\n<li>TU217F <strong>Num\u00e9ro de ch\u00e2ssis \u2013 num\u00e9ro d&rsquo;enregistrement<\/strong> 1 \u2013 1133<\/li>\n<li>TU237, TU257<\/li>\n<li>TU225, TU225F, TU245, TU245F<\/li>\n<li>TU220F, TU220, TU240, TU240F<\/li>\n<\/ul>\n<p><strong>OEM pour r\u00e9f\u00e9rence<\/strong><\/p>\n<ul>\n<li>1445-120-201-00 \u2013 <strong>Disque d&#8217;embrayage<\/strong><\/li>\n<li>1445-120-2000-0 \u2013 assemblage<\/li>\n<li>1445-120-202-00 \u2013 <strong>Embrayage M\u00e9canisme d\u2019embrayage<\/strong><\/li>\n<li>1445-120-002-00 \u2013 <strong>But\u00e9e d\u2019embrayage de d\u00e9brayage<\/strong><\/li>\n<\/ul>\n<\/div>\n","protected":false},"excerpt":{"rendered":"<p>Kit d\u2019embrayage \u2013 Complet, robuste et fiable Cet ensemble d&#8217;embrayage a \u00e9t\u00e9 soigneusement con\u00e7u pour un fonctionnement durable sans probl\u00e8me ! \u2705 Remplacement complet \u2013 En raison de l&rsquo;anciennet\u00e9, il est souvent pr\u00e9f\u00e9rable de tout remplacer simultan\u00e9ment ! \u2705 But\u00e9e d&#8217;embrayage incluse \u2013 pr\u00eat pour un montage imm\u00e9diat sans pi\u00e8ces suppl\u00e9mentaires \u2705 Roulement pilote inclus&hellip;<\/p>\n","protected":false},"featured_media":156463,"comment_status":"open","ping_status":"closed","template":"","meta":[],"product_cat":[441],"product_tag":[3894],"class_list":{"0":"post-48429","1":"product","2":"type-product","3":"status-publish","4":"has-post-thumbnail","6":"product_cat-kit-dembrayage","7":"product_tag-snelparts-fr","8":"pa_merk-agco-fr","9":"pa_merk-bolens-fr","10":"pa_merk-iseki-fr","12":"first","13":"instock","14":"sale","15":"taxable","16":"shipping-taxable","17":"purchasable","18":"product-type-simple","19":"col-xs-6 col-sm-4","20":"col-md-3 col-lg-3","21":"un-4-cols"},"_links":{"self":[{"href":"https:\/\/shop4trac.com\/fr\/wp-json\/wp\/v2\/product\/48429","targetHints":{"allow":["GET"]}}],"collection":[{"href":"https:\/\/shop4trac.com\/fr\/wp-json\/wp\/v2\/product"}],"about":[{"href":"https:\/\/shop4trac.com\/fr\/wp-json\/wp\/v2\/types\/product"}],"replies":[{"embeddable":true,"href":"https:\/\/shop4trac.com\/fr\/wp-json\/wp\/v2\/comments?post=48429"}],"wp:featuredmedia":[{"embeddable":true,"href":"https:\/\/shop4trac.com\/fr\/wp-json\/wp\/v2\/media\/156463"}],"wp:attachment":[{"href":"https:\/\/shop4trac.com\/fr\/wp-json\/wp\/v2\/media?parent=48429"}],"wp:term":[{"taxonomy":"product_cat","embeddable":true,"href":"https:\/\/shop4trac.com\/fr\/wp-json\/wp\/v2\/product_cat?post=48429"},{"taxonomy":"product_tag","embeddable":true,"href":"https:\/\/shop4trac.com\/fr\/wp-json\/wp\/v2\/product_tag?post=48429"}],"curies":[{"name":"wp","href":"https:\/\/api.w.org\/{rel}","templated":true}]}}