{"id":47983,"date":"2022-03-16T13:33:02","date_gmt":"2022-03-16T12:33:02","guid":{"rendered":"https:\/\/shop4trac.com\/non%20class\u00e9\/tuyau-de-trop-plein-de-carburant-kubota-d902\/"},"modified":"2025-09-25T12:38:56","modified_gmt":"2025-09-25T10:38:56","slug":"tuyau-de-trop-plein-de-carburant-kubota-d902","status":"publish","type":"product","link":"https:\/\/shop4trac.com\/fr\/pieces-de-moteur\/tuyau-de-trop-plein-de-carburant\/tuyau-de-trop-plein-de-carburant-kubota-d902\/","title":{"rendered":"Conduite de retour Kubota D902"},"content":{"rendered":"<div>Conduite de retour de haute qualit\u00e9, livr\u00e9e avec joints d&rsquo;\u00e9tanch\u00e9it\u00e9 qui doivent <strong>toujours<\/strong> \u00eatre remplac\u00e9s pour \u00e9viter les fuites.<\/p>\n<\/div>\n<div>? Caract\u00e9ristiques :<\/p>\n<\/div>\n<div>\u2714\ufe0f Livr\u00e9 avec joints d&rsquo;\u00e9tanch\u00e9it\u00e9 en cuivre \u2013 \u00e9vite les fuites lors du montage<\/p>\n<\/div>\n<div>\u2714\ufe0f Ajustement de haute qualit\u00e9 \u2013 adapt\u00e9 aux moteurs et machines Kubota<\/p>\n<\/div>\n<div>\u2714\ufe0f Large application \u2013 \u00e9galement utilisable sur les machines d&rsquo;autres marques<\/div>\n<p>Conduite de retour adapt\u00e9e pour&nbsp;:<\/p>\n<p><strong>Kubota :<\/strong><\/p>\n<ul>\n<li>BX2230D, BX2350D, BX2360, BX2370, BX2370-1, BX2380, BX23S, BX24D, BX25, BX25DLB<\/li>\n<li>KX018-4, KX41-3, KX41-3-02<\/li>\n<li>RTV900, RTV-X900<\/li>\n<\/ul>\n<p><strong>Moteur<\/strong><\/p>\n<ul>\n<li>D902<\/li>\n<\/ul>\n<p><strong>R\u00e9f\u00e9rence OEM :<\/strong><\/p>\n<ul>\n<li>1G962-42500<\/li>\n<\/ul>\n","protected":false},"excerpt":{"rendered":"<p>Conduite de retour de haute qualit\u00e9, livr\u00e9e avec joints d&rsquo;\u00e9tanch\u00e9it\u00e9 qui doivent toujours \u00eatre remplac\u00e9s pour \u00e9viter les fuites. ? Caract\u00e9ristiques : \u2714\ufe0f Livr\u00e9 avec joints d&rsquo;\u00e9tanch\u00e9it\u00e9 en cuivre \u2013 \u00e9vite les fuites lors du montage \u2714\ufe0f Ajustement de haute qualit\u00e9 \u2013 adapt\u00e9 aux moteurs et machines Kubota \u2714\ufe0f Large application \u2013 \u00e9galement utilisable sur&hellip;<\/p>\n","protected":false},"featured_media":166993,"comment_status":"open","ping_status":"closed","template":"","meta":[],"product_cat":[7200],"product_tag":[3894],"class_list":{"0":"post-47983","1":"product","2":"type-product","3":"status-publish","4":"has-post-thumbnail","6":"product_cat-tuyau-de-trop-plein-de-carburant","7":"product_tag-snelparts-fr","9":"first","10":"instock","11":"taxable","12":"shipping-taxable","13":"purchasable","14":"product-type-simple","15":"col-xs-6 col-sm-4","16":"col-md-3 col-lg-3","17":"un-4-cols"},"_links":{"self":[{"href":"https:\/\/shop4trac.com\/fr\/wp-json\/wp\/v2\/product\/47983","targetHints":{"allow":["GET"]}}],"collection":[{"href":"https:\/\/shop4trac.com\/fr\/wp-json\/wp\/v2\/product"}],"about":[{"href":"https:\/\/shop4trac.com\/fr\/wp-json\/wp\/v2\/types\/product"}],"replies":[{"embeddable":true,"href":"https:\/\/shop4trac.com\/fr\/wp-json\/wp\/v2\/comments?post=47983"}],"wp:featuredmedia":[{"embeddable":true,"href":"https:\/\/shop4trac.com\/fr\/wp-json\/wp\/v2\/media\/166993"}],"wp:attachment":[{"href":"https:\/\/shop4trac.com\/fr\/wp-json\/wp\/v2\/media?parent=47983"}],"wp:term":[{"taxonomy":"product_cat","embeddable":true,"href":"https:\/\/shop4trac.com\/fr\/wp-json\/wp\/v2\/product_cat?post=47983"},{"taxonomy":"product_tag","embeddable":true,"href":"https:\/\/shop4trac.com\/fr\/wp-json\/wp\/v2\/product_tag?post=47983"}],"curies":[{"name":"wp","href":"https:\/\/api.w.org\/{rel}","templated":true}]}}