{"id":47493,"date":"2022-02-22T16:00:10","date_gmt":"2022-02-22T15:00:10","guid":{"rendered":"https:\/\/shop4trac.com\/non%20class\u00e9\/lumiere-clignotante-iseki-tu-landhope-ta-landleader-yanmar\/"},"modified":"2026-03-23T13:46:32","modified_gmt":"2026-03-23T12:46:32","slug":"blink-iseki-tu-landhope-ta-landleader","status":"publish","type":"product","link":"https:\/\/shop4trac.com\/fr\/pieces-electriques\/eclairage\/blink-iseki-tu-landhope-ta-landleader\/","title":{"rendered":"Clignotant iseki TU landhope | TA landleader | yanmar"},"content":{"rendered":"<p>Feu clignotant adapt\u00e9 \u00e0 plusieurs mod\u00e8les.<\/p>\n<p><strong>Iseki<\/strong><\/p>\n<ul>\n<li>TA country leader\n<ul>\n<li>Iseki TA207, Iseki TA210, Iseki TA215, Iseki TA227, Iseki TA230, Iseki TA235, Iseki TA247, Iseki TA250,<\/li>\n<li>Iseki TA255, Iseki TA262, Iseki TA267, Iseki TA270, Iseki TA287, Iseki TA295, Iseki TA317, Iseki TA320,<br \/>\n Iseki TA357<\/li>\n<\/ul>\n<\/li>\n<li>TU landhope (facelift)\n<ul>\n<li>TU145, TU157, TU165, TU175, TU177<\/li>\n<li>TU185, TU205, TU257<\/li>\n<\/ul>\n<\/li>\n<\/ul>\n<p><strong>Yanmar<\/strong><\/p>\n<ul>\n<li>EF352T, EF393T, EF494T, EF453T<\/li>\n<\/ul>\n<p><strong>Grand<\/strong>&nbsp;:<\/p>\n<ul>\n<li>58mmx58mm<\/li>\n<\/ul>\n<p>OEM pour r\u00e9f\u00e9rence<\/p>\n<ul>\n<li class=\"p1\">2144-545-200-00<\/li>\n<li>\n<p class=\"p1\">2144-546-201-00<\/p>\n<\/li>\n<\/ul>\n","protected":false},"excerpt":{"rendered":"<p>Feu clignotant adapt\u00e9 \u00e0 plusieurs mod\u00e8les. Iseki TA country leader Iseki TA207, Iseki TA210, Iseki TA215, Iseki TA227, Iseki TA230, Iseki TA235, Iseki TA247, Iseki TA250, Iseki TA255, Iseki TA262, Iseki TA267, Iseki TA270, Iseki TA287, Iseki TA295, Iseki TA317, Iseki TA320, Iseki TA357 TU landhope (facelift) TU145, TU157, TU165, TU175, TU177 TU185, TU205, TU257&hellip;<\/p>\n","protected":false},"featured_media":47448,"comment_status":"open","ping_status":"closed","template":"","meta":[],"product_cat":[425],"product_tag":[3894],"class_list":{"0":"post-47493","1":"product","2":"type-product","3":"status-publish","4":"has-post-thumbnail","6":"product_cat-eclairage","7":"product_tag-snelparts-fr","8":"pa_merk-hinomoto-fr","9":"pa_merk-iseki-fr","10":"pa_merk-kubota-fr","11":"pa_merk-mitsubishi-fr","12":"pa_merk-satoh-fr","13":"pa_merk-shibaura-fr","14":"pa_merk-yanmar-fr","16":"first","17":"instock","18":"featured","19":"taxable","20":"shipping-taxable","21":"purchasable","22":"product-type-simple","23":"col-xs-6 col-sm-4","24":"col-md-3 col-lg-3","25":"un-4-cols"},"_links":{"self":[{"href":"https:\/\/shop4trac.com\/fr\/wp-json\/wp\/v2\/product\/47493","targetHints":{"allow":["GET"]}}],"collection":[{"href":"https:\/\/shop4trac.com\/fr\/wp-json\/wp\/v2\/product"}],"about":[{"href":"https:\/\/shop4trac.com\/fr\/wp-json\/wp\/v2\/types\/product"}],"replies":[{"embeddable":true,"href":"https:\/\/shop4trac.com\/fr\/wp-json\/wp\/v2\/comments?post=47493"}],"wp:featuredmedia":[{"embeddable":true,"href":"https:\/\/shop4trac.com\/fr\/wp-json\/wp\/v2\/media\/47448"}],"wp:attachment":[{"href":"https:\/\/shop4trac.com\/fr\/wp-json\/wp\/v2\/media?parent=47493"}],"wp:term":[{"taxonomy":"product_cat","embeddable":true,"href":"https:\/\/shop4trac.com\/fr\/wp-json\/wp\/v2\/product_cat?post=47493"},{"taxonomy":"product_tag","embeddable":true,"href":"https:\/\/shop4trac.com\/fr\/wp-json\/wp\/v2\/product_tag?post=47493"}],"curies":[{"name":"wp","href":"https:\/\/api.w.org\/{rel}","templated":true}]}}