{"id":46222,"date":"2022-01-25T16:39:57","date_gmt":"2022-01-25T15:39:57","guid":{"rendered":"https:\/\/shop4trac.com\/non%20class\u00e9\/sonde-de-temperature-mitsubishi-iseki\/"},"modified":"2026-03-22T14:26:36","modified_gmt":"2026-03-22T13:26:36","slug":"sonde-de-temperature-mitsubishi-iseki","status":"publish","type":"product","link":"https:\/\/shop4trac.com\/fr\/refroidissement-et-radiateurs\/sonde-de-temperature-interrupteur\/sonde-de-temperature-mitsubishi-iseki\/","title":{"rendered":"Thermostat Mitsubishi K3A \u2013 K3F | K4A-K4F | Iseki | Satoh"},"content":{"rendered":"<p>Capteur de temp\u00e9rature adapt\u00e9 \u00e0<\/p>\n<p><strong>Donn\u00e9es techniques<\/strong><\/p>\n<ul>\n<li>Filetage M16, longueur 51mm<\/li>\n<\/ul>\n<p><strong>Iseki<\/strong><\/p>\n<ul>\n<li>TX1210, TX1300, TX1410, TX1500, TX1510, TX145, TX155, TX2140, TX2160<\/li>\n<li>TU1400, TU1500, TU1600, TU1401, TU1501, TU1601<\/li>\n<li>TU120, TU125, TU127, TU130, TU135, TU137, TU140, TU145, TU147, TU150, TU155, TU157, TU160, TU165, TU167, TU170, TU175, TU177<\/li>\n<\/ul>\n<p><strong>Bolens<\/strong><\/p>\n<ul>\n<li>G152, G154, G172, G174<\/li>\n<\/ul>\n<p><strong>Mitsubishi<\/strong><\/p>\n<ul>\n<li>D1300, D1450, D1500, D1550, D1600, D1650, D1800, D1850, D2050, D2350<\/li>\n<li>MTX225, MTX245<\/li>\n<li>MTE1800, MTE2000<\/li>\n<li>MT14, MT15, MT16, MT17, MT18, MT20, MT21, MT22, MT23, MT24, MT25, MT26, MT27, MT30, MT33, MT160, MT180, MT205, MT210, MT245, MT372, MT373, MT470<\/li>\n<li>MT1401, MT1601, MT1801, MT2001, MT2201, MT2501<\/li>\n<\/ul>\n<p><strong>Suzue<\/strong><\/p>\n<ul>\n<li>M2001<\/li>\n<\/ul>\n<p><strong>Satoh<\/strong><\/p>\n<ul>\n<li>S370, S373, S470<\/li>\n<li>ST1300, ST1420, ST1440, ST1500, ST1510, ST1520, ST1540, ST1600, ST1620, ST1640, ST1800, ST1820, ST1840, ST2001, ST2020, ST2320, ST2340, ST2501<\/li>\n<\/ul>\n<p><strong>OEM pour r\u00e9f\u00e9rence&nbsp;:<\/strong><\/p>\n<ul>\n<li>MM409383<\/li>\n<li>31390-00100, MC-853456, Me-049259, 94640-21020, 94650-21010, 94650-11402, 94650-21020<\/li>\n<li>5650-040-938-30, 565004093830<\/li>\n<\/ul>\n<p><strong>Moteurs :<\/strong><\/p>\n<ul>\n<li>K3A, K3B, K3C, K3D, K3E, K3F<\/li>\n<li>K2B<\/li>\n<li>K4A, K4B, K4C, K4D, K4E, K4F<\/li>\n<li>\n<p class=\"p1\">KE70, KE75, KE80, KE85, KE95, KE130, KE135<\/p>\n<\/li>\n<\/ul>\n","protected":false},"excerpt":{"rendered":"<p>Capteur de temp\u00e9rature adapt\u00e9 \u00e0 Donn\u00e9es techniques Filetage M16, longueur 51mm Iseki TX1210, TX1300, TX1410, TX1500, TX1510, TX145, TX155, TX2140, TX2160 TU1400, TU1500, TU1600, TU1401, TU1501, TU1601 TU120, TU125, TU127, TU130, TU135, TU137, TU140, TU145, TU147, TU150, TU155, TU157, TU160, TU165, TU167, TU170, TU175, TU177 Bolens G152, G154, G172, G174 Mitsubishi D1300, D1450, D1500, D1550,&hellip;<\/p>\n","protected":false},"featured_media":46303,"comment_status":"open","ping_status":"closed","template":"","meta":[],"product_cat":[6796],"product_tag":[3894],"class_list":{"0":"post-46222","1":"product","2":"type-product","3":"status-publish","4":"has-post-thumbnail","6":"product_cat-sonde-de-temperature-interrupteur","7":"product_tag-snelparts-fr","8":"pa_merk-bolens-fr","9":"pa_merk-iseki-fr","10":"pa_merk-mitsubishi-fr","11":"pa_merk-satoh-fr","12":"pa_merk-suzue-fr","14":"first","15":"instock","16":"taxable","17":"shipping-taxable","18":"purchasable","19":"product-type-simple","20":"col-xs-6 col-sm-4","21":"col-md-3 col-lg-3","22":"un-4-cols"},"_links":{"self":[{"href":"https:\/\/shop4trac.com\/fr\/wp-json\/wp\/v2\/product\/46222","targetHints":{"allow":["GET"]}}],"collection":[{"href":"https:\/\/shop4trac.com\/fr\/wp-json\/wp\/v2\/product"}],"about":[{"href":"https:\/\/shop4trac.com\/fr\/wp-json\/wp\/v2\/types\/product"}],"replies":[{"embeddable":true,"href":"https:\/\/shop4trac.com\/fr\/wp-json\/wp\/v2\/comments?post=46222"}],"wp:featuredmedia":[{"embeddable":true,"href":"https:\/\/shop4trac.com\/fr\/wp-json\/wp\/v2\/media\/46303"}],"wp:attachment":[{"href":"https:\/\/shop4trac.com\/fr\/wp-json\/wp\/v2\/media?parent=46222"}],"wp:term":[{"taxonomy":"product_cat","embeddable":true,"href":"https:\/\/shop4trac.com\/fr\/wp-json\/wp\/v2\/product_cat?post=46222"},{"taxonomy":"product_tag","embeddable":true,"href":"https:\/\/shop4trac.com\/fr\/wp-json\/wp\/v2\/product_tag?post=46222"}],"curies":[{"name":"wp","href":"https:\/\/api.w.org\/{rel}","templated":true}]}}