{"id":44149,"date":"2021-11-15T17:48:52","date_gmt":"2021-11-15T15:48:52","guid":{"rendered":"https:\/\/shop4trac.com\/?post_type=product&#038;p=44149"},"modified":"2026-04-01T10:04:15","modified_gmt":"2026-04-01T09:04:15","slug":"pompe-a-eau-kubota-v2203-m-di-v2403-avec-connexion-supplementaire","status":"publish","type":"product","link":"https:\/\/shop4trac.com\/fr\/refroidissement-et-radiateurs\/pompes-a-eau\/pompe-a-eau-kubota-v2203-m-di-v2403-avec-connexion-supplementaire\/","title":{"rendered":"Pompe \u00e0 eau Kubota D1803M | V2203 M-DI | V2403 avec tuyau suppl\u00e9mentaire"},"content":{"rendered":"<p>Pompe \u00e0 eau de qualit\u00e9 sup\u00e9rieure compatible avec les moteurs Kubota suivants :<\/p>\n<ul>\n<li>D1803, D1803M<\/li>\n<li>V2203 M-DI<\/li>\n<li>V2403<\/li>\n<li>D1503<\/li>\n<\/ul>\n<div><strong>Bobcat<\/strong><\/div>\n<ul>\n<li>331, 334, 337, 341<\/li>\n<li>S130, S150, S160, S175<\/li>\n<li>753, 763, 773<\/li>\n<\/ul>\n<p><strong>Kubota<\/strong><\/p>\n<ul>\n<li>KX101-3<\/li>\n<li>KX161-2, KX121, U45-S, R510, R520<\/li>\n<li>V2003-M, V2203-M, V2203-MD, V2403-M, V2403-M-DI<\/li>\n<li>Cas 560, 1838<\/li>\n<\/ul>\n<p><strong>R\u00e9f\u00e9rence OEM :<\/strong><\/p>\n<ul>\n<li>1G730-73032 1G730-73030<\/li>\n<li>1G730-7303-2<\/li>\n<\/ul>\n<p>Le V2203 dispose d&rsquo;une version sans M-DI ; cette pompe \u00e0 eau est diff\u00e9rente ! Veuillez consulter notre collection pour l&rsquo;autre pompe \u00e0 eau. <\/p>\n<p>\u2705 Y compris le joint correspondant<\/p>\n","protected":false},"excerpt":{"rendered":"<p>Pompe \u00e0 eau de qualit\u00e9 sup\u00e9rieure compatible avec les moteurs Kubota suivants : D1803, D1803M V2203 M-DI V2403 D1503 Bobcat 331, 334, 337, 341 S130, S150, S160, S175 753, 763, 773 Kubota KX101-3 KX161-2, KX121, U45-S, R510, R520 V2003-M, V2203-M, V2203-MD, V2403-M, V2403-M-DI Cas 560, 1838 R\u00e9f\u00e9rence OEM : 1G730-73032 1G730-73030 1G730-7303-2 Le V2203 dispose&hellip;<\/p>\n","protected":false},"featured_media":90749,"comment_status":"open","ping_status":"closed","template":"","meta":[],"product_cat":[437],"product_tag":[3894,2863,2866],"class_list":{"0":"post-44149","1":"product","2":"type-product","3":"status-publish","4":"has-post-thumbnail","6":"product_cat-pompes-a-eau","7":"product_tag-snelparts-fr","8":"product_tag-v2203-fr","9":"product_tag-v2403-fr","10":"pa_merk-bobcat-fr","11":"pa_merk-kubota-fr","12":"pa_model-1838-fr","13":"pa_model-331-fr","14":"pa_model-334-fr","15":"pa_model-337-fr","16":"pa_model-341-fr","17":"pa_model-753-fr","18":"pa_model-763-fr","19":"pa_model-773-fr","20":"pa_model-cas-560","21":"pa_model-gl-40-fr","22":"pa_model-gl-400-fr","23":"pa_model-gl417-fr","24":"pa_model-gl418-fr","25":"pa_model-gl467-fr","26":"pa_model-kl37z-fr","27":"pa_model-kl38-fr","28":"pa_model-kl380-fr","29":"pa_model-kl385-fr","30":"pa_model-kl3950-fr","31":"pa_model-kl40z-fr","32":"pa_model-kl41-fr","33":"pa_model-kl410-fr","34":"pa_model-kl415-fr","35":"pa_model-kl44z-fr","36":"pa_model-kl46-fr","37":"pa_model-kl460-fr","38":"pa_model-kl465-fr","39":"pa_model-kl4750-fr-2","40":"pa_model-kl48z-fr","41":"pa_model-kl50-fr","42":"pa_model-kl500-fr","43":"pa_model-kl505-fr","44":"pa_model-kl5150-fr","45":"pa_model-kl53z-fr","46":"pa_model-kl550-fr","47":"pa_model-kl5550-fr","48":"pa_model-kl58z-fr","49":"pa_model-kx121-fr","50":"pa_model-kx161-2-fr","51":"pa_model-l4200-fr","52":"pa_model-l4350-fr","53":"pa_model-l5030-fr","54":"pa_model-m4800su-fr","55":"pa_model-m5140-fr","56":"pa_model-m5660su-fr","57":"pa_model-mx4700-fr","58":"pa_model-mx5000-fr","59":"pa_model-mx5100-fr","60":"pa_model-r510-fr","61":"pa_model-r520-fr","62":"pa_model-s130-fr","63":"pa_model-s150-fr","64":"pa_model-s160-fr","65":"pa_model-s175-fr","66":"pa_model-u45-s-fr","67":"pa_motor-v2003-m-fr","68":"pa_motor-v2203-fr","69":"pa_motor-v2203-m-fr","70":"pa_motor-v2203-m-d-fr","71":"pa_motor-v2403-fr","72":"pa_motor-v2403-m-fr","73":"pa_motor-v2403-m-di-fr","75":"first","76":"instock","77":"taxable","78":"shipping-taxable","79":"purchasable","80":"product-type-simple","81":"col-xs-6 col-sm-4","82":"col-md-3 col-lg-3","83":"un-4-cols"},"_links":{"self":[{"href":"https:\/\/shop4trac.com\/fr\/wp-json\/wp\/v2\/product\/44149","targetHints":{"allow":["GET"]}}],"collection":[{"href":"https:\/\/shop4trac.com\/fr\/wp-json\/wp\/v2\/product"}],"about":[{"href":"https:\/\/shop4trac.com\/fr\/wp-json\/wp\/v2\/types\/product"}],"replies":[{"embeddable":true,"href":"https:\/\/shop4trac.com\/fr\/wp-json\/wp\/v2\/comments?post=44149"}],"wp:featuredmedia":[{"embeddable":true,"href":"https:\/\/shop4trac.com\/fr\/wp-json\/wp\/v2\/media\/90749"}],"wp:attachment":[{"href":"https:\/\/shop4trac.com\/fr\/wp-json\/wp\/v2\/media?parent=44149"}],"wp:term":[{"taxonomy":"product_cat","embeddable":true,"href":"https:\/\/shop4trac.com\/fr\/wp-json\/wp\/v2\/product_cat?post=44149"},{"taxonomy":"product_tag","embeddable":true,"href":"https:\/\/shop4trac.com\/fr\/wp-json\/wp\/v2\/product_tag?post=44149"}],"curies":[{"name":"wp","href":"https:\/\/api.w.org\/{rel}","templated":true}]}}