{"id":42979,"date":"2021-11-01T13:20:49","date_gmt":"2021-11-01T12:20:49","guid":{"rendered":"https:\/\/shop4trac.com\/?post_type=product&#038;p=42979"},"modified":"2025-11-25T21:21:30","modified_gmt":"2025-11-25T19:21:30","slug":"culasse-l3e","status":"publish","type":"product","link":"https:\/\/shop4trac.com\/fr\/pieces-de-moteur\/culasses\/culasse-l3e\/","title":{"rendered":"Culasse + kit de r\u00e9paration Mitsubishi L3E | Moteur L3E2 MVL3E | Peljob"},"content":{"rendered":"<h4><b>Culasse nue \u2013 avec si\u00e8ges de soupapes pr\u00e9-mont\u00e9s<\/b><\/h4>\n<p class=\"p3\">Cette culasse est fabriqu\u00e9e \u00e0 partir de mat\u00e9riaux de haute qualit\u00e9 et est livr\u00e9e comme une culasse nue avec des si\u00e8ges de soupapes d\u00e9j\u00e0 mont\u00e9s. La culasse est ainsi pr\u00eate pour un assemblage ult\u00e9rieur avec vos composants existants ou nouveaux. <\/p>\n<p class=\"p3\">\u2705 Nouvelle culasse de haute qualit\u00e9<\/p>\n<p class=\"p3\">\u2705 Si\u00e8ges de soupapes d\u00e9j\u00e0 mont\u00e9s<\/p>\n<p class=\"p3\">\u2714\ufe0f <span class=\"s2\"><b>Kit de r\u00e9vision complet<\/b><\/span> pour Mitsubishi L3E | L3E2<\/p>\n<p class=\"p3\">\u2714\ufe0f <strong>Kit<\/strong> complet avec joints pour ; <strong>joint de culasse (set)<\/strong>, <strong>joints de vilebrequin avant et arri\u00e8re<\/strong>, <strong>joints de queue de soupape<\/strong>, <strong>joint de carter d&rsquo;huile<\/strong>, <strong>joints d&rsquo;\u00e9chappement<\/strong>, <strong>joints d&rsquo;admission<\/strong>, <strong>joints d&rsquo;\u00e9tanch\u00e9it\u00e9<\/strong> et autres <strong>joints<\/strong> comme sur la photo.<\/p>\n<p class=\"p3\">\u2714\ufe0f <span class=\"s2\"><b>Nouveaux joints de soupapes<\/b><\/span> pour r\u00e9duire la consommation d&rsquo;huile<\/p>\n<p class=\"p3\">\u2714\ufe0f <span class=\"s2\"><b>3x bougies de pr\u00e9chauffage<\/b><\/span> \u2013 cassent souvent \u2192 remplacement pr\u00e9ventif<\/p>\n<p class=\"p4\"><span class=\"s3\">\u2714\ufe0f <\/span><b>Joint de culasse europ\u00e9en de haute qualit\u00e9<\/b><\/p>\n<p><span class=\"s3\">\u2714\ufe0f 2<\/span><b>x Boulon de culasse \u2013 <\/b>Il arrive parfois qu&rsquo;un seul boulon de culasse se casse. Comme le L3E a deux longueurs diff\u00e9rentes, il y en a 2 inclus. <\/p>\n<p class=\"p3\">Id\u00e9ale pour ceux qui veulent garder le contr\u00f4le sur l&rsquo;assemblage final ou r\u00e9utiliser des pi\u00e8ces sp\u00e9cifiques.<\/p>\n<p><b>Mitsubishi<\/b><\/p>\n<ul>\n<li>MT16, MT165<\/li>\n<\/ul>\n<p><strong>Mahindra<\/strong><\/p>\n<ul>\n<li>1816<\/li>\n<\/ul>\n<p><strong>Moteur Mitsubishi<\/strong><\/p>\n<ul>\n<li>MVL3E, L3E, L3E2-65ESB<\/li>\n<li>L3E, L3E-SD, L3E-SDH, L3E-61SD, L3E-61SDH, L3E-W262KL, L3E-W462KL, L3E-6ACAM, L3E-W461DPP Tier 4 Final, L3E-31NS, L3E-31NSA<\/li>\n<li>L3E-W231NSA, L3E-W431NSA, L3E-61HMG, L3E-W231KBS, L3E-61R, L3E-31KS, L3E-31NCN, L3E-W231KBS, L3E-W431KBS, L3E-W462KL, L3E-62KL, L3E-W462KLY, L3E-63ES<\/li>\n<\/ul>\n<p><strong>Mitsubishi <\/strong><\/p>\n<ul>\n<li>MT15, MT16, MT17D, MT155, MT156, MT165, MT1600, MT1800<\/li>\n<\/ul>\n<p>Autres machines<\/p>\n<p><strong>AMI<\/strong> :<\/p>\n<ul>\n<li>GS0011M32S, GS0006M32S<\/li>\n<\/ul>\n<p><strong>ATLAS<\/strong><\/p>\n<ul>\n<li>AM15R, AM16R, AM21R, AM15R, AM16R, AM21R<\/li>\n<\/ul>\n<p><strong>Case<\/strong><\/p>\n<ul>\n<li>CX15B s\u00e9rie 2, CX17B ZTS, CX18B s\u00e9rie 2<\/li>\n<\/ul>\n<p><strong>Daewoo Doosan<\/strong><\/p>\n<ul>\n<li>SOLAIRE 015+, SOLAIRE 015 PLUS, SOLAIRE 018 VT<\/li>\n<\/ul>\n<p><strong>Eurocomach<\/strong><\/p>\n<ul>\n<li>  ES 150.3, ES 180.3<\/li>\n<\/ul>\n<p><strong>Hanix<\/strong><\/p>\n<ul>\n<li>H22B<\/li>\n<\/ul>\n<p><strong>Hyundai Heavy Industries (Pelles)<\/strong><\/p>\n<ul>\n<li>R16-9, R15-7, R16-7, R22-7, Robex 15-7, Robex 16-7, Robex 22-7<\/li>\n<\/ul>\n<p><strong>Kobelco<\/strong><\/p>\n<ul>\n<li>SK70SR, SK70SR-3<\/li>\n<\/ul>\n<p><strong>Magnum<\/strong><\/p>\n<ul>\n<li>MLG8, MLG8, MLT5080, MLT5060, MLT3060, MLT3060, MLT3080, MLT3080, MLT4060, MLT4080<\/li>\n<\/ul>\n<p><strong>Mitsubishi<\/strong><\/p>\n<ul>\n<li>GF130PYS1W, MM20CR, MM20SR, MM20, MM20CR, MM20SR, MM20T, MX15<\/li>\n<\/ul>\n<p><strong>New Holland<\/strong><\/p>\n<ul>\n<li>E16 \u00c9volution, E16, E16B, E18 \u00c9volution, E18, E18 SR, E18B, EC15<\/li>\n<\/ul>\n<p><strong>Nagano<\/strong><\/p>\n<ul>\n<li>NS16-3, NS15-3<\/li>\n<\/ul>\n<p><strong>O&amp;K<\/strong><\/p>\n<ul>\n<li>RH 1,21, RH 1,17<\/li>\n<\/ul>\n<p><strong>Pel Job<\/strong><\/p>\n<ul>\n<li>EB200, EB150, EB14.4, EB12.4, EB16.4<\/li>\n<\/ul>\n<p><strong>Ransomes Jacobsen<\/strong><\/p>\n<ul>\n<li>4000T-23D<\/li>\n<\/ul>\n<p><strong>Samofa<\/strong><\/p>\n<ul>\n<li>Industriel L3E2<\/li>\n<\/ul>\n<p><strong>Sol\u00e9 Diesel<\/strong><\/p>\n<ul>\n<li>Sail-Drive (Mini 26), G-15T-3, groupe \u00e9lectrog\u00e8ne, Mini 26, G-6M-15, G-15M-3<\/li>\n<\/ul>\n<p><strong>Trixon<\/strong><\/p>\n<ul>\n<li>N4500<\/li>\n<\/ul>\n<p><strong>Triton<\/strong><\/p>\n<ul>\n<li>15\/6.5<\/li>\n<\/ul>\n<p><strong>Terex<\/strong><\/p>\n<ul>\n<li>Excavatrice Terex TC20, TC16<\/li>\n<\/ul>\n<p><strong>Toro<\/strong><\/p>\n<ul>\n<li>Reelmaster 5100-D, GM 223D, Groundsmaster 323-D, Reelmaster 223-D, Groundsmaster 223-D, Groundsmaster 324-D<\/li>\n<\/ul>\n<p><strong>Vetus<\/strong><\/p>\n<ul>\n<li>M3.28<\/li>\n<\/ul>\n<p><strong>Volvo<\/strong><\/p>\n<ul>\n<li>EC15BXT, EC13<\/li>\n<\/ul>\n<p><strong>Moteur<\/strong><\/p>\n<ul>\n<li>L3E, L3E-SD, L3E-SDH, L3E-61SD, L3E-61SDH, L3E-W262KL, L3E-W462KL, L3E-6ACAM, L3E-W461DPP Tier 4 Final, L3E-31NS, L3E-31NSA, L3E-W231NSA, L3E-W431NSA, L3E-61HMG, L3E-W231KBS, L3E-61R, L3E-31KS, L3E-31NCN, L3E-W231KBS, L3E-W431KBS, L3E-W462KL, L3E-62KL, L3E-W462KLY, L3E-63ESA<\/li>\n<\/ul>\n<p><strong>OEM pour r\u00e9f\u00e9rence<\/strong>; MM437676<\/p>\n","protected":false},"excerpt":{"rendered":"<p>Culasse nue \u2013 avec si\u00e8ges de soupapes pr\u00e9-mont\u00e9s Cette culasse est fabriqu\u00e9e \u00e0 partir de mat\u00e9riaux de haute qualit\u00e9 et est livr\u00e9e comme une culasse nue avec des si\u00e8ges de soupapes d\u00e9j\u00e0 mont\u00e9s. La culasse est ainsi pr\u00eate pour un assemblage ult\u00e9rieur avec vos composants existants ou nouveaux. \u2705 Nouvelle culasse de haute qualit\u00e9 \u2705&hellip;<\/p>\n","protected":false},"featured_media":180769,"comment_status":"open","ping_status":"closed","template":"","meta":[],"product_cat":[450],"product_tag":[3894],"class_list":{"0":"post-42979","1":"product","2":"type-product","3":"status-publish","4":"has-post-thumbnail","6":"product_cat-culasses","7":"product_tag-snelparts-fr","8":"pa_merk-atlas-fr","9":"pa_merk-bobcat-fr","10":"pa_merk-case-fr","11":"pa_merk-mahindra-fr","12":"pa_merk-mitsubishi-fr","13":"pa_merk-new-holland-fr","14":"pa_merk-peljob-fr","15":"pa_merk-sole-diesel-fr","16":"pa_merk-toro-fr","17":"pa_merk-volvo-fr","18":"pa_motor-l3e-fr","20":"first","21":"instock","22":"sale","23":"taxable","24":"shipping-taxable","25":"purchasable","26":"product-type-simple","27":"col-xs-6 col-sm-4","28":"col-md-3 col-lg-3","29":"un-4-cols"},"_links":{"self":[{"href":"https:\/\/shop4trac.com\/fr\/wp-json\/wp\/v2\/product\/42979","targetHints":{"allow":["GET"]}}],"collection":[{"href":"https:\/\/shop4trac.com\/fr\/wp-json\/wp\/v2\/product"}],"about":[{"href":"https:\/\/shop4trac.com\/fr\/wp-json\/wp\/v2\/types\/product"}],"replies":[{"embeddable":true,"href":"https:\/\/shop4trac.com\/fr\/wp-json\/wp\/v2\/comments?post=42979"}],"wp:featuredmedia":[{"embeddable":true,"href":"https:\/\/shop4trac.com\/fr\/wp-json\/wp\/v2\/media\/180769"}],"wp:attachment":[{"href":"https:\/\/shop4trac.com\/fr\/wp-json\/wp\/v2\/media?parent=42979"}],"wp:term":[{"taxonomy":"product_cat","embeddable":true,"href":"https:\/\/shop4trac.com\/fr\/wp-json\/wp\/v2\/product_cat?post=42979"},{"taxonomy":"product_tag","embeddable":true,"href":"https:\/\/shop4trac.com\/fr\/wp-json\/wp\/v2\/product_tag?post=42979"}],"curies":[{"name":"wp","href":"https:\/\/api.w.org\/{rel}","templated":true}]}}