{"id":38332,"date":"2021-09-21T13:21:19","date_gmt":"2021-09-21T12:21:19","guid":{"rendered":"https:\/\/shop4trac.com\/non%20class\u00e9\/demarreur-iseki-mitsubishi-k3a-k3e-k4b-k4e-s3l-s4l\/"},"modified":"2026-03-24T11:44:08","modified_gmt":"2026-03-24T10:44:08","slug":"moteur-de-demarrage-iseki-mitsubishi-k3a-k3e-k4b-k4e","status":"publish","type":"product","link":"https:\/\/shop4trac.com\/fr\/pieces-electriques\/demarreur-moteur\/moteur-de-demarrage-iseki-mitsubishi-k3a-k3e-k4b-k4e\/","title":{"rendered":"D\u00e9marreur Iseki | Mitsubishi | K3A -K3E | K4B \u2013 K4E | ISEKI | TU120 \u2013 TU177"},"content":{"rendered":"<p>D\u00e9marreur adapt\u00e9 pour :<\/p>\n<p><strong>Iseki<\/strong><\/p>\n<ul>\n<li>TU120, TU125, TU127, TU130, TU135, TU137, TU140, TU145, TU147, TU150, TU155, TU160, TU165, TU167, TU170, TU175, TU177<\/li>\n<li>TX145, TX155, TX1410, TX1510, TX2140, TX2160<\/li>\n<li>TU1400<\/li>\n<\/ul>\n<div class=\"long-description\">\n<div>\n<p><strong>Mitsubishi<\/strong> :<\/p>\n<ul>\n<li>D1450, D1550, D1650, D1850<\/li>\n<li>MT17, MT18, MT185, MT210<\/li>\n<li>MT1401, MT1601, MT1801, MT1801D<\/li>\n<li>MTE 1800<\/li>\n<\/ul>\n<p><strong>Satoh<\/strong>:<\/p>\n<ul>\n<li>ST1420, ST1440, ST1620, ST1640, ST1820, ST1840<\/li>\n<li>ST1520, ST1540, ST2020, ST2040<\/li>\n<\/ul>\n<\/div>\n<div>\n<p><strong>Coupe Cadet<\/strong><\/p>\n<ul>\n<li>7193, 7194<\/li>\n<\/ul>\n<p><strong>Bobcat<\/strong>:<\/p>\n<ul>\n<li>Pelle X125<\/li>\n<\/ul>\n<\/div>\n<\/div>\n<div class=\"long-description-height\"><strong>Moteurs Mitsubishi<\/strong><\/div>\n<div><\/div>\n<ul>\n<li>K3A, K3B, K3C, K3D, K3E, K3F, K3G<\/li>\n<li>K4B, K4C, K4E, K4F<\/li>\n<\/ul>\n<p><strong><span style=\"text-decoration: underline\">Veuillez noter qu&rsquo;il existe 2 mod\u00e8les disponibles pour les moteurs ci-dessus. Notez les variantes !<\/span><\/strong><\/p>\n<p><strong>Informations techniques variante 15 dents :<\/strong><\/p>\n<ul>\n<li>Dents : 15<\/li>\n<li>Longueur totale : 225 mm<\/li>\n<li>Tension (volts): 12<\/li>\n<li>Puissance (kW) : 1,6<\/li>\n<li>Bord de montage (mm): 76,8<\/li>\n<li>Pince : B+ : M8<\/li>\n<li>Nombre de trous de fixation : 2<\/li>\n<li>Position (\u00b0) : +150<\/li>\n<li>Rotation&nbsp;: CW<\/li>\n<\/ul>\n<p><strong>Informations techniques variante 13 dents :<\/strong><\/p>\n<ul>\n<li>Dents : 13<\/li>\n<li>Longueur totale : 250 mm<\/li>\n<li>Tension (volts): 12<\/li>\n<li>Puissance (kW) : 2<\/li>\n<li>Bord de montage (mm): 76,8<\/li>\n<li>Pince : B+ : M8<\/li>\n<li>Nombre de trous de fixation : 2<\/li>\n<li>Position (\u00b0) : +157<\/li>\n<li>Rotation&nbsp;: CW<\/li>\n<\/ul>\n<p><strong>OEM pour r\u00e9f\u00e9rence<\/strong><\/p>\n<ul>\n<li>M2T50371, M2T50381, M2T50391<\/li>\n<li>MT2T50371, MT2T50381, MT2T50391<\/li>\n<li>1273112C91<\/li>\n<li>31B6600600, 31B6600601, 31B6601000<\/li>\n<li>M002T50371, M002T50381, M002T50391<\/li>\n<li>M001T40172, M001T40175<\/li>\n<li>MM409410 \u201315 dents, 1,6 kW<\/li>\n<li>MM409411, MM409412, MM409413 \u201313 dents, 2KW<\/li>\n<\/ul>\n<p><strong>Autres mod\u00e8les<\/strong><\/p>\n<p><strong>Hitachi Construction Machinery<\/strong><\/p>\n<ul>\n<li>Pelle UE20<\/li>\n<li>Excavateur UE005<\/li>\n<\/ul>\n<p><strong>Mitsubishi Construction Machinery<\/strong><\/p>\n<ul>\n<li>Pelle MM25<\/li>\n<li>Pelle ME20<\/li>\n<\/ul>\n<p><strong>Samofa<\/strong><\/p>\n<ul>\n<li>Industriel standard<\/li>\n<\/ul>\n<p><strong>Moffett<\/strong><\/p>\n<ul>\n<li>Chariot \u00e9l\u00e9vateur \u00e0 fourche<\/li>\n<\/ul>\n<p><strong>Zeppelin<\/strong><\/p>\n<ul>\n<li>Pelle ZR4<\/li>\n<\/ul>\n<p><strong>Hanix<\/strong><\/p>\n<ul>\n<li>Pelle S&amp;B15SR<\/li>\n<li>Pelle S&amp;B25<\/li>\n<li>Pelle N11<\/li>\n<li>Pelle N220<\/li>\n<li>Pelle N250<\/li>\n<li>Pelle N300<\/li>\n<li>Pelle S&amp;B25III<\/li>\n<li>Pelle N230-2<\/li>\n<\/ul>\n<p><strong>Terex-Schaeff<\/strong><\/p>\n<ul>\n<li>Pelle HR4<\/li>\n<li>Pelle HR3<\/li>\n<li>Pelle HR4A<\/li>\n<\/ul>\n<p><strong>Schaeff Terex<\/strong><\/p>\n<ul>\n<li>Pelle HR4<\/li>\n<li>Pelle HR3<\/li>\n<li>Pelle HR4A<\/li>\n<li>Chargeur compact SKL808<\/li>\n<\/ul>\n<p><strong>Pel Job<\/strong><\/p>\n<ul>\n<li>Pelle EB28.4<\/li>\n<li>Pelle EB22<\/li>\n<li>Pelle EB22.4<\/li>\n<li>Pelle EB16<\/li>\n<li>Pelle LS286<\/li>\n<\/ul>\n<p><strong>Terex<\/strong><\/p>\n<ul>\n<li>Chargeur compact SKL808<\/li>\n<\/ul>\n","protected":false},"excerpt":{"rendered":"<p>D\u00e9marreur adapt\u00e9 pour : Iseki TU120, TU125, TU127, TU130, TU135, TU137, TU140, TU145, TU147, TU150, TU155, TU160, TU165, TU167, TU170, TU175, TU177 TX145, TX155, TX1410, TX1510, TX2140, TX2160 TU1400 Mitsubishi : D1450, D1550, D1650, D1850 MT17, MT18, MT185, MT210 MT1401, MT1601, MT1801, MT1801D MTE 1800 Satoh: ST1420, ST1440, ST1620, ST1640, ST1820, ST1840 ST1520, ST1540, ST2020,&hellip;<\/p>\n","protected":false},"featured_media":38303,"comment_status":"open","ping_status":"open","template":"","meta":[],"product_cat":[424],"product_tag":[3894],"class_list":{"0":"post-38332","1":"product","2":"type-product","3":"status-publish","4":"has-post-thumbnail","6":"product_cat-demarreur-moteur","7":"product_tag-snelparts-fr","8":"pa_motor-k3a-fr","9":"pa_motor-k3b-fr","10":"pa_motor-k3c-fr","11":"pa_motor-k3d-fr","12":"pa_motor-k3e-fr","13":"pa_motor-k3f-fr","14":"pa_motor-k4a-fr","15":"pa_motor-k4b-fr","16":"pa_motor-k4c-fr","17":"pa_motor-k4d-fr","18":"pa_motor-k4e-fr","19":"pa_motor-k4f-fr","20":"pa_motor-l3e-fr","21":"pa_motor-s3l-fr","22":"pa_motor-s4l-fr","24":"first","25":"instock","26":"taxable","27":"shipping-taxable","28":"purchasable","29":"product-type-variable","30":"col-xs-6 col-sm-4","31":"col-md-3 col-lg-3","32":"un-4-cols"},"_links":{"self":[{"href":"https:\/\/shop4trac.com\/fr\/wp-json\/wp\/v2\/product\/38332","targetHints":{"allow":["GET"]}}],"collection":[{"href":"https:\/\/shop4trac.com\/fr\/wp-json\/wp\/v2\/product"}],"about":[{"href":"https:\/\/shop4trac.com\/fr\/wp-json\/wp\/v2\/types\/product"}],"replies":[{"embeddable":true,"href":"https:\/\/shop4trac.com\/fr\/wp-json\/wp\/v2\/comments?post=38332"}],"wp:featuredmedia":[{"embeddable":true,"href":"https:\/\/shop4trac.com\/fr\/wp-json\/wp\/v2\/media\/38303"}],"wp:attachment":[{"href":"https:\/\/shop4trac.com\/fr\/wp-json\/wp\/v2\/media?parent=38332"}],"wp:term":[{"taxonomy":"product_cat","embeddable":true,"href":"https:\/\/shop4trac.com\/fr\/wp-json\/wp\/v2\/product_cat?post=38332"},{"taxonomy":"product_tag","embeddable":true,"href":"https:\/\/shop4trac.com\/fr\/wp-json\/wp\/v2\/product_tag?post=38332"}],"curies":[{"name":"wp","href":"https:\/\/api.w.org\/{rel}","templated":true}]}}