{"id":35160,"date":"2021-05-08T16:58:01","date_gmt":"2021-05-08T15:58:01","guid":{"rendered":"https:\/\/shop4trac.com\/?post_type=product&#038;p=35160"},"modified":"2026-03-03T20:52:39","modified_gmt":"2026-03-03T19:52:39","slug":"pompe-a-eau-yanmar","status":"publish","type":"product","link":"https:\/\/shop4trac.com\/fr\/refroidissement-et-radiateurs\/pompes-a-eau\/pompe-a-eau-yanmar\/","title":{"rendered":"Pompe \u00e0 eau Yanmar 2TNE68 | 3TNE68 | Komatsu 2D68 | 3D68"},"content":{"rendered":"<p>Pompe \u00e0 eau adapt\u00e9e aux mod\u00e8les suivants :<\/p>\n<p><strong>IHI<\/strong><\/p>\n<ul>\n<li>12VXE<\/li>\n<\/ul>\n<p><strong>JCB<\/strong><\/p>\n<ul>\n<li>Workmax 800D<\/li>\n<\/ul>\n<p><strong>J.L.G<\/strong><\/p>\n<ul>\n<li>40ic, 45ic, 26MRT, 410C, 451C<\/li>\n<\/ul>\n<p><strong>Kobelco<\/strong><\/p>\n<ul>\n<li>SK09SR, SK16MSR<\/li>\n<\/ul>\n<p><strong>Menzi Muck<\/strong><\/p>\n<ul>\n<li>Menzi IHI 12vxe<\/li>\n<\/ul>\n<p><strong>Takeuchi<\/strong><\/p>\n<ul>\n<li>TB15FR<\/li>\n<\/ul>\n<p><strong>Wacker Neuson<\/strong><\/p>\n<ul>\n<li>1402RD Primus, 1402RD, 1403, 1502RD, 1503<\/li>\n<\/ul>\n<p><strong>Yanmar<\/strong><\/p>\n<ul>\n<li>B08-3, B15, B15-3, B17-2, B18-3, B19, 2TNE68, 3TNE68<\/li>\n<\/ul>\n<p><strong>Komatsu<\/strong><\/p>\n<ul>\n<li>2D68E, 3D68<\/li>\n<\/ul>\n<p><strong>Bellier Automobiles<\/strong><\/p>\n<ul>\n<li>B8, Classic, Racing, Urban<\/li>\n<\/ul>\n<p><strong>Chatenet<\/strong><\/p>\n<ul>\n<li>CH26, CH32<\/li>\n<\/ul>\n<p><strong>JDM<\/strong><\/p>\n<ul>\n<li>Xheos<\/li>\n<\/ul>\n<p><strong>Moteur<\/strong><\/p>\n<ul>\n<li>2TNE68-TS | 3TNE68-TS<\/li>\n<\/ul>\n<p><strong>OEM pour r\u00e9f\u00e9rence :<\/strong><\/p>\n<ul>\n<li><span style=\"text-decoration: underline\">Manuel de r\u00e9f\u00e9rence Pompe \u00e0 eau :<\/span> 119244-42001, 119233-42000<\/li>\n<li><span style=\"text-decoration: underline\">Joints inclus<\/span>: 119260-42050, 119285-42051<\/li>\n<li><span style=\"text-decoration: underline\">y compris la fiche<\/span>: 121450-42450<\/li>\n<li>119244-42001, 119233-42000<\/li>\n<li>119260-42000, 119260-42001, 119260-42003, 119260-42004<\/li>\n<li>119260-42050, 119285-42051<\/li>\n<\/ul>\n<p>&nbsp;<\/p>\n","protected":false},"excerpt":{"rendered":"<p>Pompe \u00e0 eau adapt\u00e9e aux mod\u00e8les suivants : IHI 12VXE JCB Workmax 800D J.L.G 40ic, 45ic, 26MRT, 410C, 451C Kobelco SK09SR, SK16MSR Menzi Muck Menzi IHI 12vxe Takeuchi TB15FR Wacker Neuson 1402RD Primus, 1402RD, 1403, 1502RD, 1503 Yanmar B08-3, B15, B15-3, B17-2, B18-3, B19, 2TNE68, 3TNE68 Komatsu 2D68E, 3D68 Bellier Automobiles B8, Classic, Racing, Urban&hellip;<\/p>\n","protected":false},"featured_media":58412,"comment_status":"open","ping_status":"open","template":"","meta":[],"product_cat":[437],"product_tag":[3894],"class_list":{"0":"post-35160","1":"product","2":"type-product","3":"status-publish","4":"has-post-thumbnail","6":"product_cat-pompes-a-eau","7":"product_tag-snelparts-fr","8":"pa_merk-jcb-fr","9":"pa_merk-komatsu-fr","10":"pa_merk-takeushi-fr","11":"pa_merk-yanmar-fr","12":"pa_motor-2d68e-fr","13":"pa_motor-2tne68-fr","14":"pa_motor-3d68-fr","15":"pa_motor-3tne68-fr","17":"first","18":"instock","19":"sale","20":"taxable","21":"shipping-taxable","22":"purchasable","23":"product-type-simple","24":"col-xs-6 col-sm-4","25":"col-md-3 col-lg-3","26":"un-4-cols"},"_links":{"self":[{"href":"https:\/\/shop4trac.com\/fr\/wp-json\/wp\/v2\/product\/35160","targetHints":{"allow":["GET"]}}],"collection":[{"href":"https:\/\/shop4trac.com\/fr\/wp-json\/wp\/v2\/product"}],"about":[{"href":"https:\/\/shop4trac.com\/fr\/wp-json\/wp\/v2\/types\/product"}],"replies":[{"embeddable":true,"href":"https:\/\/shop4trac.com\/fr\/wp-json\/wp\/v2\/comments?post=35160"}],"wp:featuredmedia":[{"embeddable":true,"href":"https:\/\/shop4trac.com\/fr\/wp-json\/wp\/v2\/media\/58412"}],"wp:attachment":[{"href":"https:\/\/shop4trac.com\/fr\/wp-json\/wp\/v2\/media?parent=35160"}],"wp:term":[{"taxonomy":"product_cat","embeddable":true,"href":"https:\/\/shop4trac.com\/fr\/wp-json\/wp\/v2\/product_cat?post=35160"},{"taxonomy":"product_tag","embeddable":true,"href":"https:\/\/shop4trac.com\/fr\/wp-json\/wp\/v2\/product_tag?post=35160"}],"curies":[{"name":"wp","href":"https:\/\/api.w.org\/{rel}","templated":true}]}}