{"id":30525,"date":"2021-01-19T11:34:18","date_gmt":"2021-01-19T10:34:18","guid":{"rendered":"https:\/\/shop4trac.com\/?post_type=product&#038;p=30525"},"modified":"2026-03-17T13:04:27","modified_gmt":"2026-03-17T12:04:27","slug":"joint-de-tete-l2e-moteur","status":"publish","type":"product","link":"https:\/\/shop4trac.com\/fr\/pieces-de-moteur\/joint-de-culasse\/joint-de-tete-l2e-moteur\/","title":{"rendered":"Joint de culasse Mitsubishi L2E \u2013 L2E-61 Casalini | Sol\u00e9 | Vetus"},"content":{"rendered":"<p>Ce joint de culasse est de <strong>grande<\/strong> qualit\u00e9 et les mod\u00e8les compatibles ont \u00e9t\u00e9 s\u00e9lectionn\u00e9s avec le plus grand soin!<\/p>\n<p><strong> Moteur Mitsubishi<\/strong><\/p>\n<ul>\n<li>L2E-31MR, L2E-61ES, L2E-61SDH, L2E-61WH, L2E<\/li>\n<\/ul>\n<p><strong>Groupe \u00e9lectrog\u00e8ne AMI<\/strong><\/p>\n<ul>\n<li>GS 0007 M 32S<\/li>\n<\/ul>\n<p><strong>Lynx<\/strong><\/p>\n<ul>\n<li>X119<\/li>\n<\/ul>\n<p><strong>Casalini<\/strong><\/p>\n<ul>\n<li>M10<\/li>\n<\/ul>\n<p><strong>Giese BHKW<\/strong><\/p>\n<ul>\n<li>HB 3-5<\/li>\n<\/ul>\n<p><strong>Sole Diesel<\/strong><\/p>\n<ul>\n<li>G5-28V, Marine Gen Set, Marine Mini 17, Marine G-8T-3, Marine Mini 11\/E, Marine G-8M-3, Marine Application<\/li>\n<\/ul>\n<p><strong>Power Fab<\/strong><\/p>\n<ul>\n<li>Mini<\/li>\n<\/ul>\n<p><strong>Optimess BHKW<\/strong><\/p>\n<ul>\n<li>Tigre 4\/8 PPN<\/li>\n<\/ul>\n<p><strong>Mitsubishi Transport Refridgeration<\/strong><\/p>\n<ul>\n<li>TNW4E, TNW5EA, TU42DX, TNW4EA, TU42D, TNW5E<\/li>\n<\/ul>\n<p><strong>Ref-Trans<\/strong><\/p>\n<ul>\n<li>Ref-Unit, Unit\u00e9 de refroidissement<\/li>\n<\/ul>\n<p><strong>Ingersoll Rand<\/strong><\/p>\n<ul>\n<li>FX 130, G8<\/li>\n<\/ul>\n<p><strong>Pel Job<\/strong><\/p>\n<ul>\n<li>EB10, ED750<\/li>\n<\/ul>\n<p><strong>G\u00e9n\u00e9rateur Teksan<\/strong><\/p>\n<ul>\n<li>TJ10MS<\/li>\n<\/ul>\n<p><strong>Chargeuse sur pneus Weidemann<\/strong><\/p>\n<ul>\n<li>811D\/M, 1010D\/M, 911D\/M<\/li>\n<\/ul>\n<p><strong>V\u00e9tus<\/strong><\/p>\n<ul>\n<li>M2.06<\/li>\n<\/ul>\n<p><strong>Ennuyeux<\/strong><\/p>\n<ul>\n<li>76,5 mm<\/li>\n<\/ul>\n<p><strong>OEM pour r\u00e9f\u00e9rence<\/strong><\/p>\n<ul>\n<li>MM43246201<\/li>\n<\/ul>\n","protected":false},"excerpt":{"rendered":"<p>Ce joint de culasse est de grande qualit\u00e9 et les mod\u00e8les compatibles ont \u00e9t\u00e9 s\u00e9lectionn\u00e9s avec le plus grand soin! Moteur Mitsubishi L2E-31MR, L2E-61ES, L2E-61SDH, L2E-61WH, L2E Groupe \u00e9lectrog\u00e8ne AMI GS 0007 M 32S Lynx X119 Casalini M10 Giese BHKW HB 3-5 Sole Diesel G5-28V, Marine Gen Set, Marine Mini 17, Marine G-8T-3, Marine Mini&hellip;<\/p>\n","protected":false},"featured_media":86866,"comment_status":"open","ping_status":"closed","template":"","meta":[],"product_cat":[457],"product_tag":[3894],"class_list":{"0":"post-30525","1":"product","2":"type-product","3":"status-publish","4":"has-post-thumbnail","6":"product_cat-joint-de-culasse","7":"product_tag-snelparts-fr","8":"pa_merk-bobcat-fr","9":"pa_merk-casalini-fr","10":"pa_merk-kumiai-fr","11":"pa_merk-mitsubishi-fr","12":"pa_merk-vetus-fr","13":"pa_merk-weidemann-fr","14":"pa_motor-l2e-fr","16":"first","17":"instock","18":"taxable","19":"shipping-taxable","20":"purchasable","21":"product-type-simple","22":"col-xs-6 col-sm-4","23":"col-md-3 col-lg-3","24":"un-4-cols"},"_links":{"self":[{"href":"https:\/\/shop4trac.com\/fr\/wp-json\/wp\/v2\/product\/30525","targetHints":{"allow":["GET"]}}],"collection":[{"href":"https:\/\/shop4trac.com\/fr\/wp-json\/wp\/v2\/product"}],"about":[{"href":"https:\/\/shop4trac.com\/fr\/wp-json\/wp\/v2\/types\/product"}],"replies":[{"embeddable":true,"href":"https:\/\/shop4trac.com\/fr\/wp-json\/wp\/v2\/comments?post=30525"}],"wp:featuredmedia":[{"embeddable":true,"href":"https:\/\/shop4trac.com\/fr\/wp-json\/wp\/v2\/media\/86866"}],"wp:attachment":[{"href":"https:\/\/shop4trac.com\/fr\/wp-json\/wp\/v2\/media?parent=30525"}],"wp:term":[{"taxonomy":"product_cat","embeddable":true,"href":"https:\/\/shop4trac.com\/fr\/wp-json\/wp\/v2\/product_cat?post=30525"},{"taxonomy":"product_tag","embeddable":true,"href":"https:\/\/shop4trac.com\/fr\/wp-json\/wp\/v2\/product_tag?post=30525"}],"curies":[{"name":"wp","href":"https:\/\/api.w.org\/{rel}","templated":true}]}}