{"id":28164,"date":"2020-12-11T10:59:09","date_gmt":"2020-12-11T09:59:09","guid":{"rendered":"https:\/\/shop4trac.com\/non%20class\u00e9\/jeu-de-filtres-iseki-tx-1000-tx1300-tx1500-ke70-ke75\/"},"modified":"2026-04-02T09:59:28","modified_gmt":"2026-04-02T08:59:28","slug":"jeu-de-filtres-iseki-tx-1000-tx1300-tx1500-ke70-ke75","status":"publish","type":"product","link":"https:\/\/shop4trac.com\/fr\/filtres\/jeux-de-filtres\/jeu-de-filtres-iseki-tx-1000-tx1300-tx1500-ke70-ke75\/","title":{"rendered":"Kit de filtre Iseki TX 1000 | TX1300 | TX1500 | KE70 | KE75"},"content":{"rendered":"<p>Kit d&rsquo;entretien pour Iseki TX 2 cylindres.<\/p>\n<p><span style=\"text-decoration: underline;\"><strong>Tr\u00e8s important ! Ce kit inclut le joint en cuivre du bouchon de carter. Souvent, le joint du bouchon de vidange d&rsquo;huile est oubli\u00e9, ce qui provoque des fuites d&rsquo;huile. Il doit toujours \u00eatre remplac\u00e9 !   <\/strong><\/span><\/p>\n<p>Comprenant :<\/p>\n<ul>\n<li>Filtre \u00e0 huile<\/li>\n<li>Filtre \u00e0 carburant<\/li>\n<li>Filtre \u00e0 air\n<ul>\n<li>Diam\u00e8tre ext\u00e9rieur : 94 mm<\/li>\n<li>Longueur : 172 mm<\/li>\n<\/ul>\n<\/li>\n<\/ul>\n<p>Convient aux types suivants :<\/p>\n<p><strong>Iseki<\/strong><\/p>\n<ul>\n<li>TX1000, TX1210, TX1300, TX1500<\/li>\n<\/ul>\n<p><strong>Mitsubishi<\/strong><\/p>\n<ul>\n<li>KE70-11GF<\/li>\n<li>KE75-11GF<\/li>\n<\/ul>\n<p><strong>OEM pour r\u00e9f\u00e9rence<\/strong><\/p>\n<ul>\n<li>5650-040-0861-0<\/li>\n<li>MM400861, MM435190<\/li>\n<\/ul>\n","protected":false},"excerpt":{"rendered":"<p>Kit d&rsquo;entretien pour Iseki TX 2 cylindres. Tr\u00e8s important ! Ce kit inclut le joint en cuivre du bouchon de carter. Souvent, le joint du bouchon de vidange d&rsquo;huile est oubli\u00e9, ce qui provoque des fuites d&rsquo;huile. Il doit toujours \u00eatre remplac\u00e9 ! Comprenant : Filtre \u00e0 huile Filtre \u00e0 carburant Filtre \u00e0 air Diam\u00e8tre&hellip;<\/p>\n","protected":false},"featured_media":181952,"comment_status":"open","ping_status":"closed","template":"","meta":[],"product_cat":[428],"product_tag":[2765,2768,3894],"class_list":{"0":"post-28164","1":"product","2":"type-product","3":"status-publish","4":"has-post-thumbnail","6":"product_cat-jeux-de-filtres","7":"product_tag-ke70-fr","8":"product_tag-ke75-fr","9":"product_tag-snelparts-fr","10":"pa_merk-iseki-fr","11":"pa_motor-ke70-fr","12":"pa_motor-ke75-fr","14":"first","15":"instock","16":"sale","17":"taxable","18":"shipping-taxable","19":"purchasable","20":"product-type-simple","21":"col-xs-6 col-sm-4","22":"col-md-3 col-lg-3","23":"un-4-cols"},"_links":{"self":[{"href":"https:\/\/shop4trac.com\/fr\/wp-json\/wp\/v2\/product\/28164","targetHints":{"allow":["GET"]}}],"collection":[{"href":"https:\/\/shop4trac.com\/fr\/wp-json\/wp\/v2\/product"}],"about":[{"href":"https:\/\/shop4trac.com\/fr\/wp-json\/wp\/v2\/types\/product"}],"replies":[{"embeddable":true,"href":"https:\/\/shop4trac.com\/fr\/wp-json\/wp\/v2\/comments?post=28164"}],"wp:featuredmedia":[{"embeddable":true,"href":"https:\/\/shop4trac.com\/fr\/wp-json\/wp\/v2\/media\/181952"}],"wp:attachment":[{"href":"https:\/\/shop4trac.com\/fr\/wp-json\/wp\/v2\/media?parent=28164"}],"wp:term":[{"taxonomy":"product_cat","embeddable":true,"href":"https:\/\/shop4trac.com\/fr\/wp-json\/wp\/v2\/product_cat?post=28164"},{"taxonomy":"product_tag","embeddable":true,"href":"https:\/\/shop4trac.com\/fr\/wp-json\/wp\/v2\/product_tag?post=28164"}],"curies":[{"name":"wp","href":"https:\/\/api.w.org\/{rel}","templated":true}]}}