{"id":26797,"date":"2020-10-14T18:27:43","date_gmt":"2020-10-14T17:27:43","guid":{"rendered":"https:\/\/shop4trac.com\/non%20class\u00e9\/kit-de-joints-complet-mitsubishi-mt-16-mt165-l3e-moteur-mvl3e\/"},"modified":"2026-02-26T15:39:53","modified_gmt":"2026-02-26T14:39:53","slug":"jeu-de-joints-complet-mitsubishi-mt-16-mt165-l3e-mvl3e-moteur","status":"publish","type":"product","link":"https:\/\/shop4trac.com\/fr\/pieces-de-moteur\/jeu-de-joints-detancheite\/jeu-de-joints-complet-mitsubishi-mt-16-mt165-l3e-mvl3e-moteur\/","title":{"rendered":"Jeu de joints complet Mitsubishi | MT 16 | MT165 | Moteur L3E MVL3E | Peljob"},"content":{"rendered":"<p>Ce joint de culasse avec jeu de joints est de grande qualit\u00e9 et les mod\u00e8les compatibles ont \u00e9t\u00e9 s\u00e9lectionn\u00e9s avec le plus grand soin!<\/p>\n<p>Paquet complet avec joints pour&nbsp;; <strong>joint de culasse (jeu)<\/strong> , <strong>joints de vilebrequin avant et arri\u00e8re<\/strong> , joints de tige <strong>de soupape<\/strong> , <strong>joint de carter d&rsquo;huile<\/strong> , <strong>joints d&rsquo;\u00e9chappement<\/strong> , <strong>joints d&rsquo;admission<\/strong> , <strong>joints<\/strong> et autres <strong>joints<\/strong> comme indiqu\u00e9 sur la photo.<\/p>\n<p><strong>Moteur Mitsubishi<\/strong><\/p>\n<ul>\n<li>MVL3E, L3E, L3E2-65ESB<\/li>\n<li>L3E, L3E-SD, L3E-SDH, L3E-61SD, L3E-61SDH, L3E-W262KL, L3E-W462KL, L3E-6ACAM, L3E-W461DPP Tier 4 Final, L3E-31NS, L3E-31NSA<\/li>\n<li>L3E-W231NSA, L3E-W431NSA, L3E-61HMG, L3E-W231KBS, L3E-61R, L3E-31KS, L3E-31NCN, L3E-W231KBS, L3E-W431KBS, L3E-W462KL, L3E-62KL, L3E-W462KLY, L3E-63ES<\/li>\n<\/ul>\n<p><strong>Mitsubishi <\/strong><\/p>\n<ul>\n<li>MT15, MT16, MT17D, MT155, MT156, MT165, MT1600, MT1800<\/li>\n<\/ul>\n<p><span style=\"text-decoration: underline\">Autres machines<\/span><\/p>\n<p><strong>AMI<\/strong>:<\/p>\n<ul>\n<li>GS0011M32S, GS0006M32S<\/li>\n<\/ul>\n<p><strong>ATLAS<\/strong><\/p>\n<ul>\n<li>AM15R, AM16R, AM21R, AM15R, AM16R, AM21R<\/li>\n<\/ul>\n<p><strong>Cas<\/strong><\/p>\n<ul>\n<li>CX15B s\u00e9rie 2, CX17B ZTS, CX18B s\u00e9rie 2<\/li>\n<\/ul>\n<p><strong>Daewoo Doosan<\/strong><\/p>\n<ul>\n<li>SOLAIRE 015+, SOLAIRE 015 PLUS, SOLAIRE 018 VT<\/li>\n<\/ul>\n<p><strong>Eurocomach<\/strong><\/p>\n<ul>\n<li>  ES 150.3, ES 180.3<\/li>\n<\/ul>\n<p><strong>Hanix<\/strong><\/p>\n<ul>\n<li>H22B<\/li>\n<\/ul>\n<p><strong>Hyundai Heavy Industries (Excavatrices)<\/strong><\/p>\n<ul>\n<li>R16-9, R15-7, R16-7, R22-7, Robex 15-7, Robex 16-7, Robex 22-7<\/li>\n<\/ul>\n<p><strong>Kobelco<\/strong><\/p>\n<ul>\n<li>SK70SR, SK70SR-3<\/li>\n<\/ul>\n<p><strong>Magnum<\/strong><\/p>\n<ul>\n<li>MLG8, MLG8, MLT5080, MLT5060, MLT3060, MLT3060, MLT3080, MLT3080, MLT4060, MLT4080<\/li>\n<\/ul>\n<p><strong>Mitsubishi<\/strong><\/p>\n<ul>\n<li>GF130PYS1W, MM20CR, MM20SR, MM20, MM20CR, MM20SR, MM20T, MX15<\/li>\n<\/ul>\n<p><strong>Nouvelle Hollande<\/strong><\/p>\n<ul>\n<li>E16 \u00c9volution, E16, E16B, E18 \u00c9volution, E18, E18 SR, E18B, EC15<\/li>\n<\/ul>\n<p><strong>Nagano<\/strong><\/p>\n<ul>\n<li>NS16-3, NS15-3<\/li>\n<\/ul>\n<p><strong>D&rsquo;ACCORD<\/strong><\/p>\n<ul>\n<li>RH 1,21, RH 1,17<\/li>\n<\/ul>\n<p><strong>Pel Job<\/strong><\/p>\n<ul>\n<li>EB200, EB150, EB14.4, EB12.4, EB16.4<\/li>\n<\/ul>\n<p><strong>Ransomes Jacobsen<\/strong><\/p>\n<ul>\n<li>4000T-23D<\/li>\n<\/ul>\n<p><strong>Samofa<\/strong><\/p>\n<ul>\n<li>Industriel L3E2<\/li>\n<\/ul>\n<p><strong>Sole Diesel<\/strong><\/p>\n<ul>\n<li>Sail-Drive (Mini 26), G-15T-3, groupe \u00e9lectrog\u00e8ne, Mini 26, G-6M-15, G-15M-3<\/li>\n<\/ul>\n<p><strong>Trixon<\/strong><\/p>\n<ul>\n<li>N4500<\/li>\n<\/ul>\n<p><strong>Triton<\/strong><\/p>\n<ul>\n<li>15\/6.5<\/li>\n<\/ul>\n<p><strong>Terex<\/strong><\/p>\n<ul>\n<li>Excavatrice Terex TC20, TC16<\/li>\n<\/ul>\n<p><strong>Toro<\/strong><\/p>\n<ul>\n<li>Reelmaster 5100-D, GM 223D, Groundsmaster 323-D, Reelmaster 223-D, Groundsmaster 223-D, Groundsmaster 324-D<\/li>\n<\/ul>\n<p><strong>V\u00e9tus<\/strong><\/p>\n<ul>\n<li>M3.28<\/li>\n<\/ul>\n<p><strong>Volvo<\/strong><\/p>\n<ul>\n<li>EC15BXT, EC13<\/li>\n<\/ul>\n<p><strong>Diam\u00e8tre<\/strong><\/p>\n<ul>\n<li>76 mm<\/li>\n<\/ul>\n","protected":false},"excerpt":{"rendered":"<p>Ce joint de culasse avec jeu de joints est de grande qualit\u00e9 et les mod\u00e8les compatibles ont \u00e9t\u00e9 s\u00e9lectionn\u00e9s avec le plus grand soin! Paquet complet avec joints pour&nbsp;; joint de culasse (jeu) , joints de vilebrequin avant et arri\u00e8re , joints de tige de soupape , joint de carter d&rsquo;huile , joints d&rsquo;\u00e9chappement ,&hellip;<\/p>\n","protected":false},"featured_media":165961,"comment_status":"open","ping_status":"open","template":"","meta":[],"product_cat":[459],"product_tag":[2580,3894],"class_list":{"0":"post-26797","1":"product","2":"type-product","3":"status-publish","4":"has-post-thumbnail","6":"product_cat-jeu-de-joints-detancheite","7":"product_tag-l3e-fr","8":"product_tag-snelparts-fr","9":"pa_merk-atlas-fr","10":"pa_merk-case-fr","11":"pa_merk-mitsubishi-fr","12":"pa_merk-new-holland-fr","13":"pa_merk-peljob-fr","14":"pa_merk-suzue-fr","15":"pa_merk-toro-fr","16":"pa_merk-vetus-fr","17":"pa_merk-volvo-fr","18":"pa_motor-l3e-fr","20":"first","21":"instock","22":"sale","23":"taxable","24":"shipping-taxable","25":"purchasable","26":"product-type-simple","27":"col-xs-6 col-sm-4","28":"col-md-3 col-lg-3","29":"un-4-cols"},"_links":{"self":[{"href":"https:\/\/shop4trac.com\/fr\/wp-json\/wp\/v2\/product\/26797","targetHints":{"allow":["GET"]}}],"collection":[{"href":"https:\/\/shop4trac.com\/fr\/wp-json\/wp\/v2\/product"}],"about":[{"href":"https:\/\/shop4trac.com\/fr\/wp-json\/wp\/v2\/types\/product"}],"replies":[{"embeddable":true,"href":"https:\/\/shop4trac.com\/fr\/wp-json\/wp\/v2\/comments?post=26797"}],"wp:featuredmedia":[{"embeddable":true,"href":"https:\/\/shop4trac.com\/fr\/wp-json\/wp\/v2\/media\/165961"}],"wp:attachment":[{"href":"https:\/\/shop4trac.com\/fr\/wp-json\/wp\/v2\/media?parent=26797"}],"wp:term":[{"taxonomy":"product_cat","embeddable":true,"href":"https:\/\/shop4trac.com\/fr\/wp-json\/wp\/v2\/product_cat?post=26797"},{"taxonomy":"product_tag","embeddable":true,"href":"https:\/\/shop4trac.com\/fr\/wp-json\/wp\/v2\/product_tag?post=26797"}],"curies":[{"name":"wp","href":"https:\/\/api.w.org\/{rel}","templated":true}]}}