{"id":25036,"date":"2020-07-17T12:39:29","date_gmt":"2020-07-17T11:39:29","guid":{"rendered":"https:\/\/shop4trac.com\/non%20class\u00e9\/joint-de-tete-kubota-d650-moteur\/"},"modified":"2026-02-20T14:52:21","modified_gmt":"2026-02-20T13:52:21","slug":"joint-de-tete-kubota-d650-moteur","status":"publish","type":"product","link":"https:\/\/shop4trac.com\/fr\/pieces-de-moteur\/joint-de-culasse\/joint-de-tete-kubota-d650-moteur\/","title":{"rendered":"Joint de culasse Kubota D650 | B6100 \u2013 B6001 | Zen-noh"},"content":{"rendered":"<p>Ce joint de culasse est de <span style=\"text-decoration: underline\">grande<\/span> qualit\u00e9 et les mod\u00e8les compatibles ont \u00e9t\u00e9 s\u00e9lectionn\u00e9s avec le plus grand soin!<\/p>\n<p><strong>Kubota  <\/strong><\/p>\n<ul>\n<li>B6100, B6001<\/li>\n<\/ul>\n<p><strong>Zen Noh<\/strong><\/p>\n<ul>\n<li>ZB6001, ZB6100<\/li>\n<\/ul>\n<p><strong>Moteur Kubota<\/strong><\/p>\n<ul>\n<li>D650<\/li>\n<\/ul>\n<p><strong>Diam\u00e8tre<\/strong>:<\/p>\n<ul>\n<li>65mm<\/li>\n<\/ul>\n<p><strong>OEM pour r\u00e9f\u00e9rence<\/strong><\/p>\n<ul>\n<li>15563-03310, 15361-03320<\/li>\n<\/ul>\n","protected":false},"excerpt":{"rendered":"<p>Ce joint de culasse est de grande qualit\u00e9 et les mod\u00e8les compatibles ont \u00e9t\u00e9 s\u00e9lectionn\u00e9s avec le plus grand soin! Kubota B6100, B6001 Zen Noh ZB6001, ZB6100 Moteur Kubota D650 Diam\u00e8tre: 65mm OEM pour r\u00e9f\u00e9rence 15563-03310, 15361-03320<\/p>\n","protected":false},"featured_media":67204,"comment_status":"open","ping_status":"closed","template":"","meta":[],"product_cat":[457],"product_tag":[2634,3894],"class_list":{"0":"post-25036","1":"product","2":"type-product","3":"status-publish","4":"has-post-thumbnail","6":"product_cat-joint-de-culasse","7":"product_tag-d650-fr","8":"product_tag-snelparts-fr","9":"pa_merk-kubota-fr","10":"pa_merk-zen-noh-fr","11":"pa_motor-d650-fr","13":"first","14":"instock","15":"sale","16":"taxable","17":"shipping-taxable","18":"purchasable","19":"product-type-simple","20":"col-xs-6 col-sm-4","21":"col-md-3 col-lg-3","22":"un-4-cols"},"_links":{"self":[{"href":"https:\/\/shop4trac.com\/fr\/wp-json\/wp\/v2\/product\/25036","targetHints":{"allow":["GET"]}}],"collection":[{"href":"https:\/\/shop4trac.com\/fr\/wp-json\/wp\/v2\/product"}],"about":[{"href":"https:\/\/shop4trac.com\/fr\/wp-json\/wp\/v2\/types\/product"}],"replies":[{"embeddable":true,"href":"https:\/\/shop4trac.com\/fr\/wp-json\/wp\/v2\/comments?post=25036"}],"wp:featuredmedia":[{"embeddable":true,"href":"https:\/\/shop4trac.com\/fr\/wp-json\/wp\/v2\/media\/67204"}],"wp:attachment":[{"href":"https:\/\/shop4trac.com\/fr\/wp-json\/wp\/v2\/media?parent=25036"}],"wp:term":[{"taxonomy":"product_cat","embeddable":true,"href":"https:\/\/shop4trac.com\/fr\/wp-json\/wp\/v2\/product_cat?post=25036"},{"taxonomy":"product_tag","embeddable":true,"href":"https:\/\/shop4trac.com\/fr\/wp-json\/wp\/v2\/product_tag?post=25036"}],"curies":[{"name":"wp","href":"https:\/\/api.w.org\/{rel}","templated":true}]}}