{"id":24431,"date":"2020-06-23T11:10:51","date_gmt":"2020-06-23T10:10:51","guid":{"rendered":"https:\/\/shop4trac.com\/non%20class\u00e9\/jeu-de-joints-mitsubishi-k4b-moteur\/"},"modified":"2025-08-01T18:18:10","modified_gmt":"2025-08-01T16:18:10","slug":"kit-de-joints-mitsubishi-k4b-moteur","status":"publish","type":"product","link":"https:\/\/shop4trac.com\/fr\/pieces-de-moteur\/jeu-de-joints-detancheite\/kit-de-joints-mitsubishi-k4b-moteur\/","title":{"rendered":"Jeu de joints complet pour moteur Mitsubishi K4B | MT1801"},"content":{"rendered":"<p>Ce joint de culasse avec jeu de joints est de grande qualit\u00e9 et les mod\u00e8les compatibles ont \u00e9t\u00e9 s\u00e9lectionn\u00e9s avec le plus grand soin!<\/p>\n<p>Pack complet avec joints pour; <strong>joint de culasse (jeu)<\/strong> , <strong>joint de vilebrequin avant et arri\u00e8re<\/strong> , <strong>joints de tige de soupape<\/strong> , <strong>joints d&rsquo;\u00e9chappement<\/strong> , <strong>joints d&rsquo;admission<\/strong> , <strong>joints<\/strong> et autres <strong>joints<\/strong> comme sur la photo.<\/p>\n<p><strong>Moteur Mitsubishi<\/strong><\/p>\n<ul>\n<li>K4B<\/li>\n<\/ul>\n<p><strong>Mitsubishi<\/strong><\/p>\n<ul>\n<li>MT1801, MT1801D<\/li>\n<\/ul>\n<p><strong>Satoh<\/strong><\/p>\n<ul>\n<li>ST2020, ST2040<\/li>\n<\/ul>\n<p><strong>OEM pour r\u00e9f\u00e9rence<\/strong><\/p>\n<ul>\n<li>MM408-478<\/li>\n<li>MM408-502<\/li>\n<li>MM408-322<\/li>\n<li>MM408-235<\/li>\n<li>MM408-226<\/li>\n<li>MM408-580<\/li>\n<li>MM408-577<\/li>\n<li>MM408-552<\/li>\n<li>MM408-566<\/li>\n<li>MM407-422 ,<\/li>\n<li>MD000-551<\/li>\n<li>MD016-490<\/li>\n<li>MD008-762<\/li>\n<li>MM40-242<\/li>\n<li>MM406-228<\/li>\n<\/ul>\n","protected":false},"excerpt":{"rendered":"<p>Ce joint de culasse avec jeu de joints est de grande qualit\u00e9 et les mod\u00e8les compatibles ont \u00e9t\u00e9 s\u00e9lectionn\u00e9s avec le plus grand soin! Pack complet avec joints pour; joint de culasse (jeu) , joint de vilebrequin avant et arri\u00e8re , joints de tige de soupape , joints d&rsquo;\u00e9chappement , joints d&rsquo;admission , joints et&hellip;<\/p>\n","protected":false},"featured_media":70929,"comment_status":"open","ping_status":"closed","template":"","meta":[],"product_cat":[459],"product_tag":[3894],"class_list":{"0":"post-24431","1":"product","2":"type-product","3":"status-publish","4":"has-post-thumbnail","6":"product_cat-jeu-de-joints-detancheite","7":"product_tag-snelparts-fr","8":"pa_merk-mitsubishi-fr","9":"pa_merk-satoh-fr","10":"pa_motor-k4b-fr","12":"first","13":"instock","14":"taxable","15":"shipping-taxable","16":"purchasable","17":"product-type-simple","18":"col-xs-6 col-sm-4","19":"col-md-3 col-lg-3","20":"un-4-cols"},"_links":{"self":[{"href":"https:\/\/shop4trac.com\/fr\/wp-json\/wp\/v2\/product\/24431","targetHints":{"allow":["GET"]}}],"collection":[{"href":"https:\/\/shop4trac.com\/fr\/wp-json\/wp\/v2\/product"}],"about":[{"href":"https:\/\/shop4trac.com\/fr\/wp-json\/wp\/v2\/types\/product"}],"replies":[{"embeddable":true,"href":"https:\/\/shop4trac.com\/fr\/wp-json\/wp\/v2\/comments?post=24431"}],"wp:featuredmedia":[{"embeddable":true,"href":"https:\/\/shop4trac.com\/fr\/wp-json\/wp\/v2\/media\/70929"}],"wp:attachment":[{"href":"https:\/\/shop4trac.com\/fr\/wp-json\/wp\/v2\/media?parent=24431"}],"wp:term":[{"taxonomy":"product_cat","embeddable":true,"href":"https:\/\/shop4trac.com\/fr\/wp-json\/wp\/v2\/product_cat?post=24431"},{"taxonomy":"product_tag","embeddable":true,"href":"https:\/\/shop4trac.com\/fr\/wp-json\/wp\/v2\/product_tag?post=24431"}],"curies":[{"name":"wp","href":"https:\/\/api.w.org\/{rel}","templated":true}]}}