{"id":24168,"date":"2020-06-12T13:55:42","date_gmt":"2020-06-12T12:55:42","guid":{"rendered":"https:\/\/shop4trac.com\/non%20class\u00e9\/palier-de-butee-mitsubishi-type-1\/"},"modified":"2025-08-01T18:19:58","modified_gmt":"2025-08-01T16:19:58","slug":"plaque-de-pression-mitsubishi-type-1","status":"publish","type":"product","link":"https:\/\/shop4trac.com\/fr\/embrayage-transmission\/mecanisme-dembrayage\/plaque-de-pression-mitsubishi-type-1\/","title":{"rendered":"M\u00e9canisme d\u2019embrayage Mitsubishi D1100 \u2013 D1500 | D1550 \u2013 MT1601 | MT372 | Case 234 \u2013 235"},"content":{"rendered":"<h3><b>M\u00e9canisme d\u2019embrayage \u2013 Qualit\u00e9 sup\u00e9rieure<\/b><\/h3>\n<p class=\"p3\"><span class=\"s2\"><b>Groupe de pression<\/b><\/span> fiable et durable adapt\u00e9 \u00e0 divers mini-tracteurs. Fabriqu\u00e9 \u00e0 partir de mat\u00e9riaux r\u00e9sistants \u00e0 l&rsquo;usure pour une transmission de puissance optimale et une longue dur\u00e9e de vie. <\/p>\n<p class=\"p3\">\u2705 R\u00e9sistant aux charges \u00e9lev\u00e9es<\/p>\n<p class=\"p3\">\u2705 Pr\u00eat \u00e0 \u00eatre mont\u00e9 imm\u00e9diatement<\/p>\n<p class=\"p3\">Id\u00e9al pour remplacer un embrayage us\u00e9 ou d\u00e9fectueux.<\/p>\n<p><strong>Donn\u00e9es techniques<\/strong><\/p>\n<ul>\n<li>Diam\u00e8tre&nbsp;: 7,25\u2033, 185&nbsp;mm<\/li>\n<\/ul>\n<p><strong>Cas<\/strong><\/p>\n<ul>\n<li>234, 235<\/li>\n<\/ul>\n<p><strong>Mitsubishi<\/strong><\/p>\n<ul>\n<li>D1100, D1300, D1350, D1450, D1500VFD (KE75)<\/li>\n<li>D1550, MT1301, MT1401, MT1601<\/li>\n<li>MT14, MT15, MT16, MT160, MT180, MTE1800<\/li>\n<li>MT372, S370, S373, S470<\/li>\n<\/ul>\n<p><strong>OEM pour r\u00e9f\u00e9rence<\/strong><\/p>\n<ul>\n<li>1273243C1, 3282560M1, 3284872M1, 3754712M91, 7064317M91, 72100762, 72101481<\/li>\n<\/ul>\n","protected":false},"excerpt":{"rendered":"<p>M\u00e9canisme d\u2019embrayage \u2013 Qualit\u00e9 sup\u00e9rieure Groupe de pression fiable et durable adapt\u00e9 \u00e0 divers mini-tracteurs. Fabriqu\u00e9 \u00e0 partir de mat\u00e9riaux r\u00e9sistants \u00e0 l&rsquo;usure pour une transmission de puissance optimale et une longue dur\u00e9e de vie. \u2705 R\u00e9sistant aux charges \u00e9lev\u00e9es \u2705 Pr\u00eat \u00e0 \u00eatre mont\u00e9 imm\u00e9diatement Id\u00e9al pour remplacer un embrayage us\u00e9 ou d\u00e9fectueux. Donn\u00e9es&hellip;<\/p>\n","protected":false},"featured_media":39982,"comment_status":"open","ping_status":"open","template":"","meta":[],"product_cat":[2022,438],"product_tag":[3894],"class_list":{"0":"post-24168","1":"product","2":"type-product","3":"status-publish","4":"has-post-thumbnail","6":"product_cat-mecanisme-dembrayage","7":"product_cat-embrayage-transmission","8":"product_tag-snelparts-fr","9":"pa_merk-case-fr","10":"pa_merk-mitsubishi-fr","12":"first","13":"instock","14":"sale","15":"taxable","16":"shipping-taxable","17":"purchasable","18":"product-type-simple","19":"col-xs-6 col-sm-4","20":"col-md-3 col-lg-3","21":"un-4-cols"},"_links":{"self":[{"href":"https:\/\/shop4trac.com\/fr\/wp-json\/wp\/v2\/product\/24168","targetHints":{"allow":["GET"]}}],"collection":[{"href":"https:\/\/shop4trac.com\/fr\/wp-json\/wp\/v2\/product"}],"about":[{"href":"https:\/\/shop4trac.com\/fr\/wp-json\/wp\/v2\/types\/product"}],"replies":[{"embeddable":true,"href":"https:\/\/shop4trac.com\/fr\/wp-json\/wp\/v2\/comments?post=24168"}],"wp:featuredmedia":[{"embeddable":true,"href":"https:\/\/shop4trac.com\/fr\/wp-json\/wp\/v2\/media\/39982"}],"wp:attachment":[{"href":"https:\/\/shop4trac.com\/fr\/wp-json\/wp\/v2\/media?parent=24168"}],"wp:term":[{"taxonomy":"product_cat","embeddable":true,"href":"https:\/\/shop4trac.com\/fr\/wp-json\/wp\/v2\/product_cat?post=24168"},{"taxonomy":"product_tag","embeddable":true,"href":"https:\/\/shop4trac.com\/fr\/wp-json\/wp\/v2\/product_tag?post=24168"}],"curies":[{"name":"wp","href":"https:\/\/api.w.org\/{rel}","templated":true}]}}