{"id":23661,"date":"2020-06-11T09:56:47","date_gmt":"2020-06-11T08:56:47","guid":{"rendered":"https:\/\/shop4trac.com\/non%20class\u00e9\/butee-dembrayage-hinomoto-type-1\/"},"modified":"2025-08-01T18:22:29","modified_gmt":"2025-08-01T16:22:29","slug":"butee-dembrayage-hinomoto-type-1","status":"publish","type":"product","link":"https:\/\/shop4trac.com\/fr\/embrayage-transmission\/butee-dembrayage\/butee-dembrayage-hinomoto-type-1\/","title":{"rendered":"But\u00e9e d\u2019embrayage Hinomoto C142 \u2013 C174 | CX13 \u2013 CX19 | E14 \u2013 E184 | Gutbrod 4000 \u2013 4250 | Allis 5015 \u2013 5215"},"content":{"rendered":"<p class=\"p1\">Assurez un fonctionnement fluide et fiable de votre embrayage avec cette <span class=\"s1\"><b>but\u00e9e de d\u00e9brayage de qualit\u00e9 sup\u00e9rieure<\/b><\/span> .<\/p>\n<p class=\"p1\">Cette but\u00e9e de d\u00e9brayage est fabriqu\u00e9e \u00e0 partir de mat\u00e9riaux durables qui peuvent supporter des charges \u00e9lev\u00e9es et une utilisation \u00e0 long terme, garantissant une transmission de puissance optimale et une usure minimale de votre embrayage.<\/p>\n<p><strong>Donn\u00e9es techniques<\/strong><\/p>\n<p><strong>Dimensions \u2013 mensurations <\/strong>40x64x16<\/p>\n<p><strong>Poids<\/strong> : 0,25kg<\/p>\n<p>Mod\u00e8les associ\u00e9s<\/p>\n<p><strong>Hinomoto<\/strong><\/p>\n<ul>\n<li>C142, C144, C172, C174, E14, E15, E16, E150, E152, E154, E184,<\/li>\n<li>E204, E224, E1804, E2004, E2304, E2804<\/li>\n<li>CX13, CX14, CX16, CX18, CX19, CX130, CX140, CX150, CX160, CX180, CX200<\/li>\n<\/ul>\n<p><strong>Massey Ferguson<\/strong><\/p>\n<ul>\n<li>205, 1010, 1020<\/li>\n<\/ul>\n<p><strong>Allis Chalmers <\/strong><\/p>\n<ul>\n<li>5015, 5215<\/li>\n<\/ul>\n<p><strong>Deutz-Allis<\/strong><\/p>\n<ul>\n<li>5215<\/li>\n<\/ul>\n<p><strong>Simplicit\u00e9<\/strong><\/p>\n<ul>\n<li>9518<\/li>\n<\/ul>\n<p><strong>Gutbrod<\/strong><\/p>\n<ul>\n<li>4000, 4200, 4250<\/li>\n<\/ul>\n<p class=\"page-title\"><strong>OEM pour r\u00e9f\u00e9rence<\/strong><\/p>\n<ul>\n<li>2402-3305-00, 3281108M1, 72100765<\/li>\n<\/ul>\n","protected":false},"excerpt":{"rendered":"<p>Assurez un fonctionnement fluide et fiable de votre embrayage avec cette but\u00e9e de d\u00e9brayage de qualit\u00e9 sup\u00e9rieure . Cette but\u00e9e de d\u00e9brayage est fabriqu\u00e9e \u00e0 partir de mat\u00e9riaux durables qui peuvent supporter des charges \u00e9lev\u00e9es et une utilisation \u00e0 long terme, garantissant une transmission de puissance optimale et une usure minimale de votre embrayage. Donn\u00e9es&hellip;<\/p>\n","protected":false},"featured_media":78868,"comment_status":"open","ping_status":"open","template":"","meta":[],"product_cat":[2006],"product_tag":[3894],"class_list":{"0":"post-23661","1":"product","2":"type-product","3":"status-publish","4":"has-post-thumbnail","6":"product_cat-butee-dembrayage","7":"product_tag-snelparts-fr","8":"pa_merk-allis-chalmers-fr","9":"pa_merk-deutz-fr","10":"pa_merk-gutbrod-fr","11":"pa_merk-hinomoto-fr","12":"pa_merk-massey-ferguson-fr","14":"first","15":"instock","16":"sale","17":"taxable","18":"shipping-taxable","19":"purchasable","20":"product-type-simple","21":"col-xs-6 col-sm-4","22":"col-md-3 col-lg-3","23":"un-4-cols"},"_links":{"self":[{"href":"https:\/\/shop4trac.com\/fr\/wp-json\/wp\/v2\/product\/23661","targetHints":{"allow":["GET"]}}],"collection":[{"href":"https:\/\/shop4trac.com\/fr\/wp-json\/wp\/v2\/product"}],"about":[{"href":"https:\/\/shop4trac.com\/fr\/wp-json\/wp\/v2\/types\/product"}],"replies":[{"embeddable":true,"href":"https:\/\/shop4trac.com\/fr\/wp-json\/wp\/v2\/comments?post=23661"}],"wp:featuredmedia":[{"embeddable":true,"href":"https:\/\/shop4trac.com\/fr\/wp-json\/wp\/v2\/media\/78868"}],"wp:attachment":[{"href":"https:\/\/shop4trac.com\/fr\/wp-json\/wp\/v2\/media?parent=23661"}],"wp:term":[{"taxonomy":"product_cat","embeddable":true,"href":"https:\/\/shop4trac.com\/fr\/wp-json\/wp\/v2\/product_cat?post=23661"},{"taxonomy":"product_tag","embeddable":true,"href":"https:\/\/shop4trac.com\/fr\/wp-json\/wp\/v2\/product_tag?post=23661"}],"curies":[{"name":"wp","href":"https:\/\/api.w.org\/{rel}","templated":true}]}}