{"id":23653,"date":"2020-06-11T12:23:26","date_gmt":"2020-06-11T11:23:26","guid":{"rendered":"https:\/\/shop4trac.com\/non%20class\u00e9\/butee-dembrayage-mitsubishi-type-1\/"},"modified":"2025-12-01T00:02:42","modified_gmt":"2025-11-30T22:02:42","slug":"butee-dembrayage-mitsubishi-type-1","status":"publish","type":"product","link":"https:\/\/shop4trac.com\/fr\/embrayage-transmission\/butee-dembrayage\/butee-dembrayage-mitsubishi-type-1\/","title":{"rendered":"But\u00e9e d\u2019embrayage Mitsubishi D1300 \u2013 D1850 | MT14 \u2013 MT372 | MT1301 \u2013 MT2001 | ST1420 \u2013 ST1540"},"content":{"rendered":"<p class=\"p1\">Assurez un fonctionnement fluide et fiable de votre embrayage avec cette <span class=\"s1\"><b>but\u00e9e de d\u00e9brayage de qualit\u00e9 sup\u00e9rieure<\/b><\/span> .<\/p>\n<p class=\"p1\">Cette but\u00e9e de d\u00e9brayage est fabriqu\u00e9e \u00e0 partir de mat\u00e9riaux durables qui peuvent supporter des charges \u00e9lev\u00e9es et une utilisation \u00e0 long terme, garantissant une transmission de puissance optimale et une usure minimale de votre embrayage.<\/p>\n<p><strong>Donn\u00e9es techniques<\/strong><\/p>\n<p><strong>Dimensions \u2013 mensurations <\/strong>40x64x16<\/p>\n<p><strong>Poids<\/strong> : 0,25kg<\/p>\n<p>Mod\u00e8les associ\u00e9s<\/p>\n<p><strong>Mitsubishi<\/strong><\/p>\n<ul>\n<li>D1300, D1350, D1450, D1500VFD, D1550, D1650, D1800, D1850<\/li>\n<li>MT14, MT15, MT16, MT372<\/li>\n<li>MT1301, MT1401, MT1601, MT160, MT180, MTE1800, MT2001<\/li>\n<li>D3850, ST3820, ST3840<\/li>\n<\/ul>\n<p><strong>Satoh \u2013 Mitsubishi<\/strong><\/p>\n<ul>\n<li>ST1420, ST1440, ST1520, ST1540, S373, S470<\/li>\n<\/ul>\n<p><strong>OEM pour r\u00e9f\u00e9rence<\/strong><\/p>\n<ul>\n<li style=\"list-style-type: none\">\n<ul>\n<li>1142-1103-000, 68224-03200<\/li>\n<\/ul>\n<\/li>\n<\/ul>\n","protected":false},"excerpt":{"rendered":"<p>Assurez un fonctionnement fluide et fiable de votre embrayage avec cette but\u00e9e de d\u00e9brayage de qualit\u00e9 sup\u00e9rieure . Cette but\u00e9e de d\u00e9brayage est fabriqu\u00e9e \u00e0 partir de mat\u00e9riaux durables qui peuvent supporter des charges \u00e9lev\u00e9es et une utilisation \u00e0 long terme, garantissant une transmission de puissance optimale et une usure minimale de votre embrayage. Donn\u00e9es&hellip;<\/p>\n","protected":false},"featured_media":78868,"comment_status":"open","ping_status":"open","template":"","meta":[],"product_cat":[2006],"product_tag":[3894],"class_list":{"0":"post-23653","1":"product","2":"type-product","3":"status-publish","4":"has-post-thumbnail","6":"product_cat-butee-dembrayage","7":"product_tag-snelparts-fr","8":"pa_merk-bolens-fr","9":"pa_merk-hinomoto-fr","10":"pa_merk-kubota-fr","11":"pa_merk-mitsubishi-fr","12":"pa_merk-yanmar-fr","13":"pa_merk-zen-noh-fr","14":"pa_model-a-13-fr","15":"pa_model-a-14-fr","16":"pa_model-a-15-fr","17":"pa_model-a-17-fr","18":"pa_model-a-19-fr","19":"pa_model-b1-14-fr","20":"pa_model-b1-15-fr","21":"pa_model-b1-16-fr","22":"pa_model-b1-17-fr","23":"pa_model-b1200-fr","24":"pa_model-b1400-fr","25":"pa_model-b1402-fr","26":"pa_model-b1500-fr","27":"pa_model-b1502-fr","28":"pa_model-b1600-fr","29":"pa_model-b1702-fr","30":"pa_model-b1902-fr","31":"pa_model-b52-fr","32":"pa_model-c142-fr","33":"pa_model-c144-fr","34":"pa_model-c172-fr","35":"pa_model-c174-fr","36":"pa_model-d1300-fr","37":"pa_model-d1350-fr","38":"pa_model-d1450-fr","39":"pa_model-d1500vfd-fr","40":"pa_model-d1550-fr","41":"pa_model-e14-fr","42":"pa_model-e15-fr","43":"pa_model-e150-fr","44":"pa_model-e152-fr","45":"pa_model-e154-fr","46":"pa_model-e16-fr","47":"pa_model-e1804-fr","48":"pa_model-e184-fr","49":"pa_model-e2004-fr","50":"pa_model-e204-fr","51":"pa_model-e224-fr","52":"pa_model-e2304-fr","53":"pa_model-e2804-fr","54":"pa_model-f-16","55":"pa_model-f14-fr","56":"pa_model-f15-fr","57":"pa_model-f165d-fr","58":"pa_model-f165f-fr","59":"pa_model-f17-fr","60":"pa_model-f18-fr","61":"pa_model-f195-fr","62":"pa_model-f20-fr","63":"pa_model-f215-fr","64":"pa_model-f22-fr","65":"pa_model-f235-fr","66":"pa_model-f24-fr","67":"pa_model-f255-fr","68":"pa_model-f26-fr","69":"pa_model-f265-fr","70":"pa_model-f29-fr","71":"pa_model-f5-fr","72":"pa_model-f6-fr","73":"pa_model-f7-fr","74":"pa_model-ff145d-fr","75":"pa_model-ff155d-fr","76":"pa_model-fx18-fr","77":"pa_model-fx195-fr","78":"pa_model-fx20-fr","79":"pa_model-fx215-fr","80":"pa_model-fx24-fr","81":"pa_model-fx26-fr","82":"pa_model-fx265-fr","83":"pa_model-fx28-fr","84":"pa_model-fx285-fr","85":"pa_model-fx305-fr","86":"pa_model-fx32-fr","87":"pa_model-fx335-fr","88":"pa_model-fx42-fr","89":"pa_model-fx426-fr","90":"pa_model-fx435-fr","91":"pa_model-g152-fr","92":"pa_model-g154-fr","93":"pa_model-g172-fr","94":"pa_model-g174-fr","95":"pa_model-h1704-fr","96":"pa_model-mt1301-fr","97":"pa_model-mt14-fr","98":"pa_model-mt1401-fr","99":"pa_model-mt15-fr","100":"pa_model-mt16-fr","101":"pa_model-mt160-fr","102":"pa_model-mt1601-fr","103":"pa_model-mt180-fr","104":"pa_model-mt372-fr","105":"pa_model-mte1800-fr","106":"pa_model-xb-1-fr","107":"pa_model-ym1500-fr","108":"pa_model-ym1500-rouge","109":"pa_model-ym1502-fr","110":"pa_model-ym1510-fr","111":"pa_model-ym1600-fr","112":"pa_model-ym1601-fr","113":"pa_model-ym1602-fr","114":"pa_model-ym1610-fr","115":"pa_model-ym1700-fr","116":"pa_model-ym1702-fr","117":"pa_model-ym1720-fr","118":"pa_model-ym177-fr","119":"pa_model-ym180-fr","120":"pa_model-ym1802-fr","121":"pa_model-ym1810-fr","122":"pa_model-ym1820-fr","123":"pa_model-ym186-fr","124":"pa_model-ym187-fr","125":"pa_model-ym1900-fr","126":"pa_model-ym195-fr","127":"pa_model-ym2000-fr","128":"pa_model-ym2001-fr","129":"pa_model-ym2002-fr","130":"pa_model-ym2010-fr","131":"pa_model-ym2020-fr","132":"pa_model-ym220-fr","133":"pa_model-ym2202-fr","134":"pa_model-ym2210-fr","135":"pa_model-ym2220-fr","136":"pa_model-ym226-fr","137":"pa_model-ym2301-fr","138":"pa_model-ym2310-fr","139":"pa_model-ym240-fr","140":"pa_model-ym2402-fr","141":"pa_model-ym2420-fr","142":"pa_model-ym250-fr","143":"pa_model-ym2610-fr","144":"pa_model-ym2620-fr","145":"pa_model-ym276-fr","146":"pa_model-ym2820-fr","147":"pa_model-ym3110-fr","148":"pa_model-ym3220-fr","149":"pa_model-ym336-fr","150":"pa_model-ym3810-fr","151":"pa_model-ym4220-fr","152":"pa_model-zb1200-fr","153":"pa_model-zb1400-fr","154":"pa_model-zb1500-fr","155":"pa_model-zb1600-fr","157":"first","158":"instock","159":"sale","160":"taxable","161":"shipping-taxable","162":"purchasable","163":"product-type-simple","164":"col-xs-6 col-sm-4","165":"col-md-3 col-lg-3","166":"un-4-cols"},"_links":{"self":[{"href":"https:\/\/shop4trac.com\/fr\/wp-json\/wp\/v2\/product\/23653","targetHints":{"allow":["GET"]}}],"collection":[{"href":"https:\/\/shop4trac.com\/fr\/wp-json\/wp\/v2\/product"}],"about":[{"href":"https:\/\/shop4trac.com\/fr\/wp-json\/wp\/v2\/types\/product"}],"replies":[{"embeddable":true,"href":"https:\/\/shop4trac.com\/fr\/wp-json\/wp\/v2\/comments?post=23653"}],"wp:featuredmedia":[{"embeddable":true,"href":"https:\/\/shop4trac.com\/fr\/wp-json\/wp\/v2\/media\/78868"}],"wp:attachment":[{"href":"https:\/\/shop4trac.com\/fr\/wp-json\/wp\/v2\/media?parent=23653"}],"wp:term":[{"taxonomy":"product_cat","embeddable":true,"href":"https:\/\/shop4trac.com\/fr\/wp-json\/wp\/v2\/product_cat?post=23653"},{"taxonomy":"product_tag","embeddable":true,"href":"https:\/\/shop4trac.com\/fr\/wp-json\/wp\/v2\/product_tag?post=23653"}],"curies":[{"name":"wp","href":"https:\/\/api.w.org\/{rel}","templated":true}]}}