{"id":19679,"date":"2020-02-29T16:47:49","date_gmt":"2020-02-29T15:47:49","guid":{"rendered":"https:\/\/shop4trac.com\/non%20class\u00e9\/regulateur-de-tension-kubota-yanmar-hinomoto\/"},"modified":"2025-10-08T23:56:00","modified_gmt":"2025-10-08T21:56:00","slug":"regulateur-de-tension-kubota-yanmar-hinomoto","status":"publish","type":"product","link":"https:\/\/shop4trac.com\/fr\/pieces-electriques\/regulateur-de-tension\/regulateur-de-tension-kubota-yanmar-hinomoto\/","title":{"rendered":"R\u00e9gulateur de tension Kubota B5200 \u2013 B9200 | KH41 \u2013 KH61"},"content":{"rendered":"<p>R\u00e9gulateur de tension pour diverses machines Kubota.<\/p>\n<p><strong>Emplacement&nbsp;:<\/strong> <span style=\"text-decoration: underline;\">Tableau de bord<\/span><\/p>\n<p><span style=\"text-decoration: underline;\">Ce r\u00e9gulateur de tension convient au Alternateur :<\/span> SKU:120001<\/p>\n<p><strong>Donn\u00e9es techniques :<\/strong><\/p>\n<ul>\n<li>6 connexions<\/li>\n<li>12V<\/li>\n<li><span style=\"font-size: 14px;\">ID du terminal&nbsp;:&nbsp;AC, B-, AC\/L,I,B+<\/span><\/li>\n<\/ul>\n<h2><span style=\"font-size: 14px; color: #666666;\">Kubota<\/span><\/h2>\n<div class=\"short-description value\">\n<ul>\n<li>\n<p class=\"p1\">B1550D, B1550E, B1550HST-D, B1550HST-E,<\/p>\n<\/li>\n<li>\n<p class=\"p1\">B1700D, B1700E, B1700HSD, B1700HSE,<\/p>\n<\/li>\n<li>\n<p class=\"p1\">B1750D, B1750E, B1750HST-D, B1750HST-E,<\/p>\n<\/li>\n<li>\n<p class=\"p1\">B20,<\/p>\n<\/li>\n<li>\n<p class=\"p1\">B2100D, B2100E, B2100HSD, B2100HSE,<\/p>\n<\/li>\n<li>\n<p class=\"p1\">B2150D, B2150E, B2150HSD, B2150HSE,<\/p>\n<\/li>\n<li>\n<p class=\"p1\">B2400D, B2400E, B2400HSD, B2400HSE,<\/p>\n<\/li>\n<li>\n<p class=\"p1\">B2410HSD, B2410HSDB, B2410HSE,<\/p>\n<\/li>\n<li>\n<p class=\"p1\">B2710HSD, B2910HSD,<\/p>\n<\/li>\n<li>\n<p class=\"p1\">B7300HSD, B7400HSD,<\/p>\n<\/li>\n<li>\n<p class=\"p1\">B7500D, B7500DTN, B7500HSD, B7800HSD,<\/p>\n<\/li>\n<li>\n<p class=\"p1\">B9200HST-DP, B9200HST-EP,<\/p>\n<\/li>\n<li>\n<p class=\"p1\">G1700, G1800, G1800-S, G1900, G1900-S, G2000, G2000-S,<\/p>\n<\/li>\n<li>\n<p class=\"p1\">GF1800, GF1800E,<\/p>\n<\/li>\n<li>\n<p class=\"p1\">K-008, K-008(&gt;=20001), K-008&gt;=20001,<\/p>\n<\/li>\n<li>\n<p class=\"p1\">KH-35H, KH-36, KH-41,<\/p>\n<\/li>\n<li>\n<p class=\"p1\">T1600H, T1600H-EUROPE, T1600H-G<\/p>\n<\/li>\n<\/ul>\n<p><strong>Coupe cadette<\/strong><\/p>\n<ul>\n<li>782D, 882, 1512, 1572<\/li>\n<\/ul>\n<p><strong>Num\u00e9ro de r\u00e9f\u00e9rence OEM pour comparaison<\/strong><\/p>\n<ul>\n<li>H1550-64600<\/li>\n<li>15533-64600, 76611-55440<\/li>\n<li>70000-65398<\/li>\n<li>33251-74012, 33251-74010<\/li>\n<\/ul>\n<div class=\"flex-1 overflow-hidden\">\n<div class=\"react-scroll-to-bottom--css-zaxlc-79elbk h-full\">\n<div class=\"react-scroll-to-bottom--css-zaxlc-1n7m0yu\">\n<div class=\"flex flex-col pb-9 text-sm\">\n<div class=\"w-full text-token-text-primary\" data-testid=\"conversation-turn-11\">\n<div class=\"px-4 py-2 justify-center text-base md:gap-6 m-auto\">\n<div class=\"flex flex-1 text-base mx-auto gap-3 md:px-5 lg:px-1 xl:px-5 md:max-w-3xl lg:max-w-[40rem] xl:max-w-[48rem] group final-completion\">\n<div class=\"relative flex w-full flex-col lg:w-[calc(100%-115px)] agent-turn\">\n<div class=\"flex-col gap-1 md:gap-3\">\n<div class=\"flex flex-grow flex-col max-w-full\">\n<div class=\"min-h-[20px] text-message flex flex-col items-start gap-3 whitespace-pre-wrap break-words [.text-message+&amp;]:mt-5 overflow-x-auto\" data-message-author-role=\"assistant\" data-message-id=\"559e6e2e-bf1d-4477-a172-a43917027a3a\">\n<div class=\"markdown prose w-full break-words dark:prose-invert light\">\n<ul>\n<li>h1550-64600, 19267-64600, 15533-64600, 19267-64602, RP201-53710<\/li>\n<li>1286581C1<\/li>\n<\/ul>\n<p>&nbsp;<\/p>\n<\/div>\n<\/div>\n<\/div>\n<\/div>\n<\/div>\n<\/div>\n<\/div>\n<\/div>\n<\/div>\n<\/div>\n<\/div>\n<\/div>\n<\/div>\n","protected":false},"excerpt":{"rendered":"<p>R\u00e9gulateur de tension pour diverses machines Kubota. Emplacement&nbsp;: Tableau de bord Ce r\u00e9gulateur de tension convient au Alternateur : SKU:120001 Donn\u00e9es techniques : 6 connexions 12V ID du terminal&nbsp;:&nbsp;AC, B-, AC\/L,I,B+ Kubota B1550D, B1550E, B1550HST-D, B1550HST-E, B1700D, B1700E, B1700HSD, B1700HSE, B1750D, B1750E, B1750HST-D, B1750HST-E, B20, B2100D, B2100E, B2100HSD, B2100HSE, B2150D, B2150E, B2150HSD, B2150HSE, B2400D, B2400E,&hellip;<\/p>\n","protected":false},"featured_media":34122,"comment_status":"open","ping_status":"closed","template":"","meta":[],"product_cat":[422],"product_tag":[3894],"class_list":{"0":"post-19679","1":"product","2":"type-product","3":"status-publish","4":"has-post-thumbnail","6":"product_cat-regulateur-de-tension","7":"product_tag-snelparts-fr","8":"pa_merk-cup-cadet-fr","9":"pa_merk-kubota-fr","10":"pa_merk-zen-noh-fr","12":"first","13":"instock","14":"sale","15":"taxable","16":"shipping-taxable","17":"purchasable","18":"product-type-simple","19":"col-xs-6 col-sm-4","20":"col-md-3 col-lg-3","21":"un-4-cols"},"_links":{"self":[{"href":"https:\/\/shop4trac.com\/fr\/wp-json\/wp\/v2\/product\/19679","targetHints":{"allow":["GET"]}}],"collection":[{"href":"https:\/\/shop4trac.com\/fr\/wp-json\/wp\/v2\/product"}],"about":[{"href":"https:\/\/shop4trac.com\/fr\/wp-json\/wp\/v2\/types\/product"}],"replies":[{"embeddable":true,"href":"https:\/\/shop4trac.com\/fr\/wp-json\/wp\/v2\/comments?post=19679"}],"wp:featuredmedia":[{"embeddable":true,"href":"https:\/\/shop4trac.com\/fr\/wp-json\/wp\/v2\/media\/34122"}],"wp:attachment":[{"href":"https:\/\/shop4trac.com\/fr\/wp-json\/wp\/v2\/media?parent=19679"}],"wp:term":[{"taxonomy":"product_cat","embeddable":true,"href":"https:\/\/shop4trac.com\/fr\/wp-json\/wp\/v2\/product_cat?post=19679"},{"taxonomy":"product_tag","embeddable":true,"href":"https:\/\/shop4trac.com\/fr\/wp-json\/wp\/v2\/product_tag?post=19679"}],"curies":[{"name":"wp","href":"https:\/\/api.w.org\/{rel}","templated":true}]}}