{"id":19328,"date":"2020-02-29T16:47:19","date_gmt":"2020-02-29T15:47:19","guid":{"rendered":"https:\/\/shop4trac.com\/non%20class\u00e9\/adapteur-pto-kubota-b5000-b5001\/"},"modified":"2025-10-22T16:23:57","modified_gmt":"2025-10-22T14:23:57","slug":"adapteur-pto-kubota-b5000-b5001","status":"publish","type":"product","link":"https:\/\/shop4trac.com\/fr\/autres-pieces\/adaptateur-pto\/adapteur-pto-kubota-b5000-b5001\/","title":{"rendered":"Adaptateur r\u00e9ducteur de prise de force Kubota B5000 | B5001"},"content":{"rendered":"<p>Adaptateur Kubota B5000\/5001 pour la connexion g\u00e9n\u00e9rale \u00e0 la prise de force.<\/p>\n","protected":false},"excerpt":{"rendered":"<p>Adaptateur Kubota B5000\/5001 pour la connexion g\u00e9n\u00e9rale \u00e0 la prise de force.<\/p>\n","protected":false},"featured_media":107601,"comment_status":"open","ping_status":"closed","template":"","meta":[],"product_cat":[448],"product_tag":[3894],"class_list":{"0":"post-19328","1":"product","2":"type-product","3":"status-publish","4":"has-post-thumbnail","6":"product_cat-adaptateur-pto","7":"product_tag-snelparts-fr","8":"pa_merk-kubota-fr","10":"first","11":"outofstock","12":"taxable","13":"shipping-taxable","14":"purchasable","15":"product-type-simple","16":"col-xs-6 col-sm-4","17":"col-md-3 col-lg-3","18":"un-4-cols"},"_links":{"self":[{"href":"https:\/\/shop4trac.com\/fr\/wp-json\/wp\/v2\/product\/19328","targetHints":{"allow":["GET"]}}],"collection":[{"href":"https:\/\/shop4trac.com\/fr\/wp-json\/wp\/v2\/product"}],"about":[{"href":"https:\/\/shop4trac.com\/fr\/wp-json\/wp\/v2\/types\/product"}],"replies":[{"embeddable":true,"href":"https:\/\/shop4trac.com\/fr\/wp-json\/wp\/v2\/comments?post=19328"}],"wp:featuredmedia":[{"embeddable":true,"href":"https:\/\/shop4trac.com\/fr\/wp-json\/wp\/v2\/media\/107601"}],"wp:attachment":[{"href":"https:\/\/shop4trac.com\/fr\/wp-json\/wp\/v2\/media?parent=19328"}],"wp:term":[{"taxonomy":"product_cat","embeddable":true,"href":"https:\/\/shop4trac.com\/fr\/wp-json\/wp\/v2\/product_cat?post=19328"},{"taxonomy":"product_tag","embeddable":true,"href":"https:\/\/shop4trac.com\/fr\/wp-json\/wp\/v2\/product_tag?post=19328"}],"curies":[{"name":"wp","href":"https:\/\/api.w.org\/{rel}","templated":true}]}}