{"id":19326,"date":"2020-02-29T16:47:20","date_gmt":"2020-02-29T15:47:20","guid":{"rendered":"https:\/\/shop4trac.com\/non%20class\u00e9\/adaptateur-pto\/"},"modified":"2026-02-24T07:48:19","modified_gmt":"2026-02-24T06:48:19","slug":"adaptateur-pto-type2","status":"publish","type":"product","link":"https:\/\/shop4trac.com\/fr\/autres-pieces\/adaptateur-pto\/adaptateur-pto-type2\/","title":{"rendered":"Adaptateur d&rsquo;arbre de prise de force Mitsubishi D1100 \u2013 D1550 | MT1301 \u2013 MT1601 | S370D"},"content":{"rendered":"<p>Adaptateur pour la connexion g\u00e9n\u00e9rale \u00e0 la prise de force.<\/p>\n<p><strong>Donn\u00e9es techniques<\/strong><\/p>\n<ul>\n<li>Taille <span style=\"text-decoration: underline\">int\u00e9rieure<\/span> : 18 cannelures 1\u2033 X 18<\/li>\n<li>Dents internes 24\/25 mm<\/li>\n<li>Taille <span style=\"text-decoration: underline\">ext\u00e9rieure<\/span> 1 3\/8\u201d (35 mm) 1,375\u2033 x 6 cannelures<\/li>\n<li>6 cannelures<\/li>\n<\/ul>\n<p>Longueur totale : 133 mm<\/p>\n<p><strong>Kubota  <\/strong><\/p>\n<ul>\n<li>B6000<\/li>\n<\/ul>\n<p><strong>Mitsubishi <\/strong><\/p>\n<ul>\n<li>D1100, D1300, D1500, D1450, D1550, MT1301, MT1401, MT1601<\/li>\n<\/ul>\n<p><strong>Noda<\/strong><\/p>\n<ul>\n<li>NR1301, NR1501<\/li>\n<\/ul>\n<p><strong>Satoh<\/strong><\/p>\n<ul>\n<li>ST1300, ST1510, ST1420, ST1440, ST1520, ST1540<\/li>\n<li>S370, S370D<\/li>\n<\/ul>\n<p><strong>Suzue<\/strong><\/p>\n<ul>\n<li>M1503, M1803, M2001<\/li>\n<\/ul>\n","protected":false},"excerpt":{"rendered":"<p>Adaptateur pour la connexion g\u00e9n\u00e9rale \u00e0 la prise de force. Donn\u00e9es techniques Taille int\u00e9rieure : 18 cannelures 1\u2033 X 18 Dents internes 24\/25 mm Taille ext\u00e9rieure 1 3\/8\u201d (35 mm) 1,375\u2033 x 6 cannelures 6 cannelures Longueur totale : 133 mm Kubota B6000 Mitsubishi D1100, D1300, D1500, D1450, D1550, MT1301, MT1401, MT1601 Noda NR1301, NR1501&hellip;<\/p>\n","protected":false},"featured_media":146891,"comment_status":"open","ping_status":"closed","template":"","meta":[],"product_cat":[448],"product_tag":[3894],"class_list":{"0":"post-19326","1":"product","2":"type-product","3":"status-publish","4":"has-post-thumbnail","6":"product_cat-adaptateur-pto","7":"product_tag-snelparts-fr","8":"pa_merk-kubota-fr","9":"pa_merk-mitsubishi-fr","10":"pa_merk-noda-fr","11":"pa_merk-satoh-fr","12":"pa_merk-suzue-fr","14":"first","15":"instock","16":"sale","17":"taxable","18":"shipping-taxable","19":"purchasable","20":"product-type-simple","21":"col-xs-6 col-sm-4","22":"col-md-3 col-lg-3","23":"un-4-cols"},"_links":{"self":[{"href":"https:\/\/shop4trac.com\/fr\/wp-json\/wp\/v2\/product\/19326","targetHints":{"allow":["GET"]}}],"collection":[{"href":"https:\/\/shop4trac.com\/fr\/wp-json\/wp\/v2\/product"}],"about":[{"href":"https:\/\/shop4trac.com\/fr\/wp-json\/wp\/v2\/types\/product"}],"replies":[{"embeddable":true,"href":"https:\/\/shop4trac.com\/fr\/wp-json\/wp\/v2\/comments?post=19326"}],"wp:featuredmedia":[{"embeddable":true,"href":"https:\/\/shop4trac.com\/fr\/wp-json\/wp\/v2\/media\/146891"}],"wp:attachment":[{"href":"https:\/\/shop4trac.com\/fr\/wp-json\/wp\/v2\/media?parent=19326"}],"wp:term":[{"taxonomy":"product_cat","embeddable":true,"href":"https:\/\/shop4trac.com\/fr\/wp-json\/wp\/v2\/product_cat?post=19326"},{"taxonomy":"product_tag","embeddable":true,"href":"https:\/\/shop4trac.com\/fr\/wp-json\/wp\/v2\/product_tag?post=19326"}],"curies":[{"name":"wp","href":"https:\/\/api.w.org\/{rel}","templated":true}]}}