{"id":19133,"date":"2020-02-29T16:46:27","date_gmt":"2020-02-29T15:46:27","guid":{"rendered":"https:\/\/shop4trac.com\/product\/tuyau-inferieur-du-radiateur-l02-serie\/"},"modified":"2025-08-01T18:45:34","modified_gmt":"2025-08-01T16:45:34","slug":"tuyau-inferieur-du-radiateur-l02-serie","status":"publish","type":"product","link":"https:\/\/shop4trac.com\/fr\/refroidissement-et-radiateurs\/tuyau-de-radiateur\/tuyau-inferieur-du-radiateur-l02-serie\/","title":{"rendered":"Durite de radiateur inf\u00e9rieure s\u00e9rie L02"},"content":{"rendered":"<p>Durite de radiateur inf\u00e9rieure adapt\u00e9e \u00e0&nbsp;:<\/p>\n<p> S\u00e9rie Kubota L02<\/p>\n","protected":false},"excerpt":{"rendered":"<p>Durite de radiateur inf\u00e9rieure adapt\u00e9e \u00e0&nbsp;: S\u00e9rie Kubota L02<\/p>\n","protected":false},"featured_media":10174,"comment_status":"open","ping_status":"open","template":"","meta":[],"product_cat":[434],"product_tag":[3894],"class_list":{"0":"post-19133","1":"product","2":"type-product","3":"status-publish","4":"has-post-thumbnail","6":"product_cat-tuyau-de-radiateur","7":"product_tag-snelparts-fr","9":"first","10":"outofstock","11":"taxable","12":"shipping-taxable","13":"purchasable","14":"product-type-simple","15":"col-xs-6 col-sm-4","16":"col-md-3 col-lg-3","17":"un-4-cols"},"_links":{"self":[{"href":"https:\/\/shop4trac.com\/fr\/wp-json\/wp\/v2\/product\/19133","targetHints":{"allow":["GET"]}}],"collection":[{"href":"https:\/\/shop4trac.com\/fr\/wp-json\/wp\/v2\/product"}],"about":[{"href":"https:\/\/shop4trac.com\/fr\/wp-json\/wp\/v2\/types\/product"}],"replies":[{"embeddable":true,"href":"https:\/\/shop4trac.com\/fr\/wp-json\/wp\/v2\/comments?post=19133"}],"wp:featuredmedia":[{"embeddable":true,"href":"https:\/\/shop4trac.com\/fr\/wp-json\/wp\/v2\/media\/10174"}],"wp:attachment":[{"href":"https:\/\/shop4trac.com\/fr\/wp-json\/wp\/v2\/media?parent=19133"}],"wp:term":[{"taxonomy":"product_cat","embeddable":true,"href":"https:\/\/shop4trac.com\/fr\/wp-json\/wp\/v2\/product_cat?post=19133"},{"taxonomy":"product_tag","embeddable":true,"href":"https:\/\/shop4trac.com\/fr\/wp-json\/wp\/v2\/product_tag?post=19133"}],"curies":[{"name":"wp","href":"https:\/\/api.w.org\/{rel}","templated":true}]}}