{"id":19116,"date":"2020-02-29T16:46:27","date_gmt":"2020-02-29T15:46:27","guid":{"rendered":"https:\/\/shop4trac.com\/product\/tuyau-superieur-du-radiateur-b7000-7001\/"},"modified":"2026-04-01T18:56:06","modified_gmt":"2026-04-01T17:56:06","slug":"tuyau-superieur-du-radiateur-b7000-7001","status":"publish","type":"product","link":"https:\/\/shop4trac.com\/fr\/refroidissement-et-radiateurs\/tuyau-de-radiateur\/tuyau-superieur-du-radiateur-b7000-7001\/","title":{"rendered":"Durite de radiateur sup\u00e9rieure Kubota B6001 \u2013 B7100 | ZB6001 \u2013 ZB7100"},"content":{"rendered":"<p>Durite sup\u00e9rieure du radiateur | Durite de refroidissement adapt\u00e9 pour :<\/p>\n<p><strong>Kubota<\/strong><\/p>\n<ul>\n<li>B6001, B6100, B7000, B7001, B7100<\/li>\n<\/ul>\n<p><strong>Zen-noh<\/strong><\/p>\n<ul>\n<li>ZB6001, ZB6100, ZB7000, ZB7001, ZB7100<\/li>\n<\/ul>\n<p><strong>OEM pour r\u00e9f\u00e9rence<\/strong><\/p>\n<ul>\n<li>153717294-1, 15371-72941<\/li>\n<\/ul>\n","protected":false},"excerpt":{"rendered":"<p>Durite sup\u00e9rieure du radiateur | Durite de refroidissement adapt\u00e9 pour : Kubota B6001, B6100, B7000, B7001, B7100 Zen-noh ZB6001, ZB6100, ZB7000, ZB7001, ZB7100 OEM pour r\u00e9f\u00e9rence 153717294-1, 15371-72941<\/p>\n","protected":false},"featured_media":43608,"comment_status":"open","ping_status":"closed","template":"","meta":[],"product_cat":[434],"product_tag":[3894],"class_list":{"0":"post-19116","1":"product","2":"type-product","3":"status-publish","4":"has-post-thumbnail","6":"product_cat-tuyau-de-radiateur","7":"product_tag-snelparts-fr","8":"pa_merk-kubota-fr","9":"pa_merk-zen-noh-fr","11":"first","12":"instock","13":"sale","14":"taxable","15":"shipping-taxable","16":"purchasable","17":"product-type-simple","18":"col-xs-6 col-sm-4","19":"col-md-3 col-lg-3","20":"un-4-cols"},"_links":{"self":[{"href":"https:\/\/shop4trac.com\/fr\/wp-json\/wp\/v2\/product\/19116","targetHints":{"allow":["GET"]}}],"collection":[{"href":"https:\/\/shop4trac.com\/fr\/wp-json\/wp\/v2\/product"}],"about":[{"href":"https:\/\/shop4trac.com\/fr\/wp-json\/wp\/v2\/types\/product"}],"replies":[{"embeddable":true,"href":"https:\/\/shop4trac.com\/fr\/wp-json\/wp\/v2\/comments?post=19116"}],"wp:featuredmedia":[{"embeddable":true,"href":"https:\/\/shop4trac.com\/fr\/wp-json\/wp\/v2\/media\/43608"}],"wp:attachment":[{"href":"https:\/\/shop4trac.com\/fr\/wp-json\/wp\/v2\/media?parent=19116"}],"wp:term":[{"taxonomy":"product_cat","embeddable":true,"href":"https:\/\/shop4trac.com\/fr\/wp-json\/wp\/v2\/product_cat?post=19116"},{"taxonomy":"product_tag","embeddable":true,"href":"https:\/\/shop4trac.com\/fr\/wp-json\/wp\/v2\/product_tag?post=19116"}],"curies":[{"name":"wp","href":"https:\/\/api.w.org\/{rel}","templated":true}]}}