{"id":19063,"date":"2020-02-29T16:46:09","date_gmt":"2020-02-29T15:46:09","guid":{"rendered":"https:\/\/shop4trac.com\/product\/cle-de-contact-kubota-type-1\/"},"modified":"2025-12-18T19:59:38","modified_gmt":"2025-12-18T17:59:38","slug":"cle-de-contact-cubota-type-1","status":"publish","type":"product","link":"https:\/\/shop4trac.com\/fr\/pieces-electriques\/cle-de-contact\/cle-de-contact-cubota-type-1\/","title":{"rendered":"Cl\u00e9 de contact Kubota K | KX | R | SQL | KH"},"content":{"rendered":"<p>Cl\u00e9 de contact adapt\u00e9e \u00e0 diff\u00e9rents mod\u00e8les Kubota. Elle a \u00e9t\u00e9 s\u00e9lectionn\u00e9e avec le plus grand soin pour trouver des mod\u00e8les compatibles avec elle !<\/p>\n<p><strong>Kubota<\/strong><\/p>\n<ul>\n<li>K008, K008-3<\/li>\n<li>KX91-2, KX101, KX121-2, KX151, KX161-2, KX41H<\/li>\n<li>R310, R310B<\/li>\n<li>R400B, R410, R410B, R420, R420S<\/li>\n<li>R510, R510B, R520, R520S<\/li>\n<li>SQ-1140, SQ-1200, SQ-3170, SQ-3250, SQ-3350<\/li>\n<li>KH101, KH151, KH170<\/li>\n<li>KH35H, KH41, KH51, KH51H, KH61, KH61H, KH66, KH91<\/li>\n<\/ul>\n<p><strong>OEM pour r\u00e9f\u00e9rence<\/strong><\/p>\n<ul>\n<li>RC101-53630<\/li>\n<\/ul>\n<p>Consultez votre ancienne cl\u00e9 pour comparer.<\/p>\n","protected":false},"excerpt":{"rendered":"<p>Cl\u00e9 de contact adapt\u00e9e \u00e0 diff\u00e9rents mod\u00e8les Kubota. Elle a \u00e9t\u00e9 s\u00e9lectionn\u00e9e avec le plus grand soin pour trouver des mod\u00e8les compatibles avec elle ! Kubota K008, K008-3 KX91-2, KX101, KX121-2, KX151, KX161-2, KX41H R310, R310B R400B, R410, R410B, R420, R420S R510, R510B, R520, R520S SQ-1140, SQ-1200, SQ-3170, SQ-3250, SQ-3350 KH101, KH151, KH170 KH35H, KH41,&hellip;<\/p>\n","protected":false},"featured_media":30976,"comment_status":"open","ping_status":"closed","template":"","meta":[],"product_cat":[731],"product_tag":[3894],"class_list":{"0":"post-19063","1":"product","2":"type-product","3":"status-publish","4":"has-post-thumbnail","6":"product_cat-cle-de-contact","7":"product_tag-snelparts-fr","8":"pa_merk-kubota-fr","9":"pa_merk-zen-noh-fr","11":"first","12":"instock","13":"taxable","14":"shipping-taxable","15":"purchasable","16":"product-type-simple","17":"col-xs-6 col-sm-4","18":"col-md-3 col-lg-3","19":"un-4-cols"},"_links":{"self":[{"href":"https:\/\/shop4trac.com\/fr\/wp-json\/wp\/v2\/product\/19063","targetHints":{"allow":["GET"]}}],"collection":[{"href":"https:\/\/shop4trac.com\/fr\/wp-json\/wp\/v2\/product"}],"about":[{"href":"https:\/\/shop4trac.com\/fr\/wp-json\/wp\/v2\/types\/product"}],"replies":[{"embeddable":true,"href":"https:\/\/shop4trac.com\/fr\/wp-json\/wp\/v2\/comments?post=19063"}],"wp:featuredmedia":[{"embeddable":true,"href":"https:\/\/shop4trac.com\/fr\/wp-json\/wp\/v2\/media\/30976"}],"wp:attachment":[{"href":"https:\/\/shop4trac.com\/fr\/wp-json\/wp\/v2\/media?parent=19063"}],"wp:term":[{"taxonomy":"product_cat","embeddable":true,"href":"https:\/\/shop4trac.com\/fr\/wp-json\/wp\/v2\/product_cat?post=19063"},{"taxonomy":"product_tag","embeddable":true,"href":"https:\/\/shop4trac.com\/fr\/wp-json\/wp\/v2\/product_tag?post=19063"}],"curies":[{"name":"wp","href":"https:\/\/api.w.org\/{rel}","templated":true}]}}