{"id":19044,"date":"2020-02-29T16:46:09","date_gmt":"2020-02-29T15:46:09","guid":{"rendered":"https:\/\/shop4trac.com\/product\/interrupteur-dallumage\/"},"modified":"2026-04-07T15:27:10","modified_gmt":"2026-04-07T14:27:10","slug":"interrupteur-dallumage","status":"publish","type":"product","link":"https:\/\/shop4trac.com\/fr\/pieces-electriques\/cle-de-contact\/interrupteur-dallumage\/","title":{"rendered":"Contacteur de d\u00e9marrage g\u00e9n\u00e9ral Kubota | Yanmar | Iseki"},"content":{"rendered":"<h4>Un contacteur de d\u00e9marrage g\u00e9n\u00e9ral \u00e0 brancher sur la plupart des mini-tracteurs.<\/h4>\n<p>Variante disponible avec cl\u00e9 ou avec cl\u00e9 \u00e0 douille.<\/p>\n<h5>Options de position de la cl\u00e9 de ce contacteur de d\u00e9marrage et informations concernant le branchement.<\/h5>\n<table>\n<thead>\n<tr>\n<th>\n<p class=\"p1\"><b>Position de la cl\u00e9<\/b><\/p>\n<\/th>\n<th>\n<p class=\"p1\"><b>Position<\/b><\/p>\n<\/th>\n<th>\n<p class=\"p1\"><b>Branchements actifs<\/b><\/p>\n<\/th>\n<th>\n<p class=\"p1\"><b>Description<\/b><\/p>\n<\/th>\n<\/tr>\n<\/thead>\n<tbody>\n<tr>\n<td>\n<p class=\"p1\"><b>-1 (gauche)<\/b><\/p>\n<\/td>\n<td>\n<p class=\"p1\">GLOW<\/p>\n<\/td>\n<td>\n<p class=\"p1\">B \u2192 BR<\/p>\n<\/td>\n<td>\n<p class=\"p1\">Pr\u00e9chauffage tant que la cl\u00e9 est maintenue<\/p>\n<\/td>\n<\/tr>\n<tr>\n<td>\n<p class=\"p1\"><b>0<\/b><\/p>\n<\/td>\n<td>\n<p class=\"p1\">ARR\u00caT<\/p>\n<\/td>\n<td>\n<p class=\"p1\">Aucun<\/p>\n<\/td>\n<td>\n<p class=\"p1\">Tout est \u00e9teint, cl\u00e9 amovible<\/p>\n<\/td>\n<\/tr>\n<tr>\n<td>\n<p class=\"p1\"><b>1 (droite)<\/b><\/p>\n<\/td>\n<td>\n<p class=\"p1\">MARCHE<\/p>\n<\/td>\n<td>\n<p class=\"p1\">B \u2192 R1, R2, (parfois ACC)<\/p>\n<\/td>\n<td>\n<p class=\"p1\">Contact mis, alimentation du tableau de bord et des soupapes<\/p>\n<\/td>\n<\/tr>\n<tr>\n<td>\n<p class=\"p1\"><b>2<\/b><\/p>\n<\/td>\n<td>\n<p class=\"p1\">D\u00c9MARRAGE<\/p>\n<\/td>\n<td>\n<p class=\"p1\">B \u2192 C + R1\/R2<\/p>\n<\/td>\n<td>\n<p class=\"p1\">D\u00e9marreur activ\u00e9<\/p>\n<\/td>\n<\/tr>\n<\/tbody>\n<\/table>\n<p>&nbsp;<\/p>\n<table>\n<thead>\n<tr>\n<th>\n<p class=\"p1\"><b>Branchement<\/b><\/p>\n<\/th>\n<th>\n<p class=\"p1\"><b>Fonction<\/b><\/p>\n<\/th>\n<th>\n<p class=\"p1\"><b>Actif en position<\/b><\/p>\n<\/th>\n<th>\n<p class=\"p1\"><b>Application<\/b><\/p>\n<\/th>\n<\/tr>\n<\/thead>\n<tbody>\n<tr>\n<td>\n<p class=\"p1\"><b>B<\/b><\/p>\n<\/td>\n<td>\n<p class=\"p1\">Batterie (alimentation 12 V en entr\u00e9e)<\/p>\n<\/td>\n<td>\n<p class=\"p1\">Toujours<\/p>\n<\/td>\n<td>\n<p class=\"p1\">Alimentation pour contact interne<\/p>\n<\/td>\n<\/tr>\n<tr>\n<td>\n<p class=\"p1\"><b>BR<\/b><\/p>\n<\/td>\n<td>\n<p class=\"p1\">Glow (pr\u00e9chauffage)<\/p>\n<\/td>\n<td>\n<p class=\"p1\">Uniquement en <span class=\"s1\"><b>-1<\/b><\/span><\/p>\n<\/td>\n<td>\n<p class=\"p1\">Vers le relais de pr\u00e9chauffage ou les bougies de pr\u00e9chauffage directes<\/p>\n<\/td>\n<\/tr>\n<tr>\n<td>\n<p class=\"p1\"><b>R1<\/b><\/p>\n<\/td>\n<td>\n<p class=\"p1\">Run 1 (contact principal)<\/p>\n<\/td>\n<td>\n<p class=\"p1\">Position <span class=\"s1\"><b>1 &amp; 2<\/b><\/span><\/p>\n<\/td>\n<td>\n<p class=\"p1\">Tableau de bord, relais, bo\u00eetier \u00e0 fusibles, fonction moteur<\/p>\n<\/td>\n<\/tr>\n<tr>\n<td>\n<p class=\"p1\"><b>R2<\/b><\/p>\n<\/td>\n<td>\n<p class=\"p1\">Run 2 (alimentation secondaire)<\/p>\n<\/td>\n<td>\n<p class=\"p1\">Position <span class=\"s1\"><b>1 &amp; 2<\/b><\/span><\/p>\n<\/td>\n<td>\n<p class=\"p1\">Lampe de contr\u00f4le de pr\u00e9chauffage, circuits suppl\u00e9mentaires<\/p>\n<\/td>\n<\/tr>\n<tr>\n<td>\n<p class=\"p1\"><b>C<\/b><\/p>\n<\/td>\n<td>\n<p class=\"p1\"><span class=\"s1\"><b>START<\/b><\/span> \/ vers le relais de d\u00e9marrage ou le d\u00e9marreur<\/p>\n<\/td>\n<td>\n<p class=\"p1\">Uniquement en <span class=\"s1\"><b>position 2<\/b><\/span><\/p>\n<\/td>\n<td>\n<p class=\"p1\">Commande le d\u00e9marreur ou le relais de d\u00e9marrage<\/p>\n<\/td>\n<\/tr>\n<tr>\n<td>\n<p class=\"p1\"><b>ACC<\/b><\/p>\n<\/td>\n<td>\n<p class=\"p1\">Accessoire<\/p>\n<\/td>\n<td>\n<p class=\"p1\">Parfois uniquement en <span class=\"s1\"><b>position 1<\/b><\/span><\/p>\n<\/td>\n<td>\n<p class=\"p1\">Radio, \u00e9clairage (rarement c\u00e2bl\u00e9 sur les tracteurs)<\/p>\n<\/td>\n<\/tr>\n<\/tbody>\n<\/table>\n<p>&nbsp;<\/p>\n<p>Exemples de mod\u00e8les pour lesquels ce contacteur de d\u00e9marrage peut \u00eatre utilis\u00e9 :<\/p>\n<p><strong>Iseki  <\/strong><\/p>\n<ul>\n<li>Landleader s\u00e9rie TA, Sial : s\u00e9rie TF, TL, Landhope TU, TK<\/li>\n<\/ul>\n<p><strong>Bolens<\/strong><\/p>\n<p><strong>Kubota  <\/strong><\/p>\n<ul>\n<li>Mod\u00e8les de la s\u00e9rie B<\/li>\n<\/ul>\n<p><strong>Yanmar<\/strong><\/p>\n","protected":false},"excerpt":{"rendered":"<p>Un contacteur de d\u00e9marrage g\u00e9n\u00e9ral \u00e0 brancher sur la plupart des mini-tracteurs. Variante disponible avec cl\u00e9 ou avec cl\u00e9 \u00e0 douille. Options de position de la cl\u00e9 de ce contacteur de d\u00e9marrage et informations concernant le branchement. Position de la cl\u00e9 Position Branchements actifs Description -1 (gauche) GLOW B \u2192 BR Pr\u00e9chauffage tant que la&hellip;<\/p>\n","protected":false},"featured_media":34022,"comment_status":"open","ping_status":"open","template":"","meta":[],"product_cat":[731],"product_tag":[3894],"class_list":{"0":"post-19044","1":"product","2":"type-product","3":"status-publish","4":"has-post-thumbnail","6":"product_cat-cle-de-contact","7":"product_tag-snelparts-fr","8":"pa_merk-agco-fr","9":"pa_merk-agria-fr","10":"pa_merk-airman-fr","11":"pa_merk-aixam-fr","12":"pa_merk-allis-chalmers-fr","13":"pa_merk-ami-fr","14":"pa_merk-antonio-carraro-fr","15":"pa_merk-atlas-fr","16":"pa_merk-ausa-fr","17":"pa_merk-avant-fr","18":"pa_merk-bcs-fr","19":"pa_merk-bertolini-fr","20":"pa_merk-beta-fr","21":"pa_merk-bobcat-fr","22":"pa_merk-bolens-fr","23":"pa_merk-branson-fr","24":"pa_merk-captain-tractor-fr","25":"pa_merk-carraro-fr","26":"pa_merk-casalini-fr","27":"pa_merk-case-fr","28":"pa_merk-case-ih-fr","29":"pa_merk-caterpillar-fr","30":"pa_merk-challenger-fr","31":"pa_merk-craftsman-marine-fr","32":"pa_merk-cub-cadet-fr","33":"pa_merk-cup-cadet-fr","34":"pa_merk-daewoo-fr","35":"pa_merk-denyo-fr","36":"pa_merk-deutz-fr","37":"pa_merk-deutz-allis-fr","38":"pa_merk-doosan-fr","39":"pa_merk-eurocomach-fr","40":"pa_merk-eurotrac-fr","41":"pa_merk-farmtrac-fr","42":"pa_merk-ferrari-agri-fr","43":"pa_merk-ford-fr","44":"pa_merk-gehl-fr","45":"pa_merk-genie-fr","46":"pa_merk-gianni-ferrari-fr","47":"pa_merk-giant-fr","48":"pa_merk-goldoni-fr","49":"pa_merk-gutbrod-fr","50":"pa_merk-hako-fr","51":"pa_merk-hanix-fr","52":"pa_merk-hfl-fr","53":"pa_merk-hinomoto-fr","54":"pa_merk-hitachi-fr","55":"pa_merk-holder-fr","56":"pa_merk-hyundai-fr","57":"pa_merk-ingersoll-rand-fr","58":"pa_merk-iseki-fr","59":"pa_merk-j-f-marine-power-fr","60":"pa_merk-jcb-fr","61":"pa_merk-john-deere-fr","62":"pa_merk-jungheinrich-fr","63":"pa_merk-kawasaki-fr","64":"pa_merk-kioti-fr","65":"pa_merk-knikmops-fr","66":"pa_merk-kobelco-fr","67":"pa_merk-komatsu-fr","68":"pa_merk-kubota-fr","69":"pa_merk-kumiai-fr","70":"pa_merk-lamborghini-fr","71":"pa_merk-landini-fr","72":"pa_merk-landtrac-fr","73":"pa_merk-lokari-fr","74":"pa_merk-magnum-fr","75":"pa_merk-mahindra-fr","76":"pa_merk-manitou-fr","77":"pa_merk-massey-ferguson-fr","78":"pa_merk-mastervolt-fr","79":"pa_merk-mitsubishi-fr","80":"pa_merk-mustang-fr","81":"pa_merk-nagano-fr","82":"pa_merk-nanni-fr","83":"pa_merk-new-holland-fr","84":"pa_merk-noda-fr","85":"pa_merk-ok-fr","86":"pa_merk-pasquali-fr","87":"pa_merk-peljob-fr","88":"pa_merk-perkins-fr","89":"pa_merk-ransomes-fr","90":"pa_merk-samofa-fr","91":"pa_merk-satoh-fr","92":"pa_merk-schaeff-fr","93":"pa_merk-schaffer-fr","94":"pa_merk-sdmo-fr","95":"pa_merk-shibaura-fr","96":"pa_merk-simplicity-fr","97":"pa_merk-sole-diesel-fr","98":"pa_merk-solis-fr","99":"pa_merk-sumitomo-fr","100":"pa_merk-suzue-fr","101":"pa_merk-takeuchi-fr","102":"pa_merk-takeushi-fr","103":"pa_merk-tcm-fr","104":"pa_merk-technogen-fr","105":"pa_merk-teksan-fr","106":"pa_merk-terex-fr","107":"pa_merk-thermoking-fr","108":"pa_merk-toro-fr","109":"pa_merk-triton-fr","110":"pa_merk-trixon-fr","111":"pa_merk-tym-fr","112":"pa_merk-vetus-fr","113":"pa_merk-volvo-fr","114":"pa_merk-wacker-neuson-fr","115":"pa_merk-weidemann-fr","116":"pa_merk-westerbeke-fr","117":"pa_merk-whisper-power-fr","118":"pa_merk-white-fr","119":"pa_merk-white-field-boss-fr","120":"pa_merk-white-oliver-fr","121":"pa_merk-yanmar-fr","122":"pa_merk-zen-noh-fr","123":"pa_merk-zeppelin-fr","125":"first","126":"instock","127":"taxable","128":"shipping-taxable","129":"purchasable","130":"product-type-variable","131":"col-xs-6 col-sm-4","132":"col-md-3 col-lg-3","133":"un-4-cols"},"_links":{"self":[{"href":"https:\/\/shop4trac.com\/fr\/wp-json\/wp\/v2\/product\/19044","targetHints":{"allow":["GET"]}}],"collection":[{"href":"https:\/\/shop4trac.com\/fr\/wp-json\/wp\/v2\/product"}],"about":[{"href":"https:\/\/shop4trac.com\/fr\/wp-json\/wp\/v2\/types\/product"}],"replies":[{"embeddable":true,"href":"https:\/\/shop4trac.com\/fr\/wp-json\/wp\/v2\/comments?post=19044"}],"wp:featuredmedia":[{"embeddable":true,"href":"https:\/\/shop4trac.com\/fr\/wp-json\/wp\/v2\/media\/34022"}],"wp:attachment":[{"href":"https:\/\/shop4trac.com\/fr\/wp-json\/wp\/v2\/media?parent=19044"}],"wp:term":[{"taxonomy":"product_cat","embeddable":true,"href":"https:\/\/shop4trac.com\/fr\/wp-json\/wp\/v2\/product_cat?post=19044"},{"taxonomy":"product_tag","embeddable":true,"href":"https:\/\/shop4trac.com\/fr\/wp-json\/wp\/v2\/product_tag?post=19044"}],"curies":[{"name":"wp","href":"https:\/\/api.w.org\/{rel}","templated":true}]}}