{"id":18999,"date":"2020-02-29T16:46:35","date_gmt":"2020-02-29T15:46:35","guid":{"rendered":"https:\/\/shop4trac.com\/product\/pompe-hydraulique-kubota-b-serie\/"},"modified":"2026-03-23T09:19:09","modified_gmt":"2026-03-23T08:19:09","slug":"pompe-hydraulique-cubota-serie-b","status":"publish","type":"product","link":"https:\/\/shop4trac.com\/fr\/pieces-de-moteur\/pompe-hydraulique\/pompe-hydraulique-cubota-serie-b\/","title":{"rendered":"Pompe hydraulique Kubota B1200 \u2013 B7100 | B1-10 | B1-17"},"content":{"rendered":"<p><span style=\"text-decoration: underline;\">Note : Haute qualit\u00e9 de la part d&rsquo;un fournisseur certifi\u00e9 !<\/span><\/p>\n<p><span style=\"text-decoration: underline;\">Livr\u00e9 avec joint !<\/span><\/p>\n<p><strong>Rotation \u00e0 droite (CW)<\/strong><\/p>\n<p><strong>Pompe hydraulique<\/strong> adapt\u00e9e aux types suivants :<\/p>\n<p><strong>Kubota<\/strong> :<\/p>\n<ul>\n<li>B1200, B1400, B1402, B1500, B1502, B1600, B1702, B5000, B5001, B5100, B6000, B6001, B6100, B7000, B7001, B7100<\/li>\n<li>B1-10, B1-14, B1-15, B1-16, B1-17<\/li>\n<li>XB1<\/li>\n<\/ul>\n<p><strong>Moteur<\/strong><\/p>\n<ul>\n<li>D750, D850, D950<\/li>\n<li>Z500<\/li>\n<\/ul>\n<p><strong>Zen-noh<\/strong><\/p>\n<ul>\n<li>ZB1200, ZB1400, ZB1402, ZB1500, ZB1502, ZB1600, ZB5000, ZB5001, ZB5100, ZB6000, ZB6001, ZB6100, ZB7000, ZB7001, ZB7100<\/li>\n<\/ul>\n<p><strong>Titulaire<\/strong><\/p>\n<ul>\n<li>C20, C30<\/li>\n<\/ul>\n<p><strong>Tailles  <\/strong><\/p>\n<ul>\n<li>Diam\u00e8tre d&rsquo;entr\u00e9e : fil de 20 mm<\/li>\n<li>Diam\u00e8tre de sortie : fil de 16 mm<\/li>\n<\/ul>\n<p><strong>Sp\u00e9cifications techniques<\/strong><\/p>\n<ul>\n<li>Sens de rotation : \u00e0 droite<\/li>\n<li>D\u00e9bit : 8,2 cm3<\/li>\n<li>Max. pression de service : 180 bars<\/li>\n<li>D\u00e9bit \u00e0 1500 tr\/min : 12,3 litres<\/li>\n<\/ul>\n<p><strong>R\u00e9f\u00e9rence OEM :<\/strong><\/p>\n<ul>\n<li>6781076100 \/ 67810-76100 \/ 67810-7610-0<\/li>\n<li>6659136101 \/ 66591-36101 \/ 66591-3610-1<\/li>\n<li>6662136102 \/ 66621-36102 \/ 66621-3610-2<\/li>\n<li>66621-36101, 66621-3610-1, 6662136101<\/li>\n<li>67211-76100, 67211-7610-0, 6721176100<\/li>\n<li>GPO120R, GP0120R<\/li>\n<\/ul>\n","protected":false},"excerpt":{"rendered":"<p>Note : Haute qualit\u00e9 de la part d&rsquo;un fournisseur certifi\u00e9 ! Livr\u00e9 avec joint ! Rotation \u00e0 droite (CW) Pompe hydraulique adapt\u00e9e aux types suivants : Kubota : B1200, B1400, B1402, B1500, B1502, B1600, B1702, B5000, B5001, B5100, B6000, B6001, B6100, B7000, B7001, B7100 B1-10, B1-14, B1-15, B1-16, B1-17 XB1 Moteur D750, D850, D950 Z500&hellip;<\/p>\n","protected":false},"featured_media":149161,"comment_status":"open","ping_status":"closed","template":"","meta":[],"product_cat":[455,449],"product_tag":[3894],"class_list":{"0":"post-18999","1":"product","2":"type-product","3":"status-publish","4":"has-post-thumbnail","6":"product_cat-pompe-hydraulique","7":"product_cat-pieces-de-moteur","8":"product_tag-snelparts-fr","9":"pa_merk-holder-fr","10":"pa_merk-kubota-fr","11":"pa_merk-zen-noh-fr","12":"pa_model-b1-10-fr","13":"pa_model-b1-14-fr","14":"pa_model-b1-15-fr","15":"pa_model-b1200-fr","16":"pa_model-b1400-fr","17":"pa_model-b1402-fr","18":"pa_model-b1500-fr","19":"pa_model-b1502-fr","20":"pa_model-b1550-fr","21":"pa_model-b1600-fr","22":"pa_model-b1702-fr","23":"pa_model-b1750-fr","24":"pa_model-b5000-fr","25":"pa_model-b5001-fr","26":"pa_model-b5100-fr","27":"pa_model-b6000-fr","28":"pa_model-b6001-fr","29":"pa_model-b6100-fr","30":"pa_model-b7000-fr","31":"pa_model-b7001-fr","32":"pa_model-b7100-fr","33":"pa_model-b7200-fr","34":"pa_model-b8200hs-fr","35":"pa_model-xb1-fr","36":"pa_motor-d750-fr","37":"pa_motor-d850-fr","38":"pa_motor-d950-fr","39":"pa_motor-z500-fr","40":"pa_motor-zl600-fr","42":"first","43":"instock","44":"sale","45":"featured","46":"taxable","47":"shipping-taxable","48":"purchasable","49":"product-type-simple","50":"col-xs-6 col-sm-4","51":"col-md-3 col-lg-3","52":"un-4-cols"},"_links":{"self":[{"href":"https:\/\/shop4trac.com\/fr\/wp-json\/wp\/v2\/product\/18999","targetHints":{"allow":["GET"]}}],"collection":[{"href":"https:\/\/shop4trac.com\/fr\/wp-json\/wp\/v2\/product"}],"about":[{"href":"https:\/\/shop4trac.com\/fr\/wp-json\/wp\/v2\/types\/product"}],"replies":[{"embeddable":true,"href":"https:\/\/shop4trac.com\/fr\/wp-json\/wp\/v2\/comments?post=18999"}],"wp:featuredmedia":[{"embeddable":true,"href":"https:\/\/shop4trac.com\/fr\/wp-json\/wp\/v2\/media\/149161"}],"wp:attachment":[{"href":"https:\/\/shop4trac.com\/fr\/wp-json\/wp\/v2\/media?parent=18999"}],"wp:term":[{"taxonomy":"product_cat","embeddable":true,"href":"https:\/\/shop4trac.com\/fr\/wp-json\/wp\/v2\/product_cat?post=18999"},{"taxonomy":"product_tag","embeddable":true,"href":"https:\/\/shop4trac.com\/fr\/wp-json\/wp\/v2\/product_tag?post=18999"}],"curies":[{"name":"wp","href":"https:\/\/api.w.org\/{rel}","templated":true}]}}